{"id":13548,"date":"2024-04-04T02:09:06","date_gmt":"2024-04-04T00:09:06","guid":{"rendered":"https:\/\/candelaorganic.com\/de\/?post_type=product&#038;p=13548"},"modified":"2025-11-26T23:11:17","modified_gmt":"2025-11-26T22:11:17","slug":"sacha-inchi-umhuellt-von-70iger-bio-schokolade","status":"publish","type":"product","link":"https:\/\/candelaorganic.com\/de\/producto\/sacha-inchi-umhuellt-von-70iger-bio-schokolade\/","title":{"rendered":"Sacha Inchi umh\u00fcllt von 70%iger Bio-Schokolade"},"content":{"rendered":"<p>Sacha Inchi, auch bekannt als \u201eErdnuss der Inkas\u201c, ist eine sehr nahrhafte Nuss, die zahlreiche gesundheitliche Vorteile bietet. Sie ist eine der reichsten pflanzlichen Quellen f\u00fcr Omega-3-Fetts\u00e4uren, insbesondere f\u00fcr Alpha-Linolens\u00e4ure (ALA). Diese Fetts\u00e4uren sind wichtig f\u00fcr die Gesundheit des Herz-Kreislauf-Systems, da sie dazu beitragen k\u00f6nnen, den LDL-Cholesterinspiegel zu senken und gesunde Arterien zu f\u00f6rdern. Dar\u00fcber hinaus ist Sacha Inchi reich an Proteinen, was sie zu einer ausgezeichneten Wahl f\u00fcr Vegetarier und Veganer macht, die auf eine ausreichende Proteinzufuhr in ihrer Ern\u00e4hrung achten. Eiwei\u00df ist wichtig f\u00fcr das Wachstum und die Reparatur von Gewebe sowie f\u00fcr die Muskelfunktion.<\/p>\n<p>Zus\u00e4tzlich zu seinem vorteilhaften Lipidprofil ist Sacha Inchi eine Quelle von Antioxidantien wie Vitamin E und Flavonoiden, die dazu beitragen, oxidativen Stress im K\u00f6rper zu bek\u00e4mpfen und chronischen Krankheiten vorzubeugen. Sie ist auch eine gute Quelle f\u00fcr Ballaststoffe, die die Verdauung unterst\u00fctzen, das S\u00e4ttigungsgef\u00fchl f\u00f6rdern und zu einem stabilen Blutzuckerspiegel beitragen. Sacha Inchi ist eine vielseitige Nuss, die als Snack genossen oder in Salaten, Joghurts und Smoothies verarbeitet werden kann, um von ihren ern\u00e4hrungsphysiologischen Vorteilen zu profitieren. In Schokolade getaucht ist sie eine Delikatesse.<\/p>\n<p>&nbsp;<\/p>\n<div class=\"text-wrap\"><strong><span class=\"subtitle\" style=\"color: #f1b434;\">EIGENSCHAFTEN UND VORTEILE<\/span><\/strong><\/div>\n<ul>\n<li aria-level=\"1\">N\u00e4hrstoffreiche K\u00f6stlichkeit: Erleben Sie eine Verschmelzung von Geschmack und Werten, die Ihren K\u00f6rper und Ihre Seele n\u00e4hrt, hergestellt mit Sacha Inchi und 70% Bio-Schokolade f\u00fcr einen gesunden Genuss.<\/li>\n<li aria-level=\"1\">Essentielle N\u00e4hrstoffharmonie: Genie\u00dfen Sie die G\u00fcte der essentiellen N\u00e4hrstoffe, die sorgf\u00e4ltig aus nachhaltigen Quellen zusammengestellt wurden und eine Mischung aus Wellness und exquisitem Geschmack bieten.<\/li>\n<li aria-level=\"1\">Schuldfreie Befriedigung: G\u00f6nnen Sie sich einen Genuss, der Ihr Engagement f\u00fcr ethische Entscheidungen verk\u00f6rpert, denn Sacha Inchi und 70%ige Bio-Schokolade vereinen sich zu einem Genuss, der mit Ihren Werten \u00fcbereinstimmt.<\/li>\n<li aria-level=\"1\">Nat\u00fcrlich Energie tanken: Versorgen Sie Ihren K\u00f6rper mit nat\u00fcrlicher Energie aus der harmonischen Kombination von Sacha Inchi und 70%iger Bio-Schokolade \u2013 perfekt f\u00fcr einen aktiven Lebensstil.<\/li>\n<li aria-level=\"1\">T\u00e4gliches Wellness-Ritual: Steigern Sie Ihr Wohlbefinden mit jedem Bissen, denn die gesunde Mischung aus Sacha Inchi und 70%iger Bio-Schokolade wird zu einem Teil Ihrer t\u00e4glichen Reise zu Vitalit\u00e4t und Ausgeglichenheit.<\/li>\n<li aria-level=\"1\">Zutaten: Sacha Inchi, Bio-Zucker, Bio-Kakaolik\u00f6r, Bio-Kakaobutter, Gummiarabikum und Wasser.<\/li>\n<\/ul>\n<div class=\"text-wrap\">\n<div class=\"text-wrap\"><\/div>\n<\/div>\n","protected":false},"excerpt":{"rendered":"<div class=\"title\">\n<div class=\"title\">\n<div class=\"title\">\n<div class=\"title\">\n<div class=\"title\"><strong><span class=\"name\" style=\"color: #f1b434;\">\/ THEOBROMA CACAO &amp; PLUKENETIA VOLUBILIS \/<\/span><\/strong><\/div>\n<p>Begeben Sie sich auf ein sensorisches Abenteuer, das bewusste Beschaffung und sorgf\u00e4ltige Kunst von der Bohne bis zur Tafel vereint. Unser nachhaltig angebauter Sacha Inchi, umh\u00fcllt von samtiger 70%iger Bio-Schokolade, l\u00e4dt Sie zu einer Symphonie von Aromen und Werten ein, die Ihr Naschen zu einem nahrhaften und k\u00f6stlichen Erlebnis werden l\u00e4sst.<\/p>\n<\/div>\n<\/div>\n<\/div>\n<\/div>\n","protected":false},"featured_media":11781,"comment_status":"open","ping_status":"closed","template":"","meta":{"editor_notices":[]},"product_cat":[121],"product_tag":[],"yoast_head":"<!-- This site is optimized with the Yoast SEO plugin v23.5 - https:\/\/yoast.com\/wordpress\/plugins\/seo\/ -->\n<title>Sacha Inchi umh\u00fcllt von 70%iger Bio-Schokolade - Candela Organic<\/title>\n<meta name=\"description\" content=\"Sacha Inchi, auch \u201eErdnuss der Inkas\u201c genannt, ist eine \u00e4u\u00dferst nahrhafte Nuss, die zahlreiche gesundheitliche Vorteile bietet.\" \/>\n<meta name=\"robots\" content=\"index, follow, max-snippet:-1, max-image-preview:large, max-video-preview:-1\" \/>\n<link rel=\"canonical\" href=\"https:\/\/candelaorganic.com\/de\/producto\/sacha-inchi-umhuellt-von-70iger-bio-schokolade\/\" \/>\n<meta property=\"og:locale\" content=\"de_DE\" \/>\n<meta property=\"og:type\" content=\"article\" \/>\n<meta property=\"og:title\" content=\"Sacha Inchi umh\u00fcllt von 70%iger Bio-Schokolade - Candela Organic\" \/>\n<meta property=\"og:description\" content=\"Sacha Inchi, auch \u201eErdnuss der Inkas\u201c genannt, ist eine \u00e4u\u00dferst nahrhafte Nuss, die zahlreiche gesundheitliche Vorteile bietet.\" \/>\n<meta property=\"og:url\" content=\"https:\/\/candelaorganic.com\/de\/producto\/sacha-inchi-umhuellt-von-70iger-bio-schokolade\/\" \/>\n<meta property=\"og:site_name\" content=\"Candela Organic\" \/>\n<meta property=\"article:modified_time\" content=\"2025-11-26T22:11:17+00:00\" \/>\n<meta property=\"og:image\" content=\"https:\/\/candelaorganic.com\/de\/wp-content\/uploads\/sites\/14\/2024\/04\/Sacha-Inchi-70-cover-product-image.webp\" \/>\n\t<meta property=\"og:image:width\" content=\"1069\" \/>\n\t<meta property=\"og:image:height\" content=\"1080\" \/>\n\t<meta property=\"og:image:type\" content=\"image\/webp\" \/>\n<meta name=\"twitter:card\" content=\"summary_large_image\" \/>\n<meta name=\"twitter:label1\" content=\"Gesch\u00e4tzte Lesezeit\" \/>\n\t<meta name=\"twitter:data1\" content=\"3\u00a0Minuten\" \/>\n<script type=\"application\/ld+json\" class=\"yoast-schema-graph\">{\"@context\":\"https:\/\/schema.org\",\"@graph\":[{\"@type\":\"WebPage\",\"@id\":\"https:\/\/candelaorganic.com\/de\/producto\/sacha-inchi-umhuellt-von-70iger-bio-schokolade\/\",\"url\":\"https:\/\/candelaorganic.com\/de\/producto\/sacha-inchi-umhuellt-von-70iger-bio-schokolade\/\",\"name\":\"Sacha Inchi umh\u00fcllt von 70%iger Bio-Schokolade - Candela Organic\",\"isPartOf\":{\"@id\":\"https:\/\/candelaorganic.com\/de\/#website\"},\"primaryImageOfPage\":{\"@id\":\"https:\/\/candelaorganic.com\/de\/producto\/sacha-inchi-umhuellt-von-70iger-bio-schokolade\/#primaryimage\"},\"image\":{\"@id\":\"https:\/\/candelaorganic.com\/de\/producto\/sacha-inchi-umhuellt-von-70iger-bio-schokolade\/#primaryimage\"},\"thumbnailUrl\":\"https:\/\/candelaorganic.com\/de\/wp-content\/uploads\/sites\/14\/2024\/04\/Sacha-Inchi-70-cover-product-image.webp\",\"datePublished\":\"2024-04-04T00:09:06+00:00\",\"dateModified\":\"2025-11-26T22:11:17+00:00\",\"description\":\"Sacha Inchi, auch \u201eErdnuss der Inkas\u201c genannt, ist eine \u00e4u\u00dferst nahrhafte Nuss, die zahlreiche gesundheitliche Vorteile bietet.\",\"breadcrumb\":{\"@id\":\"https:\/\/candelaorganic.com\/de\/producto\/sacha-inchi-umhuellt-von-70iger-bio-schokolade\/#breadcrumb\"},\"inLanguage\":\"de\",\"potentialAction\":[{\"@type\":\"ReadAction\",\"target\":[\"https:\/\/candelaorganic.com\/de\/producto\/sacha-inchi-umhuellt-von-70iger-bio-schokolade\/\"]}]},{\"@type\":\"ImageObject\",\"inLanguage\":\"de\",\"@id\":\"https:\/\/candelaorganic.com\/de\/producto\/sacha-inchi-umhuellt-von-70iger-bio-schokolade\/#primaryimage\",\"url\":\"https:\/\/candelaorganic.com\/de\/wp-content\/uploads\/sites\/14\/2024\/04\/Sacha-Inchi-70-cover-product-image.webp\",\"contentUrl\":\"https:\/\/candelaorganic.com\/de\/wp-content\/uploads\/sites\/14\/2024\/04\/Sacha-Inchi-70-cover-product-image.webp\",\"width\":1069,\"height\":1080},{\"@type\":\"BreadcrumbList\",\"@id\":\"https:\/\/candelaorganic.com\/de\/producto\/sacha-inchi-umhuellt-von-70iger-bio-schokolade\/#breadcrumb\",\"itemListElement\":[{\"@type\":\"ListItem\",\"position\":1,\"name\":\"Produkte\",\"item\":\"https:\/\/candelaorganic.com\/de\/produkte\/\"},{\"@type\":\"ListItem\",\"position\":2,\"name\":\"Massennahrung\",\"item\":\"https:\/\/candelaorganic.com\/de\/tienda\/massennahrung\/\"},{\"@type\":\"ListItem\",\"position\":3,\"name\":\"Snacks\",\"item\":\"https:\/\/candelaorganic.com\/de\/tienda\/massennahrung\/snacks-bulk\/\"},{\"@type\":\"ListItem\",\"position\":4,\"name\":\"70 % Kakao\",\"item\":\"https:\/\/candelaorganic.com\/de\/tienda\/massennahrung\/snacks-bulk\/70-kakao\/\"},{\"@type\":\"ListItem\",\"position\":5,\"name\":\"Sacha Inchi umh\u00fcllt von 70%iger Bio-Schokolade\"}]},{\"@type\":\"WebSite\",\"@id\":\"https:\/\/candelaorganic.com\/de\/#website\",\"url\":\"https:\/\/candelaorganic.com\/de\/\",\"name\":\"Candela Organic\",\"description\":\"Wir erh\u00f6hen die Lebensmittelstandards\",\"publisher\":{\"@id\":\"https:\/\/candelaorganic.com\/de\/#organization\"},\"potentialAction\":[{\"@type\":\"SearchAction\",\"target\":{\"@type\":\"EntryPoint\",\"urlTemplate\":\"https:\/\/candelaorganic.com\/de\/?s={search_term_string}\"},\"query-input\":{\"@type\":\"PropertyValueSpecification\",\"valueRequired\":true,\"valueName\":\"search_term_string\"}}],\"inLanguage\":\"de\"},{\"@type\":\"Organization\",\"@id\":\"https:\/\/candelaorganic.com\/de\/#organization\",\"name\":\"Candela Organic\",\"url\":\"https:\/\/candelaorganic.com\/de\/\",\"logo\":{\"@type\":\"ImageObject\",\"inLanguage\":\"de\",\"@id\":\"https:\/\/candelaorganic.com\/de\/#\/schema\/logo\/image\/\",\"url\":\"https:\/\/candelaorganic.com\/de\/wp-content\/uploads\/sites\/14\/2024\/04\/Logotype.webp\",\"contentUrl\":\"https:\/\/candelaorganic.com\/de\/wp-content\/uploads\/sites\/14\/2024\/04\/Logotype.webp\",\"width\":256,\"height\":52,\"caption\":\"Candela Organic\"},\"image\":{\"@id\":\"https:\/\/candelaorganic.com\/de\/#\/schema\/logo\/image\/\"}}]}<\/script>\n<!-- \/ Yoast SEO plugin. -->","yoast_head_json":{"title":"Sacha Inchi umh\u00fcllt von 70%iger Bio-Schokolade - Candela Organic","description":"Sacha Inchi, auch \u201eErdnuss der Inkas\u201c genannt, ist eine \u00e4u\u00dferst nahrhafte Nuss, die zahlreiche gesundheitliche Vorteile bietet.","robots":{"index":"index","follow":"follow","max-snippet":"max-snippet:-1","max-image-preview":"max-image-preview:large","max-video-preview":"max-video-preview:-1"},"canonical":"https:\/\/candelaorganic.com\/de\/producto\/sacha-inchi-umhuellt-von-70iger-bio-schokolade\/","og_locale":"de_DE","og_type":"article","og_title":"Sacha Inchi umh\u00fcllt von 70%iger Bio-Schokolade - Candela Organic","og_description":"Sacha Inchi, auch \u201eErdnuss der Inkas\u201c genannt, ist eine \u00e4u\u00dferst nahrhafte Nuss, die zahlreiche gesundheitliche Vorteile bietet.","og_url":"https:\/\/candelaorganic.com\/de\/producto\/sacha-inchi-umhuellt-von-70iger-bio-schokolade\/","og_site_name":"Candela Organic","article_modified_time":"2025-11-26T22:11:17+00:00","og_image":[{"width":1069,"height":1080,"url":"https:\/\/candelaorganic.com\/de\/wp-content\/uploads\/sites\/14\/2024\/04\/Sacha-Inchi-70-cover-product-image.webp","type":"image\/webp"}],"twitter_card":"summary_large_image","twitter_misc":{"Gesch\u00e4tzte Lesezeit":"3\u00a0Minuten"},"schema":{"@context":"https:\/\/schema.org","@graph":[{"@type":"WebPage","@id":"https:\/\/candelaorganic.com\/de\/producto\/sacha-inchi-umhuellt-von-70iger-bio-schokolade\/","url":"https:\/\/candelaorganic.com\/de\/producto\/sacha-inchi-umhuellt-von-70iger-bio-schokolade\/","name":"Sacha Inchi umh\u00fcllt von 70%iger Bio-Schokolade - Candela Organic","isPartOf":{"@id":"https:\/\/candelaorganic.com\/de\/#website"},"primaryImageOfPage":{"@id":"https:\/\/candelaorganic.com\/de\/producto\/sacha-inchi-umhuellt-von-70iger-bio-schokolade\/#primaryimage"},"image":{"@id":"https:\/\/candelaorganic.com\/de\/producto\/sacha-inchi-umhuellt-von-70iger-bio-schokolade\/#primaryimage"},"thumbnailUrl":"https:\/\/candelaorganic.com\/de\/wp-content\/uploads\/sites\/14\/2024\/04\/Sacha-Inchi-70-cover-product-image.webp","datePublished":"2024-04-04T00:09:06+00:00","dateModified":"2025-11-26T22:11:17+00:00","description":"Sacha Inchi, auch \u201eErdnuss der Inkas\u201c genannt, ist eine \u00e4u\u00dferst nahrhafte Nuss, die zahlreiche gesundheitliche Vorteile bietet.","breadcrumb":{"@id":"https:\/\/candelaorganic.com\/de\/producto\/sacha-inchi-umhuellt-von-70iger-bio-schokolade\/#breadcrumb"},"inLanguage":"de","potentialAction":[{"@type":"ReadAction","target":["https:\/\/candelaorganic.com\/de\/producto\/sacha-inchi-umhuellt-von-70iger-bio-schokolade\/"]}]},{"@type":"ImageObject","inLanguage":"de","@id":"https:\/\/candelaorganic.com\/de\/producto\/sacha-inchi-umhuellt-von-70iger-bio-schokolade\/#primaryimage","url":"https:\/\/candelaorganic.com\/de\/wp-content\/uploads\/sites\/14\/2024\/04\/Sacha-Inchi-70-cover-product-image.webp","contentUrl":"https:\/\/candelaorganic.com\/de\/wp-content\/uploads\/sites\/14\/2024\/04\/Sacha-Inchi-70-cover-product-image.webp","width":1069,"height":1080},{"@type":"BreadcrumbList","@id":"https:\/\/candelaorganic.com\/de\/producto\/sacha-inchi-umhuellt-von-70iger-bio-schokolade\/#breadcrumb","itemListElement":[{"@type":"ListItem","position":1,"name":"Produkte","item":"https:\/\/candelaorganic.com\/de\/produkte\/"},{"@type":"ListItem","position":2,"name":"Massennahrung","item":"https:\/\/candelaorganic.com\/de\/tienda\/massennahrung\/"},{"@type":"ListItem","position":3,"name":"Snacks","item":"https:\/\/candelaorganic.com\/de\/tienda\/massennahrung\/snacks-bulk\/"},{"@type":"ListItem","position":4,"name":"70 % Kakao","item":"https:\/\/candelaorganic.com\/de\/tienda\/massennahrung\/snacks-bulk\/70-kakao\/"},{"@type":"ListItem","position":5,"name":"Sacha Inchi umh\u00fcllt von 70%iger Bio-Schokolade"}]},{"@type":"WebSite","@id":"https:\/\/candelaorganic.com\/de\/#website","url":"https:\/\/candelaorganic.com\/de\/","name":"Candela Organic","description":"Wir erh\u00f6hen die Lebensmittelstandards","publisher":{"@id":"https:\/\/candelaorganic.com\/de\/#organization"},"potentialAction":[{"@type":"SearchAction","target":{"@type":"EntryPoint","urlTemplate":"https:\/\/candelaorganic.com\/de\/?s={search_term_string}"},"query-input":{"@type":"PropertyValueSpecification","valueRequired":true,"valueName":"search_term_string"}}],"inLanguage":"de"},{"@type":"Organization","@id":"https:\/\/candelaorganic.com\/de\/#organization","name":"Candela Organic","url":"https:\/\/candelaorganic.com\/de\/","logo":{"@type":"ImageObject","inLanguage":"de","@id":"https:\/\/candelaorganic.com\/de\/#\/schema\/logo\/image\/","url":"https:\/\/candelaorganic.com\/de\/wp-content\/uploads\/sites\/14\/2024\/04\/Logotype.webp","contentUrl":"https:\/\/candelaorganic.com\/de\/wp-content\/uploads\/sites\/14\/2024\/04\/Logotype.webp","width":256,"height":52,"caption":"Candela Organic"},"image":{"@id":"https:\/\/candelaorganic.com\/de\/#\/schema\/logo\/image\/"}}]}},"_links":{"self":[{"href":"https:\/\/candelaorganic.com\/de\/wp-json\/wp\/v2\/product\/13548"}],"collection":[{"href":"https:\/\/candelaorganic.com\/de\/wp-json\/wp\/v2\/product"}],"about":[{"href":"https:\/\/candelaorganic.com\/de\/wp-json\/wp\/v2\/types\/product"}],"replies":[{"embeddable":true,"href":"https:\/\/candelaorganic.com\/de\/wp-json\/wp\/v2\/comments?post=13548"}],"wp:featuredmedia":[{"embeddable":true,"href":"https:\/\/candelaorganic.com\/de\/wp-json\/wp\/v2\/media\/11781"}],"wp:attachment":[{"href":"https:\/\/candelaorganic.com\/de\/wp-json\/wp\/v2\/media?parent=13548"}],"wp:term":[{"taxonomy":"product_cat","embeddable":true,"href":"https:\/\/candelaorganic.com\/de\/wp-json\/wp\/v2\/product_cat?post=13548"},{"taxonomy":"product_tag","embeddable":true,"href":"https:\/\/candelaorganic.com\/de\/wp-json\/wp\/v2\/product_tag?post=13548"}],"curies":[{"name":"wp","href":"https:\/\/api.w.org\/{rel}","templated":true}]}}