{"id":13540,"date":"2024-04-04T02:05:16","date_gmt":"2024-04-04T00:05:16","guid":{"rendered":"https:\/\/candelaorganic.com\/de\/?post_type=product&#038;p=13540"},"modified":"2024-07-17T22:26:30","modified_gmt":"2024-07-17T20:26:30","slug":"kaffee-umhuellt-von-70iger-bio-schokolade","status":"publish","type":"product","link":"https:\/\/candelaorganic.com\/de\/producto\/kaffee-umhuellt-von-70iger-bio-schokolade\/","title":{"rendered":"Kaffee-umh\u00fcllt-von-70%iger-Bio-Schokolade"},"content":{"rendered":"<p>Roasted coffee beans dipped in chocolate is a combination that is appreciated mainly for its flavor. This blend offers a unique taste experience by uniting the robust flavor of coffee with the smooth and potent sweetness of chocolate. The sensory pleasure provided by this combination can be highly satisfying for coffee and chocolate lovers.<\/p>\n<p>One of the benefits that can be associated with roasted coffee is its caffeine content, which can provide increased energy and mental alertness. This can be especially helpful at times when alertness is needed. Consequently, enjoying coffee with chocolate in moderation as an occasional treat is advisable, while maintaining a balanced diet to promote overall good health and being part of the sustainability of both the coffee and cocoa value chains.<\/p>\n<p>&nbsp;<\/p>\n<div class=\"text-wrap\"><strong><span class=\"subtitle\" style=\"color: #f1b434;\">MERKMALE UND VORTEILE<\/span><\/strong><\/div>\n<ul>\n<li>Energiespendende Fusion: Erfreuen Sie sich an der harmonischen Mischung aus belebendem Kaffee und 70%iger Bio-Schokolade, die mit Bedacht f\u00fcr einen belebenden Genuss zusammengestellt wurde.<\/li>\n<li>Ausgewogener Genuss: Genie\u00dfen Sie ein Snack-Erlebnis ohne schlechtes Gewissen mit einem Produkt, das eine ausgewogene Kombination aus Gesamtfett, Eiwei\u00df und Kohlenhydraten bietet.<\/li>\n<li>Vitaler N\u00e4hrstoffbeitrag: Erleben Sie die wohltuende Wirkung essentieller Mineralien, einschlie\u00dflich Eisen, Kalzium und Kalium, w\u00e4hrend Sie jeden geschmackvollen Bissen genie\u00dfen.<\/li>\n<li>Sinnlicher Genuss mit Zweck: Erfreuen Sie Ihre Sinne, w\u00e4hrend Sie sich ethische Werte zu eigen machen, und genie\u00dfen Sie das Ergebnis einer sorgf\u00e4ltigen Verarbeitung von der Bohne bis zum Riegel.<\/li>\n<li>T\u00e4gliche Wellness-Verbesserung: Versorgen Sie Ihren K\u00f6rper mit einer Quelle nat\u00fcrlicher Energie und lebenswichtigen N\u00e4hrstoffen und steigern Sie Ihr Wohlbefinden mit jedem k\u00f6stlichen Moment.<\/li>\n<li>Zutaten: Kaffee, Bio-Zucker, Bio-Kakaolik\u00f6r, Bio-Kakaobutter, Gummiarabikum und Wasser.<\/li>\n<\/ul>\n<div class=\"text-wrap\">\n<div class=\"text-wrap\"><\/div>\n<\/div>\n","protected":false},"excerpt":{"rendered":"<div class=\"title\">\n<div class=\"title\">\n<div class=\"title\">\n<div class=\"title\">\n<div class=\"title\"><strong><span class=\"name\" style=\"color: #f1b434;\">\/ THEOBROMA CACAO &amp; COFFEA SP. \/<\/span><\/strong><\/div>\n<p>Tauchen Sie ein in ein fesselndes Erlebnis, das mit ethischer Beschaffung und sorgf\u00e4ltiger Verarbeitung von der Bohne bis zur Tafel beginnt. Genie\u00dfen Sie die harmonische Verschmelzung von reichhaltigem Kaffee und samtiger 70%iger Bio-Schokolade, die sorgf\u00e4ltig f\u00fcr eine sensorische Reise hergestellt wird, die sowohl Qualit\u00e4t als auch bewusste Werte widerspiegelt.<\/p>\n<\/div>\n<\/div>\n<\/div>\n<\/div>\n","protected":false},"featured_media":11784,"comment_status":"open","ping_status":"closed","template":"","meta":{"editor_notices":[]},"product_cat":[121],"product_tag":[],"yoast_head":"<!-- This site is optimized with the Yoast SEO plugin v23.5 - https:\/\/yoast.com\/wordpress\/plugins\/seo\/ -->\n<title>Kaffee-umh\u00fcllt-von-70%iger-Bio-Schokolade - Candela Organic<\/title>\n<meta name=\"description\" content=\"Diese Mischung bietet ein einzigartiges Geschmackserlebnis, indem sie den kr\u00e4ftigen Geschmack von Kaffee mit der sanften und kraftvollen S\u00fc\u00dfe von Schokolade vereint.\" \/>\n<meta name=\"robots\" content=\"index, follow, max-snippet:-1, max-image-preview:large, max-video-preview:-1\" \/>\n<link rel=\"canonical\" href=\"https:\/\/candelaorganic.com\/de\/producto\/kaffee-umhuellt-von-70iger-bio-schokolade\/\" \/>\n<meta property=\"og:locale\" content=\"de_DE\" \/>\n<meta property=\"og:type\" content=\"article\" \/>\n<meta property=\"og:title\" content=\"Kaffee-umh\u00fcllt-von-70%iger-Bio-Schokolade - Candela Organic\" \/>\n<meta property=\"og:description\" content=\"Diese Mischung bietet ein einzigartiges Geschmackserlebnis, indem sie den kr\u00e4ftigen Geschmack von Kaffee mit der sanften und kraftvollen S\u00fc\u00dfe von Schokolade vereint.\" \/>\n<meta property=\"og:url\" content=\"https:\/\/candelaorganic.com\/de\/producto\/kaffee-umhuellt-von-70iger-bio-schokolade\/\" \/>\n<meta property=\"og:site_name\" content=\"Candela Organic\" \/>\n<meta property=\"article:modified_time\" content=\"2024-07-17T20:26:30+00:00\" \/>\n<meta property=\"og:image\" content=\"https:\/\/candelaorganic.com\/de\/wp-content\/uploads\/sites\/14\/2024\/04\/Cafe-70-cover-product-image.webp\" \/>\n\t<meta property=\"og:image:width\" content=\"1069\" \/>\n\t<meta property=\"og:image:height\" content=\"1080\" \/>\n\t<meta property=\"og:image:type\" content=\"image\/webp\" \/>\n<meta name=\"twitter:card\" content=\"summary_large_image\" \/>\n<meta name=\"twitter:label1\" content=\"Gesch\u00e4tzte Lesezeit\" \/>\n\t<meta name=\"twitter:data1\" content=\"2\u00a0Minuten\" \/>\n<script type=\"application\/ld+json\" class=\"yoast-schema-graph\">{\"@context\":\"https:\/\/schema.org\",\"@graph\":[{\"@type\":\"WebPage\",\"@id\":\"https:\/\/candelaorganic.com\/de\/producto\/kaffee-umhuellt-von-70iger-bio-schokolade\/\",\"url\":\"https:\/\/candelaorganic.com\/de\/producto\/kaffee-umhuellt-von-70iger-bio-schokolade\/\",\"name\":\"Kaffee-umh\u00fcllt-von-70%iger-Bio-Schokolade - Candela Organic\",\"isPartOf\":{\"@id\":\"https:\/\/candelaorganic.com\/de\/#website\"},\"primaryImageOfPage\":{\"@id\":\"https:\/\/candelaorganic.com\/de\/producto\/kaffee-umhuellt-von-70iger-bio-schokolade\/#primaryimage\"},\"image\":{\"@id\":\"https:\/\/candelaorganic.com\/de\/producto\/kaffee-umhuellt-von-70iger-bio-schokolade\/#primaryimage\"},\"thumbnailUrl\":\"https:\/\/candelaorganic.com\/de\/wp-content\/uploads\/sites\/14\/2024\/04\/Cafe-70-cover-product-image.webp\",\"datePublished\":\"2024-04-04T00:05:16+00:00\",\"dateModified\":\"2024-07-17T20:26:30+00:00\",\"description\":\"Diese Mischung bietet ein einzigartiges Geschmackserlebnis, indem sie den kr\u00e4ftigen Geschmack von Kaffee mit der sanften und kraftvollen S\u00fc\u00dfe von Schokolade vereint.\",\"breadcrumb\":{\"@id\":\"https:\/\/candelaorganic.com\/de\/producto\/kaffee-umhuellt-von-70iger-bio-schokolade\/#breadcrumb\"},\"inLanguage\":\"de\",\"potentialAction\":[{\"@type\":\"ReadAction\",\"target\":[\"https:\/\/candelaorganic.com\/de\/producto\/kaffee-umhuellt-von-70iger-bio-schokolade\/\"]}]},{\"@type\":\"ImageObject\",\"inLanguage\":\"de\",\"@id\":\"https:\/\/candelaorganic.com\/de\/producto\/kaffee-umhuellt-von-70iger-bio-schokolade\/#primaryimage\",\"url\":\"https:\/\/candelaorganic.com\/de\/wp-content\/uploads\/sites\/14\/2024\/04\/Cafe-70-cover-product-image.webp\",\"contentUrl\":\"https:\/\/candelaorganic.com\/de\/wp-content\/uploads\/sites\/14\/2024\/04\/Cafe-70-cover-product-image.webp\",\"width\":1069,\"height\":1080},{\"@type\":\"BreadcrumbList\",\"@id\":\"https:\/\/candelaorganic.com\/de\/producto\/kaffee-umhuellt-von-70iger-bio-schokolade\/#breadcrumb\",\"itemListElement\":[{\"@type\":\"ListItem\",\"position\":1,\"name\":\"Produkte\",\"item\":\"https:\/\/candelaorganic.com\/de\/produkte\/\"},{\"@type\":\"ListItem\",\"position\":2,\"name\":\"Massennahrung\",\"item\":\"https:\/\/candelaorganic.com\/de\/tienda\/massennahrung\/\"},{\"@type\":\"ListItem\",\"position\":3,\"name\":\"Snacks\",\"item\":\"https:\/\/candelaorganic.com\/de\/tienda\/massennahrung\/snacks-bulk\/\"},{\"@type\":\"ListItem\",\"position\":4,\"name\":\"70 % Kakao\",\"item\":\"https:\/\/candelaorganic.com\/de\/tienda\/massennahrung\/snacks-bulk\/70-kakao\/\"},{\"@type\":\"ListItem\",\"position\":5,\"name\":\"Kaffee-umh\u00fcllt-von-70%iger-Bio-Schokolade\"}]},{\"@type\":\"WebSite\",\"@id\":\"https:\/\/candelaorganic.com\/de\/#website\",\"url\":\"https:\/\/candelaorganic.com\/de\/\",\"name\":\"Candela Organic\",\"description\":\"Wir erh\u00f6hen die Lebensmittelstandards\",\"publisher\":{\"@id\":\"https:\/\/candelaorganic.com\/de\/#organization\"},\"potentialAction\":[{\"@type\":\"SearchAction\",\"target\":{\"@type\":\"EntryPoint\",\"urlTemplate\":\"https:\/\/candelaorganic.com\/de\/?s={search_term_string}\"},\"query-input\":{\"@type\":\"PropertyValueSpecification\",\"valueRequired\":true,\"valueName\":\"search_term_string\"}}],\"inLanguage\":\"de\"},{\"@type\":\"Organization\",\"@id\":\"https:\/\/candelaorganic.com\/de\/#organization\",\"name\":\"Candela Organic\",\"url\":\"https:\/\/candelaorganic.com\/de\/\",\"logo\":{\"@type\":\"ImageObject\",\"inLanguage\":\"de\",\"@id\":\"https:\/\/candelaorganic.com\/de\/#\/schema\/logo\/image\/\",\"url\":\"https:\/\/candelaorganic.com\/de\/wp-content\/uploads\/sites\/14\/2024\/04\/Logotype.webp\",\"contentUrl\":\"https:\/\/candelaorganic.com\/de\/wp-content\/uploads\/sites\/14\/2024\/04\/Logotype.webp\",\"width\":256,\"height\":52,\"caption\":\"Candela Organic\"},\"image\":{\"@id\":\"https:\/\/candelaorganic.com\/de\/#\/schema\/logo\/image\/\"}}]}<\/script>\n<!-- \/ Yoast SEO plugin. -->","yoast_head_json":{"title":"Kaffee-umh\u00fcllt-von-70%iger-Bio-Schokolade - Candela Organic","description":"Diese Mischung bietet ein einzigartiges Geschmackserlebnis, indem sie den kr\u00e4ftigen Geschmack von Kaffee mit der sanften und kraftvollen S\u00fc\u00dfe von Schokolade vereint.","robots":{"index":"index","follow":"follow","max-snippet":"max-snippet:-1","max-image-preview":"max-image-preview:large","max-video-preview":"max-video-preview:-1"},"canonical":"https:\/\/candelaorganic.com\/de\/producto\/kaffee-umhuellt-von-70iger-bio-schokolade\/","og_locale":"de_DE","og_type":"article","og_title":"Kaffee-umh\u00fcllt-von-70%iger-Bio-Schokolade - Candela Organic","og_description":"Diese Mischung bietet ein einzigartiges Geschmackserlebnis, indem sie den kr\u00e4ftigen Geschmack von Kaffee mit der sanften und kraftvollen S\u00fc\u00dfe von Schokolade vereint.","og_url":"https:\/\/candelaorganic.com\/de\/producto\/kaffee-umhuellt-von-70iger-bio-schokolade\/","og_site_name":"Candela Organic","article_modified_time":"2024-07-17T20:26:30+00:00","og_image":[{"width":1069,"height":1080,"url":"https:\/\/candelaorganic.com\/de\/wp-content\/uploads\/sites\/14\/2024\/04\/Cafe-70-cover-product-image.webp","type":"image\/webp"}],"twitter_card":"summary_large_image","twitter_misc":{"Gesch\u00e4tzte Lesezeit":"2\u00a0Minuten"},"schema":{"@context":"https:\/\/schema.org","@graph":[{"@type":"WebPage","@id":"https:\/\/candelaorganic.com\/de\/producto\/kaffee-umhuellt-von-70iger-bio-schokolade\/","url":"https:\/\/candelaorganic.com\/de\/producto\/kaffee-umhuellt-von-70iger-bio-schokolade\/","name":"Kaffee-umh\u00fcllt-von-70%iger-Bio-Schokolade - Candela Organic","isPartOf":{"@id":"https:\/\/candelaorganic.com\/de\/#website"},"primaryImageOfPage":{"@id":"https:\/\/candelaorganic.com\/de\/producto\/kaffee-umhuellt-von-70iger-bio-schokolade\/#primaryimage"},"image":{"@id":"https:\/\/candelaorganic.com\/de\/producto\/kaffee-umhuellt-von-70iger-bio-schokolade\/#primaryimage"},"thumbnailUrl":"https:\/\/candelaorganic.com\/de\/wp-content\/uploads\/sites\/14\/2024\/04\/Cafe-70-cover-product-image.webp","datePublished":"2024-04-04T00:05:16+00:00","dateModified":"2024-07-17T20:26:30+00:00","description":"Diese Mischung bietet ein einzigartiges Geschmackserlebnis, indem sie den kr\u00e4ftigen Geschmack von Kaffee mit der sanften und kraftvollen S\u00fc\u00dfe von Schokolade vereint.","breadcrumb":{"@id":"https:\/\/candelaorganic.com\/de\/producto\/kaffee-umhuellt-von-70iger-bio-schokolade\/#breadcrumb"},"inLanguage":"de","potentialAction":[{"@type":"ReadAction","target":["https:\/\/candelaorganic.com\/de\/producto\/kaffee-umhuellt-von-70iger-bio-schokolade\/"]}]},{"@type":"ImageObject","inLanguage":"de","@id":"https:\/\/candelaorganic.com\/de\/producto\/kaffee-umhuellt-von-70iger-bio-schokolade\/#primaryimage","url":"https:\/\/candelaorganic.com\/de\/wp-content\/uploads\/sites\/14\/2024\/04\/Cafe-70-cover-product-image.webp","contentUrl":"https:\/\/candelaorganic.com\/de\/wp-content\/uploads\/sites\/14\/2024\/04\/Cafe-70-cover-product-image.webp","width":1069,"height":1080},{"@type":"BreadcrumbList","@id":"https:\/\/candelaorganic.com\/de\/producto\/kaffee-umhuellt-von-70iger-bio-schokolade\/#breadcrumb","itemListElement":[{"@type":"ListItem","position":1,"name":"Produkte","item":"https:\/\/candelaorganic.com\/de\/produkte\/"},{"@type":"ListItem","position":2,"name":"Massennahrung","item":"https:\/\/candelaorganic.com\/de\/tienda\/massennahrung\/"},{"@type":"ListItem","position":3,"name":"Snacks","item":"https:\/\/candelaorganic.com\/de\/tienda\/massennahrung\/snacks-bulk\/"},{"@type":"ListItem","position":4,"name":"70 % Kakao","item":"https:\/\/candelaorganic.com\/de\/tienda\/massennahrung\/snacks-bulk\/70-kakao\/"},{"@type":"ListItem","position":5,"name":"Kaffee-umh\u00fcllt-von-70%iger-Bio-Schokolade"}]},{"@type":"WebSite","@id":"https:\/\/candelaorganic.com\/de\/#website","url":"https:\/\/candelaorganic.com\/de\/","name":"Candela Organic","description":"Wir erh\u00f6hen die Lebensmittelstandards","publisher":{"@id":"https:\/\/candelaorganic.com\/de\/#organization"},"potentialAction":[{"@type":"SearchAction","target":{"@type":"EntryPoint","urlTemplate":"https:\/\/candelaorganic.com\/de\/?s={search_term_string}"},"query-input":{"@type":"PropertyValueSpecification","valueRequired":true,"valueName":"search_term_string"}}],"inLanguage":"de"},{"@type":"Organization","@id":"https:\/\/candelaorganic.com\/de\/#organization","name":"Candela Organic","url":"https:\/\/candelaorganic.com\/de\/","logo":{"@type":"ImageObject","inLanguage":"de","@id":"https:\/\/candelaorganic.com\/de\/#\/schema\/logo\/image\/","url":"https:\/\/candelaorganic.com\/de\/wp-content\/uploads\/sites\/14\/2024\/04\/Logotype.webp","contentUrl":"https:\/\/candelaorganic.com\/de\/wp-content\/uploads\/sites\/14\/2024\/04\/Logotype.webp","width":256,"height":52,"caption":"Candela Organic"},"image":{"@id":"https:\/\/candelaorganic.com\/de\/#\/schema\/logo\/image\/"}}]}},"_links":{"self":[{"href":"https:\/\/candelaorganic.com\/de\/wp-json\/wp\/v2\/product\/13540"}],"collection":[{"href":"https:\/\/candelaorganic.com\/de\/wp-json\/wp\/v2\/product"}],"about":[{"href":"https:\/\/candelaorganic.com\/de\/wp-json\/wp\/v2\/types\/product"}],"replies":[{"embeddable":true,"href":"https:\/\/candelaorganic.com\/de\/wp-json\/wp\/v2\/comments?post=13540"}],"wp:featuredmedia":[{"embeddable":true,"href":"https:\/\/candelaorganic.com\/de\/wp-json\/wp\/v2\/media\/11784"}],"wp:attachment":[{"href":"https:\/\/candelaorganic.com\/de\/wp-json\/wp\/v2\/media?parent=13540"}],"wp:term":[{"taxonomy":"product_cat","embeddable":true,"href":"https:\/\/candelaorganic.com\/de\/wp-json\/wp\/v2\/product_cat?post=13540"},{"taxonomy":"product_tag","embeddable":true,"href":"https:\/\/candelaorganic.com\/de\/wp-json\/wp\/v2\/product_tag?post=13540"}],"curies":[{"name":"wp","href":"https:\/\/api.w.org\/{rel}","templated":true}]}}