{"id":13539,"date":"2024-04-04T02:02:48","date_gmt":"2024-04-04T00:02:48","guid":{"rendered":"https:\/\/candelaorganic.com\/de\/?post_type=product&#038;p=13539"},"modified":"2024-07-17T22:29:11","modified_gmt":"2024-07-17T20:29:11","slug":"paranuss-umhuellt-von-70iger-bio-schokolade","status":"publish","type":"product","link":"https:\/\/candelaorganic.com\/de\/producto\/paranuss-umhuellt-von-70iger-bio-schokolade\/","title":{"rendered":"Paranuss umh\u00fcllt von 70%iger Bio-Schokolade"},"content":{"rendered":"<p>Die amazonische Paranuss w\u00e4chst nur auf B\u00e4umen in Madre de Dios und anderen umliegenden Regionen Brasiliens und Boliviens. In der Zeit von Dezember bis M\u00e4rz gehen die Paranussbauern, die in verschiedenen Paranusskonzessionen im gesamten Departement zusammengeschlossen sind, tief in den Dschungel, um die heruntergefallenen Paranusskokosn\u00fcsse zu sammeln. Die Paranuss wird vom Boden aufgelesen, da der Paranussbaum etwa 60 Meter hoch ist. Die Paranuss ist eine der N\u00fcsse mit dem h\u00f6chsten Selengehalt, was ein starkes Immunsystem f\u00f6rdert, und ist au\u00dferdem reich an Fetts\u00e4uren und Omega-6-Fetts\u00e4uren, die das Herz-Kreislauf-System st\u00e4rken.<\/p>\n<p>&nbsp;<\/p>\n<div class=\"text-wrap\"><strong><span class=\"subtitle\" style=\"color: #f1b434;\">EIGENSCHAFTEN UND VORTEILE<\/span><\/strong><\/div>\n<ul>\n<li aria-level=\"1\">Gesunde Nahrungsmittelfusion: Erleben Sie die harmonische Mischung aus Geschmack und Werten in jedem Bissen, mit Paran\u00fcssen und 70%iger Bio-Schokolade, die sorgf\u00e4ltig f\u00fcr einen erf\u00fcllenden Genuss kombiniert wurden.<\/li>\n<li aria-level=\"1\">Vitaler N\u00e4hrstoffschub: Versorgen Sie Ihren K\u00f6rper mit den lebenswichtigen Mineralien, nach denen er sich sehnt, einschlie\u00dflich Eisen, Kalzium und Kalium, f\u00fcr allgemeines Wohlbefinden und Vitalit\u00e4t.<\/li>\n<li aria-level=\"1\">Genuss ohne Schuldgef\u00fchle: G\u00f6nnen Sie sich einen Genuss ohne Schuldgef\u00fchle, der sowohl Ihren Geschmacksnerven als auch ethischen Werten gerecht wird und einen s\u00e4ttigenden Snack bietet, der mit bewusster Beschaffung hergestellt wurde.<\/li>\n<li aria-level=\"1\">Ausgewogene Energie-Infusion: Tanken Sie neue Energie mit einer ausgewogenen Zusammensetzung von N\u00e4hrstoffen, einschlie\u00dflich Proteinen und gesunden Fetten, die perfekt zur Unterst\u00fctzung eines aktiven Lebensstils geeignet sind.<\/li>\n<li aria-level=\"1\">T\u00e4gliche Wellness-Verbesserung: Steigern Sie Ihr Wohlbefinden mit einer nat\u00fcrlichen N\u00e4hrstoffquelle und bereichern Sie Ihre t\u00e4gliche Routine mit den Vorz\u00fcgen von Paran\u00fcssen und 70%iger Bio-Schokolade, die sorgf\u00e4ltig f\u00fcr Ihren Genuss zusammengestellt wurden.<\/li>\n<li aria-level=\"1\">Zutaten: Paran\u00fcsse, Bio-Zucker, Bio-Kakaolik\u00f6r, Bio-Kakaobutter, Gummiarabikum und Wasser.<\/li>\n<\/ul>\n<div class=\"text-wrap\">\n<div class=\"text-wrap\"><\/div>\n<\/div>\n","protected":false},"excerpt":{"rendered":"<div class=\"title\">\n<div class=\"title\">\n<div class=\"title\">\n<div class=\"title\">\n<div class=\"title\"><strong><span class=\"name\" style=\"color: #f1b434;\">\/ THEOBROMA CACAO &amp; BERTHOLLETIA EXCELSA \/<\/span><\/strong><\/div>\n<p>Begeben Sie sich auf eine sensorische Reise, die ethische Werte und sorgf\u00e4ltige Kunstfertigkeit von der Bohne bis zur Tafel zelebriert. Unsere nachhaltig beschafften Paran\u00fcsse, umh\u00fcllt von reichhaltiger 70%iger Bio-Schokolade, laden Sie zu einer harmonischen Verschmelzung von Geschmack und Integrit\u00e4t ein und definieren Ihr Nascherlebnis mit jedem k\u00f6stlichen Bissen neu.<\/p>\n<\/div>\n<\/div>\n<\/div>\n<\/div>\n","protected":false},"featured_media":11761,"comment_status":"open","ping_status":"closed","template":"","meta":{"editor_notices":[]},"product_cat":[121],"product_tag":[],"yoast_head":"<!-- This site is optimized with the Yoast SEO plugin v23.5 - https:\/\/yoast.com\/wordpress\/plugins\/seo\/ -->\n<title>Paranuss umh\u00fcllt von 70%iger Bio-Schokolade - Candela Organic<\/title>\n<meta name=\"description\" content=\"Sie geh\u00f6rt zu den N\u00fcssen mit dem h\u00f6chsten Selengehalt und f\u00f6rdert so ein starkes Immunsystem, au\u00dferdem ist sie reich an Fetts\u00e4uren und Omega 6.\" \/>\n<meta name=\"robots\" content=\"index, follow, max-snippet:-1, max-image-preview:large, max-video-preview:-1\" \/>\n<link rel=\"canonical\" href=\"https:\/\/candelaorganic.com\/de\/producto\/paranuss-umhuellt-von-70iger-bio-schokolade\/\" \/>\n<meta property=\"og:locale\" content=\"de_DE\" \/>\n<meta property=\"og:type\" content=\"article\" \/>\n<meta property=\"og:title\" content=\"Paranuss umh\u00fcllt von 70%iger Bio-Schokolade - Candela Organic\" \/>\n<meta property=\"og:description\" content=\"Sie geh\u00f6rt zu den N\u00fcssen mit dem h\u00f6chsten Selengehalt und f\u00f6rdert so ein starkes Immunsystem, au\u00dferdem ist sie reich an Fetts\u00e4uren und Omega 6.\" \/>\n<meta property=\"og:url\" content=\"https:\/\/candelaorganic.com\/de\/producto\/paranuss-umhuellt-von-70iger-bio-schokolade\/\" \/>\n<meta property=\"og:site_name\" content=\"Candela Organic\" \/>\n<meta property=\"article:modified_time\" content=\"2024-07-17T20:29:11+00:00\" \/>\n<meta property=\"og:image\" content=\"https:\/\/candelaorganic.com\/de\/wp-content\/uploads\/sites\/14\/2024\/04\/Castana-Caja-cover-product-image.webp\" \/>\n\t<meta property=\"og:image:width\" content=\"1069\" \/>\n\t<meta property=\"og:image:height\" content=\"1080\" \/>\n\t<meta property=\"og:image:type\" content=\"image\/webp\" \/>\n<meta name=\"twitter:card\" content=\"summary_large_image\" \/>\n<meta name=\"twitter:label1\" content=\"Gesch\u00e4tzte Lesezeit\" \/>\n\t<meta name=\"twitter:data1\" content=\"2\u00a0Minuten\" \/>\n<script type=\"application\/ld+json\" class=\"yoast-schema-graph\">{\"@context\":\"https:\/\/schema.org\",\"@graph\":[{\"@type\":\"WebPage\",\"@id\":\"https:\/\/candelaorganic.com\/de\/producto\/paranuss-umhuellt-von-70iger-bio-schokolade\/\",\"url\":\"https:\/\/candelaorganic.com\/de\/producto\/paranuss-umhuellt-von-70iger-bio-schokolade\/\",\"name\":\"Paranuss umh\u00fcllt von 70%iger Bio-Schokolade - Candela Organic\",\"isPartOf\":{\"@id\":\"https:\/\/candelaorganic.com\/de\/#website\"},\"primaryImageOfPage\":{\"@id\":\"https:\/\/candelaorganic.com\/de\/producto\/paranuss-umhuellt-von-70iger-bio-schokolade\/#primaryimage\"},\"image\":{\"@id\":\"https:\/\/candelaorganic.com\/de\/producto\/paranuss-umhuellt-von-70iger-bio-schokolade\/#primaryimage\"},\"thumbnailUrl\":\"https:\/\/candelaorganic.com\/de\/wp-content\/uploads\/sites\/14\/2024\/04\/Castana-Caja-cover-product-image.webp\",\"datePublished\":\"2024-04-04T00:02:48+00:00\",\"dateModified\":\"2024-07-17T20:29:11+00:00\",\"description\":\"Sie geh\u00f6rt zu den N\u00fcssen mit dem h\u00f6chsten Selengehalt und f\u00f6rdert so ein starkes Immunsystem, au\u00dferdem ist sie reich an Fetts\u00e4uren und Omega 6.\",\"breadcrumb\":{\"@id\":\"https:\/\/candelaorganic.com\/de\/producto\/paranuss-umhuellt-von-70iger-bio-schokolade\/#breadcrumb\"},\"inLanguage\":\"de\",\"potentialAction\":[{\"@type\":\"ReadAction\",\"target\":[\"https:\/\/candelaorganic.com\/de\/producto\/paranuss-umhuellt-von-70iger-bio-schokolade\/\"]}]},{\"@type\":\"ImageObject\",\"inLanguage\":\"de\",\"@id\":\"https:\/\/candelaorganic.com\/de\/producto\/paranuss-umhuellt-von-70iger-bio-schokolade\/#primaryimage\",\"url\":\"https:\/\/candelaorganic.com\/de\/wp-content\/uploads\/sites\/14\/2024\/04\/Castana-Caja-cover-product-image.webp\",\"contentUrl\":\"https:\/\/candelaorganic.com\/de\/wp-content\/uploads\/sites\/14\/2024\/04\/Castana-Caja-cover-product-image.webp\",\"width\":1069,\"height\":1080},{\"@type\":\"BreadcrumbList\",\"@id\":\"https:\/\/candelaorganic.com\/de\/producto\/paranuss-umhuellt-von-70iger-bio-schokolade\/#breadcrumb\",\"itemListElement\":[{\"@type\":\"ListItem\",\"position\":1,\"name\":\"Produkte\",\"item\":\"https:\/\/candelaorganic.com\/de\/produkte\/\"},{\"@type\":\"ListItem\",\"position\":2,\"name\":\"Massennahrung\",\"item\":\"https:\/\/candelaorganic.com\/de\/tienda\/massennahrung\/\"},{\"@type\":\"ListItem\",\"position\":3,\"name\":\"Snacks\",\"item\":\"https:\/\/candelaorganic.com\/de\/tienda\/massennahrung\/snacks-bulk\/\"},{\"@type\":\"ListItem\",\"position\":4,\"name\":\"70 % Kakao\",\"item\":\"https:\/\/candelaorganic.com\/de\/tienda\/massennahrung\/snacks-bulk\/70-kakao\/\"},{\"@type\":\"ListItem\",\"position\":5,\"name\":\"Paranuss umh\u00fcllt von 70%iger Bio-Schokolade\"}]},{\"@type\":\"WebSite\",\"@id\":\"https:\/\/candelaorganic.com\/de\/#website\",\"url\":\"https:\/\/candelaorganic.com\/de\/\",\"name\":\"Candela Organic\",\"description\":\"Wir erh\u00f6hen die Lebensmittelstandards\",\"publisher\":{\"@id\":\"https:\/\/candelaorganic.com\/de\/#organization\"},\"potentialAction\":[{\"@type\":\"SearchAction\",\"target\":{\"@type\":\"EntryPoint\",\"urlTemplate\":\"https:\/\/candelaorganic.com\/de\/?s={search_term_string}\"},\"query-input\":{\"@type\":\"PropertyValueSpecification\",\"valueRequired\":true,\"valueName\":\"search_term_string\"}}],\"inLanguage\":\"de\"},{\"@type\":\"Organization\",\"@id\":\"https:\/\/candelaorganic.com\/de\/#organization\",\"name\":\"Candela Organic\",\"url\":\"https:\/\/candelaorganic.com\/de\/\",\"logo\":{\"@type\":\"ImageObject\",\"inLanguage\":\"de\",\"@id\":\"https:\/\/candelaorganic.com\/de\/#\/schema\/logo\/image\/\",\"url\":\"https:\/\/candelaorganic.com\/de\/wp-content\/uploads\/sites\/14\/2024\/04\/Logotype.webp\",\"contentUrl\":\"https:\/\/candelaorganic.com\/de\/wp-content\/uploads\/sites\/14\/2024\/04\/Logotype.webp\",\"width\":256,\"height\":52,\"caption\":\"Candela Organic\"},\"image\":{\"@id\":\"https:\/\/candelaorganic.com\/de\/#\/schema\/logo\/image\/\"}}]}<\/script>\n<!-- \/ Yoast SEO plugin. -->","yoast_head_json":{"title":"Paranuss umh\u00fcllt von 70%iger Bio-Schokolade - Candela Organic","description":"Sie geh\u00f6rt zu den N\u00fcssen mit dem h\u00f6chsten Selengehalt und f\u00f6rdert so ein starkes Immunsystem, au\u00dferdem ist sie reich an Fetts\u00e4uren und Omega 6.","robots":{"index":"index","follow":"follow","max-snippet":"max-snippet:-1","max-image-preview":"max-image-preview:large","max-video-preview":"max-video-preview:-1"},"canonical":"https:\/\/candelaorganic.com\/de\/producto\/paranuss-umhuellt-von-70iger-bio-schokolade\/","og_locale":"de_DE","og_type":"article","og_title":"Paranuss umh\u00fcllt von 70%iger Bio-Schokolade - Candela Organic","og_description":"Sie geh\u00f6rt zu den N\u00fcssen mit dem h\u00f6chsten Selengehalt und f\u00f6rdert so ein starkes Immunsystem, au\u00dferdem ist sie reich an Fetts\u00e4uren und Omega 6.","og_url":"https:\/\/candelaorganic.com\/de\/producto\/paranuss-umhuellt-von-70iger-bio-schokolade\/","og_site_name":"Candela Organic","article_modified_time":"2024-07-17T20:29:11+00:00","og_image":[{"width":1069,"height":1080,"url":"https:\/\/candelaorganic.com\/de\/wp-content\/uploads\/sites\/14\/2024\/04\/Castana-Caja-cover-product-image.webp","type":"image\/webp"}],"twitter_card":"summary_large_image","twitter_misc":{"Gesch\u00e4tzte Lesezeit":"2\u00a0Minuten"},"schema":{"@context":"https:\/\/schema.org","@graph":[{"@type":"WebPage","@id":"https:\/\/candelaorganic.com\/de\/producto\/paranuss-umhuellt-von-70iger-bio-schokolade\/","url":"https:\/\/candelaorganic.com\/de\/producto\/paranuss-umhuellt-von-70iger-bio-schokolade\/","name":"Paranuss umh\u00fcllt von 70%iger Bio-Schokolade - Candela Organic","isPartOf":{"@id":"https:\/\/candelaorganic.com\/de\/#website"},"primaryImageOfPage":{"@id":"https:\/\/candelaorganic.com\/de\/producto\/paranuss-umhuellt-von-70iger-bio-schokolade\/#primaryimage"},"image":{"@id":"https:\/\/candelaorganic.com\/de\/producto\/paranuss-umhuellt-von-70iger-bio-schokolade\/#primaryimage"},"thumbnailUrl":"https:\/\/candelaorganic.com\/de\/wp-content\/uploads\/sites\/14\/2024\/04\/Castana-Caja-cover-product-image.webp","datePublished":"2024-04-04T00:02:48+00:00","dateModified":"2024-07-17T20:29:11+00:00","description":"Sie geh\u00f6rt zu den N\u00fcssen mit dem h\u00f6chsten Selengehalt und f\u00f6rdert so ein starkes Immunsystem, au\u00dferdem ist sie reich an Fetts\u00e4uren und Omega 6.","breadcrumb":{"@id":"https:\/\/candelaorganic.com\/de\/producto\/paranuss-umhuellt-von-70iger-bio-schokolade\/#breadcrumb"},"inLanguage":"de","potentialAction":[{"@type":"ReadAction","target":["https:\/\/candelaorganic.com\/de\/producto\/paranuss-umhuellt-von-70iger-bio-schokolade\/"]}]},{"@type":"ImageObject","inLanguage":"de","@id":"https:\/\/candelaorganic.com\/de\/producto\/paranuss-umhuellt-von-70iger-bio-schokolade\/#primaryimage","url":"https:\/\/candelaorganic.com\/de\/wp-content\/uploads\/sites\/14\/2024\/04\/Castana-Caja-cover-product-image.webp","contentUrl":"https:\/\/candelaorganic.com\/de\/wp-content\/uploads\/sites\/14\/2024\/04\/Castana-Caja-cover-product-image.webp","width":1069,"height":1080},{"@type":"BreadcrumbList","@id":"https:\/\/candelaorganic.com\/de\/producto\/paranuss-umhuellt-von-70iger-bio-schokolade\/#breadcrumb","itemListElement":[{"@type":"ListItem","position":1,"name":"Produkte","item":"https:\/\/candelaorganic.com\/de\/produkte\/"},{"@type":"ListItem","position":2,"name":"Massennahrung","item":"https:\/\/candelaorganic.com\/de\/tienda\/massennahrung\/"},{"@type":"ListItem","position":3,"name":"Snacks","item":"https:\/\/candelaorganic.com\/de\/tienda\/massennahrung\/snacks-bulk\/"},{"@type":"ListItem","position":4,"name":"70 % Kakao","item":"https:\/\/candelaorganic.com\/de\/tienda\/massennahrung\/snacks-bulk\/70-kakao\/"},{"@type":"ListItem","position":5,"name":"Paranuss umh\u00fcllt von 70%iger Bio-Schokolade"}]},{"@type":"WebSite","@id":"https:\/\/candelaorganic.com\/de\/#website","url":"https:\/\/candelaorganic.com\/de\/","name":"Candela Organic","description":"Wir erh\u00f6hen die Lebensmittelstandards","publisher":{"@id":"https:\/\/candelaorganic.com\/de\/#organization"},"potentialAction":[{"@type":"SearchAction","target":{"@type":"EntryPoint","urlTemplate":"https:\/\/candelaorganic.com\/de\/?s={search_term_string}"},"query-input":{"@type":"PropertyValueSpecification","valueRequired":true,"valueName":"search_term_string"}}],"inLanguage":"de"},{"@type":"Organization","@id":"https:\/\/candelaorganic.com\/de\/#organization","name":"Candela Organic","url":"https:\/\/candelaorganic.com\/de\/","logo":{"@type":"ImageObject","inLanguage":"de","@id":"https:\/\/candelaorganic.com\/de\/#\/schema\/logo\/image\/","url":"https:\/\/candelaorganic.com\/de\/wp-content\/uploads\/sites\/14\/2024\/04\/Logotype.webp","contentUrl":"https:\/\/candelaorganic.com\/de\/wp-content\/uploads\/sites\/14\/2024\/04\/Logotype.webp","width":256,"height":52,"caption":"Candela Organic"},"image":{"@id":"https:\/\/candelaorganic.com\/de\/#\/schema\/logo\/image\/"}}]}},"_links":{"self":[{"href":"https:\/\/candelaorganic.com\/de\/wp-json\/wp\/v2\/product\/13539"}],"collection":[{"href":"https:\/\/candelaorganic.com\/de\/wp-json\/wp\/v2\/product"}],"about":[{"href":"https:\/\/candelaorganic.com\/de\/wp-json\/wp\/v2\/types\/product"}],"replies":[{"embeddable":true,"href":"https:\/\/candelaorganic.com\/de\/wp-json\/wp\/v2\/comments?post=13539"}],"wp:featuredmedia":[{"embeddable":true,"href":"https:\/\/candelaorganic.com\/de\/wp-json\/wp\/v2\/media\/11761"}],"wp:attachment":[{"href":"https:\/\/candelaorganic.com\/de\/wp-json\/wp\/v2\/media?parent=13539"}],"wp:term":[{"taxonomy":"product_cat","embeddable":true,"href":"https:\/\/candelaorganic.com\/de\/wp-json\/wp\/v2\/product_cat?post=13539"},{"taxonomy":"product_tag","embeddable":true,"href":"https:\/\/candelaorganic.com\/de\/wp-json\/wp\/v2\/product_tag?post=13539"}],"curies":[{"name":"wp","href":"https:\/\/api.w.org\/{rel}","templated":true}]}}