{"id":13529,"date":"2024-04-04T01:32:20","date_gmt":"2024-04-03T23:32:20","guid":{"rendered":"https:\/\/candelaorganic.com\/de\/?post_type=product&#038;p=13529"},"modified":"2025-01-28T16:38:16","modified_gmt":"2025-01-28T15:38:16","slug":"getrocknete-goldenberry-ueberzogen-mit-55-bio-schokolade","status":"publish","type":"product","link":"https:\/\/candelaorganic.com\/de\/producto\/getrocknete-goldenberry-ueberzogen-mit-55-bio-schokolade\/","title":{"rendered":"Getrocknete Goldenberry, \u00fcberzogen mit 55 % Bio-Schokolade"},"content":{"rendered":"<p>Die getrocknete Goldbeere ist ein Lebensmittel aus S\u00fcdamerika, das aufgrund seiner langen Verzehrsgeschichte in der Andenregion den Beinamen \u201eFrucht der Inkas\u201c erhalten hat. Diese getrocknete Frucht ist eine au\u00dfergew\u00f6hnliche Quelle f\u00fcr Vitamin C, das f\u00fcr die St\u00e4rkung des Immunsystems und f\u00fcr eine gesunde Haut und Schleimh\u00e4ute unerl\u00e4sslich ist. Dar\u00fcber hinaus ist die Goldbeere reich an Antioxidantien wie Carotinoiden und Polyphenolen, die dazu beitragen k\u00f6nnen, Sch\u00e4den durch freie Radikale zu bek\u00e4mpfen und das Risiko chronischer Krankheiten zu verringern.<\/p>\n<p>Ein weiterer wichtiger Vorteil der getrockneten Avocado ist ihr Gehalt an Ballaststoffen, die die Verdauung f\u00f6rdern und dazu beitragen k\u00f6nnen, den Blutzuckerspiegel stabil zu halten. Au\u00dferdem f\u00f6rdern Ballaststoffe das S\u00e4ttigungsgef\u00fchl, was sich positiv auf die Gewichtskontrolle auswirken und Hei\u00dfhungerattacken verhindern kann. Au\u00dferdem ist sie eine Quelle f\u00fcr Vitamin A, das f\u00fcr die Gesundheit der Augen, des Immunsystems und der Haut wichtig ist. Die Aufnahme von getrockneten Avocados in die Ern\u00e4hrung als gesunder Snack oder als Bestandteil von Trockenfruchtmischungen kann eine k\u00f6stliche M\u00f6glichkeit sein, von diesen ern\u00e4hrungsphysiologischen Vorteilen zu profitieren.<\/p>\n<p>&nbsp;<\/p>\n<div class=\"text-wrap\">\n<p><strong><span class=\"subtitle\" style=\"color: #f1b434;\">MERKMALE UND VORTEILE<\/span><\/strong><\/p>\n<\/div>\n<p>Unsere mit 55 % Bio-Schokolade \u00fcberzogene getrocknete goldene Beere bietet eine Symphonie aus Aromen, Texturen und N\u00e4hrstoffen, die Ihren Gaumen und Ihr Wohlbefinden verw\u00f6hnen und gleichzeitig die Verpflichtung zu ethischer Beschaffung und nachhaltigen Praktiken verk\u00f6rpern.<\/p>\n<ul>\n<li>Energiegeladener Genuss: Genie\u00dfen Sie unsere schokoladen\u00fcberzogenen getrockneten Goldbeeren ohne schlechtes Gewissen. Sie haben eine gute Menge an Kalorien pro Portion und liefern einen kr\u00e4ftigen Energieschub f\u00fcr Ihre t\u00e4glichen Aktivit\u00e4ten.<\/li>\n<li>Ausgewogene ern\u00e4hrungsphysiologische Harmonie: Mit Kohlenhydraten liefert diese Leckerei ein abgerundetes N\u00e4hrstoffprofil, das zur S\u00e4ttigung und allgemeinen Ern\u00e4hrung beitr\u00e4gt.<\/li>\n<li>Vitaler Proteinschub: Das in jeder Portion enthaltene Eiwei\u00df unterst\u00fctzt die Muskelgesundheit, die Reparatur und das allgemeine Wohlbefinden.<\/li>\n<li>Anreicherung mit Eisen: Entdecken Sie die Vorteile von Eisen, einem wichtigen Mineralstoff, der den Sauerstofftransport unterst\u00fctzt und so die Vitalit\u00e4t und die allgemeine Gesundheit f\u00f6rdert.<\/li>\n<li>Kalium-Power: Mit Kalium tragen diese Leckerbissen zur Gesundheit des Herzens, zum Fl\u00fcssigkeitshaushalt und zur ordnungsgem\u00e4\u00dfen Muskelfunktion bei und f\u00f6rdern so Ihr allgemeines Wohlbefinden.<\/li>\n<li>Zutaten: Getrocknete Goldenberrys, Bio-Zucker, Bio-Kakaolik\u00f6r, Bio-Kakaobutter, Gummiarabikum und Wasser.<\/li>\n<\/ul>\n<div class=\"text-wrap\">\n<div class=\"text-wrap\"><\/div>\n<\/div>\n","protected":false},"excerpt":{"rendered":"<div class=\"title\">\n<div class=\"title\">\n<div class=\"title\">\n<div class=\"title\">\n<div class=\"title\"><strong><span class=\"name\" style=\"color: #f1b434;\">\/ THEOBROMA CACAO &amp; PHYSALIS PERUVIANA \/<\/span><\/strong><\/div>\n<p>Tauchen Sie ein in eine Welt exquisiten Geschmacks mit unserer nachhaltig gewonnenen getrockneten Goldbeere, umh\u00fcllt von Schichten samtiger Bio-Schokolade mit 55 % Schokoladengehalt. Mit Sorgfalt zubereitet, bietet jeder Bissen eine harmonische Mischung aus nat\u00fcrlicher S\u00fc\u00dfe und ethischer Herkunft und verwandelt das Naschen in ein Vergn\u00fcgen ohne Schuldgef\u00fchle, das sowohl Ihren Gaumen als auch Ihre Werte anspricht.<\/p>\n<\/div>\n<\/div>\n<\/div>\n<\/div>\n","protected":false},"featured_media":10254,"comment_status":"open","ping_status":"closed","template":"","meta":{"editor_notices":[]},"product_cat":[120],"product_tag":[],"yoast_head":"<!-- This site is optimized with the Yoast SEO plugin v23.5 - https:\/\/yoast.com\/wordpress\/plugins\/seo\/ -->\n<title>Getrocknete Goldenberry, \u00fcberzogen mit 55 % Bio-Schokolade - Candela Organic<\/title>\n<meta name=\"description\" content=\"Dehydrierter Aguaymanto ist ein aus S\u00fcdamerika stammendes Lebensmittel, das den Spitznamen \u201eFrucht der Inkas\u201c tr\u00e4gt.\" \/>\n<meta name=\"robots\" content=\"index, follow, max-snippet:-1, max-image-preview:large, max-video-preview:-1\" \/>\n<link rel=\"canonical\" href=\"https:\/\/candelaorganic.com\/de\/producto\/getrocknete-goldenberry-ueberzogen-mit-55-bio-schokolade\/\" \/>\n<meta property=\"og:locale\" content=\"de_DE\" \/>\n<meta property=\"og:type\" content=\"article\" \/>\n<meta property=\"og:title\" content=\"Getrocknete Goldenberry, \u00fcberzogen mit 55 % Bio-Schokolade - Candela Organic\" \/>\n<meta property=\"og:description\" content=\"Dehydrierter Aguaymanto ist ein aus S\u00fcdamerika stammendes Lebensmittel, das den Spitznamen \u201eFrucht der Inkas\u201c tr\u00e4gt.\" \/>\n<meta property=\"og:url\" content=\"https:\/\/candelaorganic.com\/de\/producto\/getrocknete-goldenberry-ueberzogen-mit-55-bio-schokolade\/\" \/>\n<meta property=\"og:site_name\" content=\"Candela Organic\" \/>\n<meta property=\"article:modified_time\" content=\"2025-01-28T15:38:16+00:00\" \/>\n<meta property=\"og:image\" content=\"https:\/\/candelaorganic.com\/de\/wp-content\/uploads\/sites\/14\/2024\/04\/Aguaymanto-55-cover-product-image.webp\" \/>\n\t<meta property=\"og:image:width\" content=\"1069\" \/>\n\t<meta property=\"og:image:height\" content=\"1080\" \/>\n\t<meta property=\"og:image:type\" content=\"image\/webp\" \/>\n<meta name=\"twitter:card\" content=\"summary_large_image\" \/>\n<meta name=\"twitter:label1\" content=\"Gesch\u00e4tzte Lesezeit\" \/>\n\t<meta name=\"twitter:data1\" content=\"3\u00a0Minuten\" \/>\n<script type=\"application\/ld+json\" class=\"yoast-schema-graph\">{\"@context\":\"https:\/\/schema.org\",\"@graph\":[{\"@type\":\"WebPage\",\"@id\":\"https:\/\/candelaorganic.com\/de\/producto\/getrocknete-goldenberry-ueberzogen-mit-55-bio-schokolade\/\",\"url\":\"https:\/\/candelaorganic.com\/de\/producto\/getrocknete-goldenberry-ueberzogen-mit-55-bio-schokolade\/\",\"name\":\"Getrocknete Goldenberry, \u00fcberzogen mit 55 % Bio-Schokolade - Candela Organic\",\"isPartOf\":{\"@id\":\"https:\/\/candelaorganic.com\/de\/#website\"},\"primaryImageOfPage\":{\"@id\":\"https:\/\/candelaorganic.com\/de\/producto\/getrocknete-goldenberry-ueberzogen-mit-55-bio-schokolade\/#primaryimage\"},\"image\":{\"@id\":\"https:\/\/candelaorganic.com\/de\/producto\/getrocknete-goldenberry-ueberzogen-mit-55-bio-schokolade\/#primaryimage\"},\"thumbnailUrl\":\"https:\/\/candelaorganic.com\/de\/wp-content\/uploads\/sites\/14\/2024\/04\/Aguaymanto-55-cover-product-image.webp\",\"datePublished\":\"2024-04-03T23:32:20+00:00\",\"dateModified\":\"2025-01-28T15:38:16+00:00\",\"description\":\"Dehydrierter Aguaymanto ist ein aus S\u00fcdamerika stammendes Lebensmittel, das den Spitznamen \u201eFrucht der Inkas\u201c tr\u00e4gt.\",\"breadcrumb\":{\"@id\":\"https:\/\/candelaorganic.com\/de\/producto\/getrocknete-goldenberry-ueberzogen-mit-55-bio-schokolade\/#breadcrumb\"},\"inLanguage\":\"de\",\"potentialAction\":[{\"@type\":\"ReadAction\",\"target\":[\"https:\/\/candelaorganic.com\/de\/producto\/getrocknete-goldenberry-ueberzogen-mit-55-bio-schokolade\/\"]}]},{\"@type\":\"ImageObject\",\"inLanguage\":\"de\",\"@id\":\"https:\/\/candelaorganic.com\/de\/producto\/getrocknete-goldenberry-ueberzogen-mit-55-bio-schokolade\/#primaryimage\",\"url\":\"https:\/\/candelaorganic.com\/de\/wp-content\/uploads\/sites\/14\/2024\/04\/Aguaymanto-55-cover-product-image.webp\",\"contentUrl\":\"https:\/\/candelaorganic.com\/de\/wp-content\/uploads\/sites\/14\/2024\/04\/Aguaymanto-55-cover-product-image.webp\",\"width\":1069,\"height\":1080},{\"@type\":\"BreadcrumbList\",\"@id\":\"https:\/\/candelaorganic.com\/de\/producto\/getrocknete-goldenberry-ueberzogen-mit-55-bio-schokolade\/#breadcrumb\",\"itemListElement\":[{\"@type\":\"ListItem\",\"position\":1,\"name\":\"Produkte\",\"item\":\"https:\/\/candelaorganic.com\/de\/produkte\/\"},{\"@type\":\"ListItem\",\"position\":2,\"name\":\"Massennahrung\",\"item\":\"https:\/\/candelaorganic.com\/de\/tienda\/massennahrung\/\"},{\"@type\":\"ListItem\",\"position\":3,\"name\":\"Snacks\",\"item\":\"https:\/\/candelaorganic.com\/de\/tienda\/massennahrung\/snacks-bulk\/\"},{\"@type\":\"ListItem\",\"position\":4,\"name\":\"55 % Kakao\",\"item\":\"https:\/\/candelaorganic.com\/de\/tienda\/massennahrung\/snacks-bulk\/55-kakao\/\"},{\"@type\":\"ListItem\",\"position\":5,\"name\":\"Getrocknete Goldenberry, \u00fcberzogen mit 55 % Bio-Schokolade\"}]},{\"@type\":\"WebSite\",\"@id\":\"https:\/\/candelaorganic.com\/de\/#website\",\"url\":\"https:\/\/candelaorganic.com\/de\/\",\"name\":\"Candela Organic\",\"description\":\"Wir erh\u00f6hen die Lebensmittelstandards\",\"publisher\":{\"@id\":\"https:\/\/candelaorganic.com\/de\/#organization\"},\"potentialAction\":[{\"@type\":\"SearchAction\",\"target\":{\"@type\":\"EntryPoint\",\"urlTemplate\":\"https:\/\/candelaorganic.com\/de\/?s={search_term_string}\"},\"query-input\":{\"@type\":\"PropertyValueSpecification\",\"valueRequired\":true,\"valueName\":\"search_term_string\"}}],\"inLanguage\":\"de\"},{\"@type\":\"Organization\",\"@id\":\"https:\/\/candelaorganic.com\/de\/#organization\",\"name\":\"Candela Organic\",\"url\":\"https:\/\/candelaorganic.com\/de\/\",\"logo\":{\"@type\":\"ImageObject\",\"inLanguage\":\"de\",\"@id\":\"https:\/\/candelaorganic.com\/de\/#\/schema\/logo\/image\/\",\"url\":\"https:\/\/candelaorganic.com\/de\/wp-content\/uploads\/sites\/14\/2024\/04\/Logotype.webp\",\"contentUrl\":\"https:\/\/candelaorganic.com\/de\/wp-content\/uploads\/sites\/14\/2024\/04\/Logotype.webp\",\"width\":256,\"height\":52,\"caption\":\"Candela Organic\"},\"image\":{\"@id\":\"https:\/\/candelaorganic.com\/de\/#\/schema\/logo\/image\/\"}}]}<\/script>\n<!-- \/ Yoast SEO plugin. -->","yoast_head_json":{"title":"Getrocknete Goldenberry, \u00fcberzogen mit 55 % Bio-Schokolade - Candela Organic","description":"Dehydrierter Aguaymanto ist ein aus S\u00fcdamerika stammendes Lebensmittel, das den Spitznamen \u201eFrucht der Inkas\u201c tr\u00e4gt.","robots":{"index":"index","follow":"follow","max-snippet":"max-snippet:-1","max-image-preview":"max-image-preview:large","max-video-preview":"max-video-preview:-1"},"canonical":"https:\/\/candelaorganic.com\/de\/producto\/getrocknete-goldenberry-ueberzogen-mit-55-bio-schokolade\/","og_locale":"de_DE","og_type":"article","og_title":"Getrocknete Goldenberry, \u00fcberzogen mit 55 % Bio-Schokolade - Candela Organic","og_description":"Dehydrierter Aguaymanto ist ein aus S\u00fcdamerika stammendes Lebensmittel, das den Spitznamen \u201eFrucht der Inkas\u201c tr\u00e4gt.","og_url":"https:\/\/candelaorganic.com\/de\/producto\/getrocknete-goldenberry-ueberzogen-mit-55-bio-schokolade\/","og_site_name":"Candela Organic","article_modified_time":"2025-01-28T15:38:16+00:00","og_image":[{"width":1069,"height":1080,"url":"https:\/\/candelaorganic.com\/de\/wp-content\/uploads\/sites\/14\/2024\/04\/Aguaymanto-55-cover-product-image.webp","type":"image\/webp"}],"twitter_card":"summary_large_image","twitter_misc":{"Gesch\u00e4tzte Lesezeit":"3\u00a0Minuten"},"schema":{"@context":"https:\/\/schema.org","@graph":[{"@type":"WebPage","@id":"https:\/\/candelaorganic.com\/de\/producto\/getrocknete-goldenberry-ueberzogen-mit-55-bio-schokolade\/","url":"https:\/\/candelaorganic.com\/de\/producto\/getrocknete-goldenberry-ueberzogen-mit-55-bio-schokolade\/","name":"Getrocknete Goldenberry, \u00fcberzogen mit 55 % Bio-Schokolade - Candela Organic","isPartOf":{"@id":"https:\/\/candelaorganic.com\/de\/#website"},"primaryImageOfPage":{"@id":"https:\/\/candelaorganic.com\/de\/producto\/getrocknete-goldenberry-ueberzogen-mit-55-bio-schokolade\/#primaryimage"},"image":{"@id":"https:\/\/candelaorganic.com\/de\/producto\/getrocknete-goldenberry-ueberzogen-mit-55-bio-schokolade\/#primaryimage"},"thumbnailUrl":"https:\/\/candelaorganic.com\/de\/wp-content\/uploads\/sites\/14\/2024\/04\/Aguaymanto-55-cover-product-image.webp","datePublished":"2024-04-03T23:32:20+00:00","dateModified":"2025-01-28T15:38:16+00:00","description":"Dehydrierter Aguaymanto ist ein aus S\u00fcdamerika stammendes Lebensmittel, das den Spitznamen \u201eFrucht der Inkas\u201c tr\u00e4gt.","breadcrumb":{"@id":"https:\/\/candelaorganic.com\/de\/producto\/getrocknete-goldenberry-ueberzogen-mit-55-bio-schokolade\/#breadcrumb"},"inLanguage":"de","potentialAction":[{"@type":"ReadAction","target":["https:\/\/candelaorganic.com\/de\/producto\/getrocknete-goldenberry-ueberzogen-mit-55-bio-schokolade\/"]}]},{"@type":"ImageObject","inLanguage":"de","@id":"https:\/\/candelaorganic.com\/de\/producto\/getrocknete-goldenberry-ueberzogen-mit-55-bio-schokolade\/#primaryimage","url":"https:\/\/candelaorganic.com\/de\/wp-content\/uploads\/sites\/14\/2024\/04\/Aguaymanto-55-cover-product-image.webp","contentUrl":"https:\/\/candelaorganic.com\/de\/wp-content\/uploads\/sites\/14\/2024\/04\/Aguaymanto-55-cover-product-image.webp","width":1069,"height":1080},{"@type":"BreadcrumbList","@id":"https:\/\/candelaorganic.com\/de\/producto\/getrocknete-goldenberry-ueberzogen-mit-55-bio-schokolade\/#breadcrumb","itemListElement":[{"@type":"ListItem","position":1,"name":"Produkte","item":"https:\/\/candelaorganic.com\/de\/produkte\/"},{"@type":"ListItem","position":2,"name":"Massennahrung","item":"https:\/\/candelaorganic.com\/de\/tienda\/massennahrung\/"},{"@type":"ListItem","position":3,"name":"Snacks","item":"https:\/\/candelaorganic.com\/de\/tienda\/massennahrung\/snacks-bulk\/"},{"@type":"ListItem","position":4,"name":"55 % Kakao","item":"https:\/\/candelaorganic.com\/de\/tienda\/massennahrung\/snacks-bulk\/55-kakao\/"},{"@type":"ListItem","position":5,"name":"Getrocknete Goldenberry, \u00fcberzogen mit 55 % Bio-Schokolade"}]},{"@type":"WebSite","@id":"https:\/\/candelaorganic.com\/de\/#website","url":"https:\/\/candelaorganic.com\/de\/","name":"Candela Organic","description":"Wir erh\u00f6hen die Lebensmittelstandards","publisher":{"@id":"https:\/\/candelaorganic.com\/de\/#organization"},"potentialAction":[{"@type":"SearchAction","target":{"@type":"EntryPoint","urlTemplate":"https:\/\/candelaorganic.com\/de\/?s={search_term_string}"},"query-input":{"@type":"PropertyValueSpecification","valueRequired":true,"valueName":"search_term_string"}}],"inLanguage":"de"},{"@type":"Organization","@id":"https:\/\/candelaorganic.com\/de\/#organization","name":"Candela Organic","url":"https:\/\/candelaorganic.com\/de\/","logo":{"@type":"ImageObject","inLanguage":"de","@id":"https:\/\/candelaorganic.com\/de\/#\/schema\/logo\/image\/","url":"https:\/\/candelaorganic.com\/de\/wp-content\/uploads\/sites\/14\/2024\/04\/Logotype.webp","contentUrl":"https:\/\/candelaorganic.com\/de\/wp-content\/uploads\/sites\/14\/2024\/04\/Logotype.webp","width":256,"height":52,"caption":"Candela Organic"},"image":{"@id":"https:\/\/candelaorganic.com\/de\/#\/schema\/logo\/image\/"}}]}},"_links":{"self":[{"href":"https:\/\/candelaorganic.com\/de\/wp-json\/wp\/v2\/product\/13529"}],"collection":[{"href":"https:\/\/candelaorganic.com\/de\/wp-json\/wp\/v2\/product"}],"about":[{"href":"https:\/\/candelaorganic.com\/de\/wp-json\/wp\/v2\/types\/product"}],"replies":[{"embeddable":true,"href":"https:\/\/candelaorganic.com\/de\/wp-json\/wp\/v2\/comments?post=13529"}],"wp:featuredmedia":[{"embeddable":true,"href":"https:\/\/candelaorganic.com\/de\/wp-json\/wp\/v2\/media\/10254"}],"wp:attachment":[{"href":"https:\/\/candelaorganic.com\/de\/wp-json\/wp\/v2\/media?parent=13529"}],"wp:term":[{"taxonomy":"product_cat","embeddable":true,"href":"https:\/\/candelaorganic.com\/de\/wp-json\/wp\/v2\/product_cat?post=13529"},{"taxonomy":"product_tag","embeddable":true,"href":"https:\/\/candelaorganic.com\/de\/wp-json\/wp\/v2\/product_tag?post=13529"}],"curies":[{"name":"wp","href":"https:\/\/api.w.org\/{rel}","templated":true}]}}