{"id":12589,"date":"2024-04-03T17:37:12","date_gmt":"2024-04-03T15:37:12","guid":{"rendered":"https:\/\/candelaorganic.com\/de\/?post_type=product&#038;p=12589"},"modified":"2024-06-20T22:45:01","modified_gmt":"2024-06-20T20:45:01","slug":"cashew-umhuellt-mit-55-bio-schokolade","status":"publish","type":"product","link":"https:\/\/candelaorganic.com\/de\/producto\/cashew-umhuellt-mit-55-bio-schokolade\/","title":{"rendered":"Cashew umh\u00fcllt mit 55 % Bio-Schokolade"},"content":{"rendered":"<p>Bio-Cashews sind eine k\u00f6stliche und gesunde Nusssorte, die in der Welt der gesundheitsbewussten Verbraucher gro\u00dfe Beliebtheit erlangt hat. Diese Cashews werden mit nachhaltigen und umweltfreundlichen Anbaumethoden angebaut, ohne den Einsatz von synthetischen Pestiziden oder D\u00fcngemitteln. Das Ergebnis ist ein reineres und nat\u00fcrlicheres Geschmacksprofil mit einer reichhaltigen und cremigen Textur, die sie zu einem Favoriten f\u00fcr Snacks und kulinarische Anwendungen macht. Neben ihrem k\u00f6stlichen Geschmack und ihrer Konsistenz bieten Bio-Cashews auch zahlreiche gesundheitliche Vorteile. Sie sind eine hervorragende Quelle f\u00fcr herzgesunde einfach unges\u00e4ttigte Fette, essenzielle Vitamine und Mineralien wie Magnesium, Kupfer und Phosphor. Die Wahl von Bio-Cashewn\u00fcssen unterst\u00fctzt nicht nur ges\u00fcndere Essgewohnheiten, sondern f\u00f6rdert auch eine umweltfreundliche Landwirtschaft und ist damit nicht nur gut f\u00fcr Sie, sondern auch f\u00fcr unseren Planeten.<\/p>\n<p>&nbsp;<\/p>\n<div class=\"text-wrap\">\n<p><strong><span class=\"subtitle\" style=\"color: #f1b434;\">FEATURES &amp; BENEFITS<\/span><\/strong><\/p>\n<\/div>\n<div class=\"text-wrap\">\n<div class=\"text-wrap\">\n<p>Die Kombination von Bio-Cashewn\u00fcssen mit Bio-Schokolade bietet m\u00f6glicherweise einen k\u00f6stlichen Genuss, der nicht nur Ihren Gaumen befriedigt, sondern auch potenzielle gesundheitliche Vorteile bietet und zu einem ausgewogenen und angenehmen Snackerlebnis beitr\u00e4gt.<\/p>\n<ul>\n<li>Unterst\u00fctzung der Herzgesundheit: Cashewn\u00fcsse, reich an einfach unges\u00e4ttigten Fetten, k\u00f6nnen die Herzgesundheit f\u00f6rdern, indem sie dazu beitragen, den schlechten Cholesterinspiegel zu senken und das Risiko von Herzerkrankungen zu verringern.<\/li>\n<li>N\u00e4hrstoffreicher Genuss: Cashewn\u00fcsse sind vollgepackt mit essentiellen N\u00e4hrstoffen wie den Vitaminen E, K und B6 sowie Mineralien wie Kupfer, Magnesium und Zink und tragen so zum allgemeinen Wohlbefinden bei.<\/li>\n<li>Antioxidantien-Boost: Dunkler Schokoladen\u00fcberzug f\u00fcgt der Mischung Antioxidantien hinzu, die dazu beitragen k\u00f6nnen, die Zellen vor oxidativen Sch\u00e4den zu sch\u00fctzen und potenzielle gesundheitliche Vorteile haben.<\/li>\n<li>Energie und S\u00e4ttigung: Die Kombination aus gesunden Fetten aus Cashewn\u00fcssen und dem Energieschub aus Schokolade bietet eine s\u00e4ttigende und nahrhafte Snack-Option.<\/li>\n<li>Stimmungsaufhellung: Dunkle Schokolade enth\u00e4lt Verbindungen, die die Freisetzung von Endorphinen ausl\u00f6sen k\u00f6nnen, was ein Gef\u00fchl der Freude f\u00f6rdert und m\u00f6glicherweise die Stimmung verbessert.<\/li>\n<\/ul>\n<\/div>\n<\/div>\n","protected":false},"excerpt":{"rendered":"<div class=\"title\">\n<div class=\"title\">\n<div class=\"title\">\n<div class=\"title\">\n<div class=\"title\"><strong><span class=\"name\" style=\"color: #f1b434;\">\/ THEOBROMA CACAO &amp; ANACARDIUM OCCIDENTALE \/<\/span><\/strong><\/div>\n<p>Embark on a journey of delectable flavors with our sustainably sourced cashews draped in layers of velvety organic 55% chocolate. Meticulously crafted, each bite offers a harmonious blend of nutty goodness and ethical sourcing, transforming snacking into a guilt-free pleasure that resonates with both your palate and value.<\/p>\n<\/div>\n<\/div>\n<\/div>\n<\/div>\n","protected":false},"featured_media":10303,"comment_status":"open","ping_status":"closed","template":"","meta":{"editor_notices":[]},"product_cat":[120],"product_tag":[],"yoast_head":"<!-- This site is optimized with the Yoast SEO plugin v23.5 - https:\/\/yoast.com\/wordpress\/plugins\/seo\/ -->\n<title>Cashew umh\u00fcllt mit 55 % Bio-Schokolade - Candela Organic<\/title>\n<meta name=\"description\" content=\"Diese N\u00fcsse sind eine hervorragende Quelle f\u00fcr gesunde Fette, insbesondere einfach und mehrfach unges\u00e4ttigte Fetts\u00e4uren.\" \/>\n<meta name=\"robots\" content=\"index, follow, max-snippet:-1, max-image-preview:large, max-video-preview:-1\" \/>\n<link rel=\"canonical\" href=\"https:\/\/candelaorganic.com\/de\/producto\/cashew-umhuellt-mit-55-bio-schokolade\/\" \/>\n<meta property=\"og:locale\" content=\"de_DE\" \/>\n<meta property=\"og:type\" content=\"article\" \/>\n<meta property=\"og:title\" content=\"Cashew umh\u00fcllt mit 55 % Bio-Schokolade - Candela Organic\" \/>\n<meta property=\"og:description\" content=\"Diese N\u00fcsse sind eine hervorragende Quelle f\u00fcr gesunde Fette, insbesondere einfach und mehrfach unges\u00e4ttigte Fetts\u00e4uren.\" \/>\n<meta property=\"og:url\" content=\"https:\/\/candelaorganic.com\/de\/producto\/cashew-umhuellt-mit-55-bio-schokolade\/\" \/>\n<meta property=\"og:site_name\" content=\"Candela Organic\" \/>\n<meta property=\"article:modified_time\" content=\"2024-06-20T20:45:01+00:00\" \/>\n<meta property=\"og:image\" content=\"https:\/\/candelaorganic.com\/de\/wp-content\/uploads\/sites\/14\/2024\/04\/Cashew-55-cover-product-image.webp\" \/>\n\t<meta property=\"og:image:width\" content=\"1069\" \/>\n\t<meta property=\"og:image:height\" content=\"1080\" \/>\n\t<meta property=\"og:image:type\" content=\"image\/webp\" \/>\n<meta name=\"twitter:card\" content=\"summary_large_image\" \/>\n<meta name=\"twitter:label1\" content=\"Gesch\u00e4tzte Lesezeit\" \/>\n\t<meta name=\"twitter:data1\" content=\"2\u00a0Minuten\" \/>\n<script type=\"application\/ld+json\" class=\"yoast-schema-graph\">{\"@context\":\"https:\/\/schema.org\",\"@graph\":[{\"@type\":\"WebPage\",\"@id\":\"https:\/\/candelaorganic.com\/de\/producto\/cashew-umhuellt-mit-55-bio-schokolade\/\",\"url\":\"https:\/\/candelaorganic.com\/de\/producto\/cashew-umhuellt-mit-55-bio-schokolade\/\",\"name\":\"Cashew umh\u00fcllt mit 55 % Bio-Schokolade - Candela Organic\",\"isPartOf\":{\"@id\":\"https:\/\/candelaorganic.com\/de\/#website\"},\"primaryImageOfPage\":{\"@id\":\"https:\/\/candelaorganic.com\/de\/producto\/cashew-umhuellt-mit-55-bio-schokolade\/#primaryimage\"},\"image\":{\"@id\":\"https:\/\/candelaorganic.com\/de\/producto\/cashew-umhuellt-mit-55-bio-schokolade\/#primaryimage\"},\"thumbnailUrl\":\"https:\/\/candelaorganic.com\/de\/wp-content\/uploads\/sites\/14\/2024\/04\/Cashew-55-cover-product-image.webp\",\"datePublished\":\"2024-04-03T15:37:12+00:00\",\"dateModified\":\"2024-06-20T20:45:01+00:00\",\"description\":\"Diese N\u00fcsse sind eine hervorragende Quelle f\u00fcr gesunde Fette, insbesondere einfach und mehrfach unges\u00e4ttigte Fetts\u00e4uren.\",\"breadcrumb\":{\"@id\":\"https:\/\/candelaorganic.com\/de\/producto\/cashew-umhuellt-mit-55-bio-schokolade\/#breadcrumb\"},\"inLanguage\":\"de\",\"potentialAction\":[{\"@type\":\"ReadAction\",\"target\":[\"https:\/\/candelaorganic.com\/de\/producto\/cashew-umhuellt-mit-55-bio-schokolade\/\"]}]},{\"@type\":\"ImageObject\",\"inLanguage\":\"de\",\"@id\":\"https:\/\/candelaorganic.com\/de\/producto\/cashew-umhuellt-mit-55-bio-schokolade\/#primaryimage\",\"url\":\"https:\/\/candelaorganic.com\/de\/wp-content\/uploads\/sites\/14\/2024\/04\/Cashew-55-cover-product-image.webp\",\"contentUrl\":\"https:\/\/candelaorganic.com\/de\/wp-content\/uploads\/sites\/14\/2024\/04\/Cashew-55-cover-product-image.webp\",\"width\":1069,\"height\":1080},{\"@type\":\"BreadcrumbList\",\"@id\":\"https:\/\/candelaorganic.com\/de\/producto\/cashew-umhuellt-mit-55-bio-schokolade\/#breadcrumb\",\"itemListElement\":[{\"@type\":\"ListItem\",\"position\":1,\"name\":\"Produkte\",\"item\":\"https:\/\/candelaorganic.com\/de\/produkte\/\"},{\"@type\":\"ListItem\",\"position\":2,\"name\":\"Massennahrung\",\"item\":\"https:\/\/candelaorganic.com\/de\/tienda\/massennahrung\/\"},{\"@type\":\"ListItem\",\"position\":3,\"name\":\"Snacks\",\"item\":\"https:\/\/candelaorganic.com\/de\/tienda\/massennahrung\/snacks-bulk\/\"},{\"@type\":\"ListItem\",\"position\":4,\"name\":\"55 % Kakao\",\"item\":\"https:\/\/candelaorganic.com\/de\/tienda\/massennahrung\/snacks-bulk\/55-kakao\/\"},{\"@type\":\"ListItem\",\"position\":5,\"name\":\"Cashew umh\u00fcllt mit 55 % Bio-Schokolade\"}]},{\"@type\":\"WebSite\",\"@id\":\"https:\/\/candelaorganic.com\/de\/#website\",\"url\":\"https:\/\/candelaorganic.com\/de\/\",\"name\":\"Candela Organic\",\"description\":\"Wir erh\u00f6hen die Lebensmittelstandards\",\"publisher\":{\"@id\":\"https:\/\/candelaorganic.com\/de\/#organization\"},\"potentialAction\":[{\"@type\":\"SearchAction\",\"target\":{\"@type\":\"EntryPoint\",\"urlTemplate\":\"https:\/\/candelaorganic.com\/de\/?s={search_term_string}\"},\"query-input\":{\"@type\":\"PropertyValueSpecification\",\"valueRequired\":true,\"valueName\":\"search_term_string\"}}],\"inLanguage\":\"de\"},{\"@type\":\"Organization\",\"@id\":\"https:\/\/candelaorganic.com\/de\/#organization\",\"name\":\"Candela Organic\",\"url\":\"https:\/\/candelaorganic.com\/de\/\",\"logo\":{\"@type\":\"ImageObject\",\"inLanguage\":\"de\",\"@id\":\"https:\/\/candelaorganic.com\/de\/#\/schema\/logo\/image\/\",\"url\":\"https:\/\/candelaorganic.com\/de\/wp-content\/uploads\/sites\/14\/2024\/04\/Logotype.webp\",\"contentUrl\":\"https:\/\/candelaorganic.com\/de\/wp-content\/uploads\/sites\/14\/2024\/04\/Logotype.webp\",\"width\":256,\"height\":52,\"caption\":\"Candela Organic\"},\"image\":{\"@id\":\"https:\/\/candelaorganic.com\/de\/#\/schema\/logo\/image\/\"}}]}<\/script>\n<!-- \/ Yoast SEO plugin. -->","yoast_head_json":{"title":"Cashew umh\u00fcllt mit 55 % Bio-Schokolade - Candela Organic","description":"Diese N\u00fcsse sind eine hervorragende Quelle f\u00fcr gesunde Fette, insbesondere einfach und mehrfach unges\u00e4ttigte Fetts\u00e4uren.","robots":{"index":"index","follow":"follow","max-snippet":"max-snippet:-1","max-image-preview":"max-image-preview:large","max-video-preview":"max-video-preview:-1"},"canonical":"https:\/\/candelaorganic.com\/de\/producto\/cashew-umhuellt-mit-55-bio-schokolade\/","og_locale":"de_DE","og_type":"article","og_title":"Cashew umh\u00fcllt mit 55 % Bio-Schokolade - Candela Organic","og_description":"Diese N\u00fcsse sind eine hervorragende Quelle f\u00fcr gesunde Fette, insbesondere einfach und mehrfach unges\u00e4ttigte Fetts\u00e4uren.","og_url":"https:\/\/candelaorganic.com\/de\/producto\/cashew-umhuellt-mit-55-bio-schokolade\/","og_site_name":"Candela Organic","article_modified_time":"2024-06-20T20:45:01+00:00","og_image":[{"width":1069,"height":1080,"url":"https:\/\/candelaorganic.com\/de\/wp-content\/uploads\/sites\/14\/2024\/04\/Cashew-55-cover-product-image.webp","type":"image\/webp"}],"twitter_card":"summary_large_image","twitter_misc":{"Gesch\u00e4tzte Lesezeit":"2\u00a0Minuten"},"schema":{"@context":"https:\/\/schema.org","@graph":[{"@type":"WebPage","@id":"https:\/\/candelaorganic.com\/de\/producto\/cashew-umhuellt-mit-55-bio-schokolade\/","url":"https:\/\/candelaorganic.com\/de\/producto\/cashew-umhuellt-mit-55-bio-schokolade\/","name":"Cashew umh\u00fcllt mit 55 % Bio-Schokolade - Candela Organic","isPartOf":{"@id":"https:\/\/candelaorganic.com\/de\/#website"},"primaryImageOfPage":{"@id":"https:\/\/candelaorganic.com\/de\/producto\/cashew-umhuellt-mit-55-bio-schokolade\/#primaryimage"},"image":{"@id":"https:\/\/candelaorganic.com\/de\/producto\/cashew-umhuellt-mit-55-bio-schokolade\/#primaryimage"},"thumbnailUrl":"https:\/\/candelaorganic.com\/de\/wp-content\/uploads\/sites\/14\/2024\/04\/Cashew-55-cover-product-image.webp","datePublished":"2024-04-03T15:37:12+00:00","dateModified":"2024-06-20T20:45:01+00:00","description":"Diese N\u00fcsse sind eine hervorragende Quelle f\u00fcr gesunde Fette, insbesondere einfach und mehrfach unges\u00e4ttigte Fetts\u00e4uren.","breadcrumb":{"@id":"https:\/\/candelaorganic.com\/de\/producto\/cashew-umhuellt-mit-55-bio-schokolade\/#breadcrumb"},"inLanguage":"de","potentialAction":[{"@type":"ReadAction","target":["https:\/\/candelaorganic.com\/de\/producto\/cashew-umhuellt-mit-55-bio-schokolade\/"]}]},{"@type":"ImageObject","inLanguage":"de","@id":"https:\/\/candelaorganic.com\/de\/producto\/cashew-umhuellt-mit-55-bio-schokolade\/#primaryimage","url":"https:\/\/candelaorganic.com\/de\/wp-content\/uploads\/sites\/14\/2024\/04\/Cashew-55-cover-product-image.webp","contentUrl":"https:\/\/candelaorganic.com\/de\/wp-content\/uploads\/sites\/14\/2024\/04\/Cashew-55-cover-product-image.webp","width":1069,"height":1080},{"@type":"BreadcrumbList","@id":"https:\/\/candelaorganic.com\/de\/producto\/cashew-umhuellt-mit-55-bio-schokolade\/#breadcrumb","itemListElement":[{"@type":"ListItem","position":1,"name":"Produkte","item":"https:\/\/candelaorganic.com\/de\/produkte\/"},{"@type":"ListItem","position":2,"name":"Massennahrung","item":"https:\/\/candelaorganic.com\/de\/tienda\/massennahrung\/"},{"@type":"ListItem","position":3,"name":"Snacks","item":"https:\/\/candelaorganic.com\/de\/tienda\/massennahrung\/snacks-bulk\/"},{"@type":"ListItem","position":4,"name":"55 % Kakao","item":"https:\/\/candelaorganic.com\/de\/tienda\/massennahrung\/snacks-bulk\/55-kakao\/"},{"@type":"ListItem","position":5,"name":"Cashew umh\u00fcllt mit 55 % Bio-Schokolade"}]},{"@type":"WebSite","@id":"https:\/\/candelaorganic.com\/de\/#website","url":"https:\/\/candelaorganic.com\/de\/","name":"Candela Organic","description":"Wir erh\u00f6hen die Lebensmittelstandards","publisher":{"@id":"https:\/\/candelaorganic.com\/de\/#organization"},"potentialAction":[{"@type":"SearchAction","target":{"@type":"EntryPoint","urlTemplate":"https:\/\/candelaorganic.com\/de\/?s={search_term_string}"},"query-input":{"@type":"PropertyValueSpecification","valueRequired":true,"valueName":"search_term_string"}}],"inLanguage":"de"},{"@type":"Organization","@id":"https:\/\/candelaorganic.com\/de\/#organization","name":"Candela Organic","url":"https:\/\/candelaorganic.com\/de\/","logo":{"@type":"ImageObject","inLanguage":"de","@id":"https:\/\/candelaorganic.com\/de\/#\/schema\/logo\/image\/","url":"https:\/\/candelaorganic.com\/de\/wp-content\/uploads\/sites\/14\/2024\/04\/Logotype.webp","contentUrl":"https:\/\/candelaorganic.com\/de\/wp-content\/uploads\/sites\/14\/2024\/04\/Logotype.webp","width":256,"height":52,"caption":"Candela Organic"},"image":{"@id":"https:\/\/candelaorganic.com\/de\/#\/schema\/logo\/image\/"}}]}},"_links":{"self":[{"href":"https:\/\/candelaorganic.com\/de\/wp-json\/wp\/v2\/product\/12589"}],"collection":[{"href":"https:\/\/candelaorganic.com\/de\/wp-json\/wp\/v2\/product"}],"about":[{"href":"https:\/\/candelaorganic.com\/de\/wp-json\/wp\/v2\/types\/product"}],"replies":[{"embeddable":true,"href":"https:\/\/candelaorganic.com\/de\/wp-json\/wp\/v2\/comments?post=12589"}],"wp:featuredmedia":[{"embeddable":true,"href":"https:\/\/candelaorganic.com\/de\/wp-json\/wp\/v2\/media\/10303"}],"wp:attachment":[{"href":"https:\/\/candelaorganic.com\/de\/wp-json\/wp\/v2\/media?parent=12589"}],"wp:term":[{"taxonomy":"product_cat","embeddable":true,"href":"https:\/\/candelaorganic.com\/de\/wp-json\/wp\/v2\/product_cat?post=12589"},{"taxonomy":"product_tag","embeddable":true,"href":"https:\/\/candelaorganic.com\/de\/wp-json\/wp\/v2\/product_tag?post=12589"}],"curies":[{"name":"wp","href":"https:\/\/api.w.org\/{rel}","templated":true}]}}