{"id":11744,"date":"2024-04-03T03:44:58","date_gmt":"2024-04-03T01:44:58","guid":{"rendered":"https:\/\/candelaorganic.com\/de\/?post_type=product&#038;p=11744"},"modified":"2025-11-26T17:25:14","modified_gmt":"2025-11-26T16:25:14","slug":"sacha-inchi-ueberzogen-mit-schokolade-55-kakao","status":"publish","type":"product","link":"https:\/\/candelaorganic.com\/de\/producto\/sacha-inchi-ueberzogen-mit-schokolade-55-kakao\/","title":{"rendered":"Sacha Inchi \u00fcberzogen mit Schokolade 55 % Kakao"},"content":{"rendered":"<p>Sacha Inchi, auch \u201eInka-Erdn\u00fcsse\u201c genannt, ist eine \u00e4u\u00dferst nahrhafte Nuss, die zahlreiche gesundheitliche Vorteile bietet. Es ist eine der reichsten pflanzlichen Quellen f\u00fcr Omega-3-Fetts\u00e4uren, insbesondere Alpha-Linolens\u00e4ure (ALA). Diese Fetts\u00e4uren sind f\u00fcr die Herz-Kreislauf-Gesundheit unerl\u00e4sslich, da sie dazu beitragen k\u00f6nnen, den LDL-Cholesterinspiegel (\u201eschlechtes\u201c Cholesterin) zu senken und gesunde Arterien zu f\u00f6rdern. Dar\u00fcber hinaus ist Sacha Inchi reich an Proteinen, was es zu einer gro\u00dfartigen Option f\u00fcr Vegetarier und Veganer macht, die auf eine ausreichende Proteinzufuhr in ihrer Ern\u00e4hrung achten. Proteine \u200b\u200bsind f\u00fcr Gewebewachstum und -reparatur sowie f\u00fcr die Muskelfunktion unerl\u00e4sslich.<\/p>\n<p>Zus\u00e4tzlich zu seinem vorteilhaften Lipidprofil ist Sacha Inchi eine Quelle von Antioxidantien wie Vitamin E und Flavonoiden, die zur Bek\u00e4mpfung von oxidativem Stress im K\u00f6rper beitragen und zur Vorbeugung chronischer Krankheiten beitragen k\u00f6nnen. Es ist au\u00dferdem eine gute Quelle f\u00fcr Ballaststoffe, die die Verdauung unterst\u00fctzen, das S\u00e4ttigungsgef\u00fchl f\u00f6rdern und zur Aufrechterhaltung eines stabilen Blutzuckerspiegels beitragen. Sacha Inchi ist eine vielseitige Nuss, die allein als Snack genossen oder in Salate, Joghurts und Smoothies eingearbeitet werden kann, um ihre ern\u00e4hrungsphysiologischen Vorteile zu nutzen. In Schokolade getaucht ist es eine Delikatesse.<\/p>\n<p>&nbsp;<\/p>\n<div class=\"text-wrap\">\n<div class=\"text-wrap\">\n<div class=\"text-wrap\">\n<p><strong><span class=\"subtitle\" style=\"color: #f1b434;\">FUNKTIONEN UND VORTEILE<\/span><\/strong><\/p>\n<ul>\n<li>N\u00e4hrstoffreich: Verbessern Sie Ihre Ern\u00e4hrung mit dem bemerkenswerten N\u00e4hrstoffgehalt von Sacha Inchi, kombiniert mit dem Luxus von 55 % Bio-Schokolade.<\/li>\n<li>Balanced Snack Excellence: Erleben Sie eine harmonische Kombination aus Fetten, Kohlenhydraten und Proteinen, die ihn zu einer s\u00e4ttigenden und ausgewogenen Wahl f\u00fcr einen Genuss ohne schlechtes Gewissen macht.<\/li>\n<li>Ballaststoffbasiertes Wohlbefinden: Genie\u00dfen Sie den zus\u00e4tzlichen Vorteil der Ballaststoffe von Sacha Inchi, die eine gesunde Verdauung und S\u00e4ttigung f\u00f6rdern.<\/li>\n<li>Essentielle Mineralien in jedem Bissen: Entdecken Sie die ern\u00e4hrungsphysiologische Wirkung von Kalzium, Kalium und Eisen, die zur Knochengesundheit, zum Elektrolytgleichgewicht und zur Vitalit\u00e4t beitragen.<\/li>\n<li>Superfood: Genie\u00dfen Sie die Fusion von Sacha Inchi und Bio-Schokolade, eine k\u00f6stliche Verbindung, die gesunde Ern\u00e4hrung und k\u00f6stlichen Genuss bei jedem Bissen bietet.<\/li>\n<li>Zutaten: Sacha Inchi, Bio-Zucker, Bio-Kakaolik\u00f6r, Bio-Kakaobutter, Gummi arabicum und Wasser.<\/li>\n<\/ul>\n<\/div>\n<div class=\"text-wrap\"><\/div>\n<\/div>\n<\/div>\n","protected":false},"excerpt":{"rendered":"<div class=\"title\">\n<div class=\"title\">\n<div class=\"title\">\n<div class=\"title\"><strong><span class=\"name\" style=\"color: #f1b434;\">\/ THEOBROMA CACAO &amp; PLUKENETIA VOLUBILIS \/<\/span><\/strong><\/div>\n<p>Begeben Sie sich auf eine Reise k\u00f6stlicher Aromen mit unserem nachhaltigen Bio-Sacha Inchi, umh\u00fcllt von 55 % Bio-Schokolade. Sorgf\u00e4ltig zubereitet, liefert jeder Bissen eine harmonische Mischung aus uralter Inka-K\u00f6stlichkeit und nachhaltigem Kakao und verwandelt das Naschen in einen Genuss ohne schlechtes Gewissen, der sowohl Ihrem Gaumen als auch Ihrer Gesundheit gut tut.<\/p>\n<\/div>\n<\/div>\n<\/div>\n","protected":false},"featured_media":11789,"comment_status":"open","ping_status":"closed","template":"","meta":{"editor_notices":[]},"product_cat":[120],"product_tag":[],"yoast_head":"<!-- This site is optimized with the Yoast SEO plugin v23.5 - https:\/\/yoast.com\/wordpress\/plugins\/seo\/ -->\n<title>Sacha Inchi \u00fcberzogen mit Schokolade 55 % Kakao - Candela Organic<\/title>\n<meta name=\"description\" content=\"Begeben Sie sich auf eine Reise k\u00f6stlicher Aromen mit unserem nachhaltigen Bio-Sacha Inchi, umh\u00fcllt von 55 % Bio-Schokolade. Sorgf\u00e4ltig zubereitet, liefert jeder Bissen eine harmonische Mischung aus uralter Inka-K\u00f6stlichkeit und nachhaltigem Kakao und verwandelt das Naschen in einen Genuss ohne schlechtes Gewissen, der sowohl Ihrem Gaumen als auch Ihrer Gesundheit gut tut.\" \/>\n<meta name=\"robots\" content=\"index, follow, max-snippet:-1, max-image-preview:large, max-video-preview:-1\" \/>\n<link rel=\"canonical\" href=\"https:\/\/candelaorganic.com\/de\/producto\/sacha-inchi-ueberzogen-mit-schokolade-55-kakao\/\" \/>\n<meta property=\"og:locale\" content=\"de_DE\" \/>\n<meta property=\"og:type\" content=\"article\" \/>\n<meta property=\"og:title\" content=\"Sacha Inchi \u00fcberzogen mit Schokolade 55 % Kakao - Candela Organic\" \/>\n<meta property=\"og:description\" content=\"Begeben Sie sich auf eine Reise k\u00f6stlicher Aromen mit unserem nachhaltigen Bio-Sacha Inchi, umh\u00fcllt von 55 % Bio-Schokolade. Sorgf\u00e4ltig zubereitet, liefert jeder Bissen eine harmonische Mischung aus uralter Inka-K\u00f6stlichkeit und nachhaltigem Kakao und verwandelt das Naschen in einen Genuss ohne schlechtes Gewissen, der sowohl Ihrem Gaumen als auch Ihrer Gesundheit gut tut.\" \/>\n<meta property=\"og:url\" content=\"https:\/\/candelaorganic.com\/de\/producto\/sacha-inchi-ueberzogen-mit-schokolade-55-kakao\/\" \/>\n<meta property=\"og:site_name\" content=\"Candela Organic\" \/>\n<meta property=\"article:modified_time\" content=\"2025-11-26T16:25:14+00:00\" \/>\n<meta property=\"og:image\" content=\"https:\/\/candelaorganic.com\/de\/wp-content\/uploads\/sites\/14\/2024\/04\/Sacha-Inchi-55-cover-product-image.webp\" \/>\n\t<meta property=\"og:image:width\" content=\"1069\" \/>\n\t<meta property=\"og:image:height\" content=\"1080\" \/>\n\t<meta property=\"og:image:type\" content=\"image\/webp\" \/>\n<meta name=\"twitter:card\" content=\"summary_large_image\" \/>\n<meta name=\"twitter:label1\" content=\"Gesch\u00e4tzte Lesezeit\" \/>\n\t<meta name=\"twitter:data1\" content=\"2\u00a0Minuten\" \/>\n<script type=\"application\/ld+json\" class=\"yoast-schema-graph\">{\"@context\":\"https:\/\/schema.org\",\"@graph\":[{\"@type\":\"WebPage\",\"@id\":\"https:\/\/candelaorganic.com\/de\/producto\/sacha-inchi-ueberzogen-mit-schokolade-55-kakao\/\",\"url\":\"https:\/\/candelaorganic.com\/de\/producto\/sacha-inchi-ueberzogen-mit-schokolade-55-kakao\/\",\"name\":\"Sacha Inchi \u00fcberzogen mit Schokolade 55 % Kakao - Candela Organic\",\"isPartOf\":{\"@id\":\"https:\/\/candelaorganic.com\/de\/#website\"},\"primaryImageOfPage\":{\"@id\":\"https:\/\/candelaorganic.com\/de\/producto\/sacha-inchi-ueberzogen-mit-schokolade-55-kakao\/#primaryimage\"},\"image\":{\"@id\":\"https:\/\/candelaorganic.com\/de\/producto\/sacha-inchi-ueberzogen-mit-schokolade-55-kakao\/#primaryimage\"},\"thumbnailUrl\":\"https:\/\/candelaorganic.com\/de\/wp-content\/uploads\/sites\/14\/2024\/04\/Sacha-Inchi-55-cover-product-image.webp\",\"datePublished\":\"2024-04-03T01:44:58+00:00\",\"dateModified\":\"2025-11-26T16:25:14+00:00\",\"description\":\"Begeben Sie sich auf eine Reise k\u00f6stlicher Aromen mit unserem nachhaltigen Bio-Sacha Inchi, umh\u00fcllt von 55 % Bio-Schokolade. Sorgf\u00e4ltig zubereitet, liefert jeder Bissen eine harmonische Mischung aus uralter Inka-K\u00f6stlichkeit und nachhaltigem Kakao und verwandelt das Naschen in einen Genuss ohne schlechtes Gewissen, der sowohl Ihrem Gaumen als auch Ihrer Gesundheit gut tut.\",\"breadcrumb\":{\"@id\":\"https:\/\/candelaorganic.com\/de\/producto\/sacha-inchi-ueberzogen-mit-schokolade-55-kakao\/#breadcrumb\"},\"inLanguage\":\"de\",\"potentialAction\":[{\"@type\":\"ReadAction\",\"target\":[\"https:\/\/candelaorganic.com\/de\/producto\/sacha-inchi-ueberzogen-mit-schokolade-55-kakao\/\"]}]},{\"@type\":\"ImageObject\",\"inLanguage\":\"de\",\"@id\":\"https:\/\/candelaorganic.com\/de\/producto\/sacha-inchi-ueberzogen-mit-schokolade-55-kakao\/#primaryimage\",\"url\":\"https:\/\/candelaorganic.com\/de\/wp-content\/uploads\/sites\/14\/2024\/04\/Sacha-Inchi-55-cover-product-image.webp\",\"contentUrl\":\"https:\/\/candelaorganic.com\/de\/wp-content\/uploads\/sites\/14\/2024\/04\/Sacha-Inchi-55-cover-product-image.webp\",\"width\":1069,\"height\":1080},{\"@type\":\"BreadcrumbList\",\"@id\":\"https:\/\/candelaorganic.com\/de\/producto\/sacha-inchi-ueberzogen-mit-schokolade-55-kakao\/#breadcrumb\",\"itemListElement\":[{\"@type\":\"ListItem\",\"position\":1,\"name\":\"Produkte\",\"item\":\"https:\/\/candelaorganic.com\/de\/produkte\/\"},{\"@type\":\"ListItem\",\"position\":2,\"name\":\"Massennahrung\",\"item\":\"https:\/\/candelaorganic.com\/de\/tienda\/massennahrung\/\"},{\"@type\":\"ListItem\",\"position\":3,\"name\":\"Snacks\",\"item\":\"https:\/\/candelaorganic.com\/de\/tienda\/massennahrung\/snacks-bulk\/\"},{\"@type\":\"ListItem\",\"position\":4,\"name\":\"55 % Kakao\",\"item\":\"https:\/\/candelaorganic.com\/de\/tienda\/massennahrung\/snacks-bulk\/55-kakao\/\"},{\"@type\":\"ListItem\",\"position\":5,\"name\":\"Sacha Inchi \u00fcberzogen mit Schokolade 55 % Kakao\"}]},{\"@type\":\"WebSite\",\"@id\":\"https:\/\/candelaorganic.com\/de\/#website\",\"url\":\"https:\/\/candelaorganic.com\/de\/\",\"name\":\"Candela Organic\",\"description\":\"Wir erh\u00f6hen die Lebensmittelstandards\",\"publisher\":{\"@id\":\"https:\/\/candelaorganic.com\/de\/#organization\"},\"potentialAction\":[{\"@type\":\"SearchAction\",\"target\":{\"@type\":\"EntryPoint\",\"urlTemplate\":\"https:\/\/candelaorganic.com\/de\/?s={search_term_string}\"},\"query-input\":{\"@type\":\"PropertyValueSpecification\",\"valueRequired\":true,\"valueName\":\"search_term_string\"}}],\"inLanguage\":\"de\"},{\"@type\":\"Organization\",\"@id\":\"https:\/\/candelaorganic.com\/de\/#organization\",\"name\":\"Candela Organic\",\"url\":\"https:\/\/candelaorganic.com\/de\/\",\"logo\":{\"@type\":\"ImageObject\",\"inLanguage\":\"de\",\"@id\":\"https:\/\/candelaorganic.com\/de\/#\/schema\/logo\/image\/\",\"url\":\"https:\/\/candelaorganic.com\/de\/wp-content\/uploads\/sites\/14\/2024\/04\/Logotype.webp\",\"contentUrl\":\"https:\/\/candelaorganic.com\/de\/wp-content\/uploads\/sites\/14\/2024\/04\/Logotype.webp\",\"width\":256,\"height\":52,\"caption\":\"Candela Organic\"},\"image\":{\"@id\":\"https:\/\/candelaorganic.com\/de\/#\/schema\/logo\/image\/\"}}]}<\/script>\n<!-- \/ Yoast SEO plugin. -->","yoast_head_json":{"title":"Sacha Inchi \u00fcberzogen mit Schokolade 55 % Kakao - Candela Organic","description":"Begeben Sie sich auf eine Reise k\u00f6stlicher Aromen mit unserem nachhaltigen Bio-Sacha Inchi, umh\u00fcllt von 55 % Bio-Schokolade. Sorgf\u00e4ltig zubereitet, liefert jeder Bissen eine harmonische Mischung aus uralter Inka-K\u00f6stlichkeit und nachhaltigem Kakao und verwandelt das Naschen in einen Genuss ohne schlechtes Gewissen, der sowohl Ihrem Gaumen als auch Ihrer Gesundheit gut tut.","robots":{"index":"index","follow":"follow","max-snippet":"max-snippet:-1","max-image-preview":"max-image-preview:large","max-video-preview":"max-video-preview:-1"},"canonical":"https:\/\/candelaorganic.com\/de\/producto\/sacha-inchi-ueberzogen-mit-schokolade-55-kakao\/","og_locale":"de_DE","og_type":"article","og_title":"Sacha Inchi \u00fcberzogen mit Schokolade 55 % Kakao - Candela Organic","og_description":"Begeben Sie sich auf eine Reise k\u00f6stlicher Aromen mit unserem nachhaltigen Bio-Sacha Inchi, umh\u00fcllt von 55 % Bio-Schokolade. Sorgf\u00e4ltig zubereitet, liefert jeder Bissen eine harmonische Mischung aus uralter Inka-K\u00f6stlichkeit und nachhaltigem Kakao und verwandelt das Naschen in einen Genuss ohne schlechtes Gewissen, der sowohl Ihrem Gaumen als auch Ihrer Gesundheit gut tut.","og_url":"https:\/\/candelaorganic.com\/de\/producto\/sacha-inchi-ueberzogen-mit-schokolade-55-kakao\/","og_site_name":"Candela Organic","article_modified_time":"2025-11-26T16:25:14+00:00","og_image":[{"width":1069,"height":1080,"url":"https:\/\/candelaorganic.com\/de\/wp-content\/uploads\/sites\/14\/2024\/04\/Sacha-Inchi-55-cover-product-image.webp","type":"image\/webp"}],"twitter_card":"summary_large_image","twitter_misc":{"Gesch\u00e4tzte Lesezeit":"2\u00a0Minuten"},"schema":{"@context":"https:\/\/schema.org","@graph":[{"@type":"WebPage","@id":"https:\/\/candelaorganic.com\/de\/producto\/sacha-inchi-ueberzogen-mit-schokolade-55-kakao\/","url":"https:\/\/candelaorganic.com\/de\/producto\/sacha-inchi-ueberzogen-mit-schokolade-55-kakao\/","name":"Sacha Inchi \u00fcberzogen mit Schokolade 55 % Kakao - Candela Organic","isPartOf":{"@id":"https:\/\/candelaorganic.com\/de\/#website"},"primaryImageOfPage":{"@id":"https:\/\/candelaorganic.com\/de\/producto\/sacha-inchi-ueberzogen-mit-schokolade-55-kakao\/#primaryimage"},"image":{"@id":"https:\/\/candelaorganic.com\/de\/producto\/sacha-inchi-ueberzogen-mit-schokolade-55-kakao\/#primaryimage"},"thumbnailUrl":"https:\/\/candelaorganic.com\/de\/wp-content\/uploads\/sites\/14\/2024\/04\/Sacha-Inchi-55-cover-product-image.webp","datePublished":"2024-04-03T01:44:58+00:00","dateModified":"2025-11-26T16:25:14+00:00","description":"Begeben Sie sich auf eine Reise k\u00f6stlicher Aromen mit unserem nachhaltigen Bio-Sacha Inchi, umh\u00fcllt von 55 % Bio-Schokolade. Sorgf\u00e4ltig zubereitet, liefert jeder Bissen eine harmonische Mischung aus uralter Inka-K\u00f6stlichkeit und nachhaltigem Kakao und verwandelt das Naschen in einen Genuss ohne schlechtes Gewissen, der sowohl Ihrem Gaumen als auch Ihrer Gesundheit gut tut.","breadcrumb":{"@id":"https:\/\/candelaorganic.com\/de\/producto\/sacha-inchi-ueberzogen-mit-schokolade-55-kakao\/#breadcrumb"},"inLanguage":"de","potentialAction":[{"@type":"ReadAction","target":["https:\/\/candelaorganic.com\/de\/producto\/sacha-inchi-ueberzogen-mit-schokolade-55-kakao\/"]}]},{"@type":"ImageObject","inLanguage":"de","@id":"https:\/\/candelaorganic.com\/de\/producto\/sacha-inchi-ueberzogen-mit-schokolade-55-kakao\/#primaryimage","url":"https:\/\/candelaorganic.com\/de\/wp-content\/uploads\/sites\/14\/2024\/04\/Sacha-Inchi-55-cover-product-image.webp","contentUrl":"https:\/\/candelaorganic.com\/de\/wp-content\/uploads\/sites\/14\/2024\/04\/Sacha-Inchi-55-cover-product-image.webp","width":1069,"height":1080},{"@type":"BreadcrumbList","@id":"https:\/\/candelaorganic.com\/de\/producto\/sacha-inchi-ueberzogen-mit-schokolade-55-kakao\/#breadcrumb","itemListElement":[{"@type":"ListItem","position":1,"name":"Produkte","item":"https:\/\/candelaorganic.com\/de\/produkte\/"},{"@type":"ListItem","position":2,"name":"Massennahrung","item":"https:\/\/candelaorganic.com\/de\/tienda\/massennahrung\/"},{"@type":"ListItem","position":3,"name":"Snacks","item":"https:\/\/candelaorganic.com\/de\/tienda\/massennahrung\/snacks-bulk\/"},{"@type":"ListItem","position":4,"name":"55 % Kakao","item":"https:\/\/candelaorganic.com\/de\/tienda\/massennahrung\/snacks-bulk\/55-kakao\/"},{"@type":"ListItem","position":5,"name":"Sacha Inchi \u00fcberzogen mit Schokolade 55 % Kakao"}]},{"@type":"WebSite","@id":"https:\/\/candelaorganic.com\/de\/#website","url":"https:\/\/candelaorganic.com\/de\/","name":"Candela Organic","description":"Wir erh\u00f6hen die Lebensmittelstandards","publisher":{"@id":"https:\/\/candelaorganic.com\/de\/#organization"},"potentialAction":[{"@type":"SearchAction","target":{"@type":"EntryPoint","urlTemplate":"https:\/\/candelaorganic.com\/de\/?s={search_term_string}"},"query-input":{"@type":"PropertyValueSpecification","valueRequired":true,"valueName":"search_term_string"}}],"inLanguage":"de"},{"@type":"Organization","@id":"https:\/\/candelaorganic.com\/de\/#organization","name":"Candela Organic","url":"https:\/\/candelaorganic.com\/de\/","logo":{"@type":"ImageObject","inLanguage":"de","@id":"https:\/\/candelaorganic.com\/de\/#\/schema\/logo\/image\/","url":"https:\/\/candelaorganic.com\/de\/wp-content\/uploads\/sites\/14\/2024\/04\/Logotype.webp","contentUrl":"https:\/\/candelaorganic.com\/de\/wp-content\/uploads\/sites\/14\/2024\/04\/Logotype.webp","width":256,"height":52,"caption":"Candela Organic"},"image":{"@id":"https:\/\/candelaorganic.com\/de\/#\/schema\/logo\/image\/"}}]}},"_links":{"self":[{"href":"https:\/\/candelaorganic.com\/de\/wp-json\/wp\/v2\/product\/11744"}],"collection":[{"href":"https:\/\/candelaorganic.com\/de\/wp-json\/wp\/v2\/product"}],"about":[{"href":"https:\/\/candelaorganic.com\/de\/wp-json\/wp\/v2\/types\/product"}],"replies":[{"embeddable":true,"href":"https:\/\/candelaorganic.com\/de\/wp-json\/wp\/v2\/comments?post=11744"}],"wp:featuredmedia":[{"embeddable":true,"href":"https:\/\/candelaorganic.com\/de\/wp-json\/wp\/v2\/media\/11789"}],"wp:attachment":[{"href":"https:\/\/candelaorganic.com\/de\/wp-json\/wp\/v2\/media?parent=11744"}],"wp:term":[{"taxonomy":"product_cat","embeddable":true,"href":"https:\/\/candelaorganic.com\/de\/wp-json\/wp\/v2\/product_cat?post=11744"},{"taxonomy":"product_tag","embeddable":true,"href":"https:\/\/candelaorganic.com\/de\/wp-json\/wp\/v2\/product_tag?post=11744"}],"curies":[{"name":"wp","href":"https:\/\/api.w.org\/{rel}","templated":true}]}}