{"id":11729,"date":"2024-04-03T03:36:00","date_gmt":"2024-04-03T01:36:00","guid":{"rendered":"https:\/\/candelaorganic.com\/de\/?post_type=product&#038;p=11729"},"modified":"2025-01-28T16:53:25","modified_gmt":"2025-01-28T15:53:25","slug":"amazonische-kastanie-ueberzogen-mit-55-kakaoschokolade","status":"publish","type":"product","link":"https:\/\/candelaorganic.com\/de\/producto\/amazonische-kastanie-ueberzogen-mit-55-kakaoschokolade\/","title":{"rendered":"Amazonische Kastanie, \u00fcberzogen mit 55 % Kakaoschokolade"},"content":{"rendered":"<p>Die Amazonas-Kastanie stammt nur von B\u00e4umen in Madre de Dios und anderen umliegenden Regionen Brasiliens und Boliviens. In der Zeit von Dezember bis M\u00e4rz gehen die Kastanienb\u00e4ume, die in verschiedenen Kastanienkonzessionen im gesamten Departement zusammengeschlossen sind, in den Dschungel, um die gefallenen Kastanienkokosn\u00fcsse einzusammeln. Die Kastanie wird vom Boden geerntet, da der Kastanienbaum etwa 60 Meter hoch ist. Sie geh\u00f6rt zu den N\u00fcssen mit dem h\u00f6chsten Selengehalt und f\u00f6rdert so ein starkes Immunsystem, zudem ist sie reich an Fetts\u00e4uren und Omega 6 und st\u00e4rkt so das Herz-Kreislauf-System.<\/p>\n<p>&nbsp;<\/p>\n<div class=\"text-wrap\">\n<div class=\"text-wrap\">\n<p><strong><span class=\"subtitle\" style=\"color: #f1b434;\">FUNKTIONEN UND VORTEILE<\/span><\/strong><\/p>\n<ul>\n<li>Unsere mit 55 % Bio-Schokolade \u00fcberzogenen Kastanien bieten eine k\u00f6stliche Kombination aus Aromen, Texturen und essentiellen N\u00e4hrstoffen und sorgen f\u00fcr ein achtsames und bereicherndes Snack-Erlebnis, das mit ethischer Beschaffung und nachhaltigen Praktiken im Einklang steht.<\/li>\n<li>Energetisierende Nahrung: Unsere mit Schokolade \u00fcberzogenen Paran\u00fcsse bieten eine gute Menge an Kalorien und sorgen f\u00fcr einen deutlichen Energieschub f\u00fcr Ihre t\u00e4glichen Aktivit\u00e4ten.<\/li>\n<li>N\u00e4hrstoffreiche Vorteile: Diese Delikatesse enth\u00e4lt Kohlenhydrate und bietet ein ausgewogenes N\u00e4hrstoffprofil, das verschiedene K\u00f6rperfunktionen unterst\u00fctzt.<\/li>\n<li>Quelle f\u00fcr Ballaststoffe: Genie\u00dfen Sie die Vorteile von Ballaststoffen, die eine gesunde Verdauung f\u00f6rdern und zu einem S\u00e4ttigungsgef\u00fchl beitragen.<\/li>\n<li>Protein-Power: Protein pro Portion unterst\u00fctzt die Muskelgesundheit, die Gewebereparatur und das allgemeine Wohlbefinden.<\/li>\n<li>Mineralstoffanreicherung: Entdecken Sie die Vorteile von Kalzium, Eisen, Selen und Kalium, die zur Knochenst\u00e4rke, zum Sauerstofftransport und zur Herzgesundheit beitragen.<\/li>\n<li>Zutaten: Kastanien, Bio-Zucker, Bio-Kakaolik\u00f6r, Bio-Kakaobutter, Gummi arabicum und Wasser.<\/li>\n<\/ul>\n<\/div>\n<div class=\"text-wrap\"><\/div>\n<\/div>\n","protected":false},"excerpt":{"rendered":"<div class=\"title\">\n<div class=\"title\">\n<div class=\"title\"><strong><span class=\"name\" style=\"color: #f1b434;\">\/ THEOBROMA CACAO &amp; BERTHOLLETIA EXCELSA \/<\/span><\/strong><\/div>\n<p>Willkommen in der Welt der nachhaltigen Aromen mit unserem Bio-Schokoladen\u00fcberzug mit 55 % Kakaoanteil. Diese Abdeckung besteht aus Zutaten nachhaltigen Ursprungs und erreicht so die perfekte Ausgewogenheit in der Formulierung, sodass jede Zubereitung einen exquisiten Geschmack hat. Tauchen Sie ein in sein reichhaltiges Aroma und seine Textur, wobei jeder Bissen einen einzigartigen Geschmack repr\u00e4sentiert. Hier pr\u00e4sentieren wir die Variante der in Schokolade getunkten Kastanien mit 55 % Kakao<\/p>\n<\/div>\n<\/div>\n","protected":false},"featured_media":11785,"comment_status":"open","ping_status":"closed","template":"","meta":{"editor_notices":[]},"product_cat":[120],"product_tag":[],"yoast_head":"<!-- This site is optimized with the Yoast SEO plugin v23.5 - https:\/\/yoast.com\/wordpress\/plugins\/seo\/ -->\n<title>Amazonische Kastanie, \u00fcberzogen mit 55 % Kakaoschokolade - Candela Organic<\/title>\n<meta name=\"description\" content=\"Willkommen in der Welt der nachhaltigen Aromen mit unserem Bio-Schokoladen\u00fcberzug mit 55 % Kakaoanteil. Diese Abdeckung besteht aus Zutaten nachhaltigen Ursprungs und erreicht so die perfekte Ausgewogenheit in der Formulierung, sodass jede Zubereitung einen exquisiten Geschmack hat. Tauchen Sie ein in sein reichhaltiges Aroma und seine Textur, wobei jeder Bissen einen einzigartigen Geschmack repr\u00e4sentiert. Hier pr\u00e4sentieren wir die Variante der in Schokolade getunkten Kastanien mit 55 % Kakao\" \/>\n<meta name=\"robots\" content=\"index, follow, max-snippet:-1, max-image-preview:large, max-video-preview:-1\" \/>\n<link rel=\"canonical\" href=\"https:\/\/candelaorganic.com\/de\/producto\/amazonische-kastanie-ueberzogen-mit-55-kakaoschokolade\/\" \/>\n<meta property=\"og:locale\" content=\"de_DE\" \/>\n<meta property=\"og:type\" content=\"article\" \/>\n<meta property=\"og:title\" content=\"Amazonische Kastanie, \u00fcberzogen mit 55 % Kakaoschokolade - Candela Organic\" \/>\n<meta property=\"og:description\" content=\"Willkommen in der Welt der nachhaltigen Aromen mit unserem Bio-Schokoladen\u00fcberzug mit 55 % Kakaoanteil. Diese Abdeckung besteht aus Zutaten nachhaltigen Ursprungs und erreicht so die perfekte Ausgewogenheit in der Formulierung, sodass jede Zubereitung einen exquisiten Geschmack hat. Tauchen Sie ein in sein reichhaltiges Aroma und seine Textur, wobei jeder Bissen einen einzigartigen Geschmack repr\u00e4sentiert. Hier pr\u00e4sentieren wir die Variante der in Schokolade getunkten Kastanien mit 55 % Kakao\" \/>\n<meta property=\"og:url\" content=\"https:\/\/candelaorganic.com\/de\/producto\/amazonische-kastanie-ueberzogen-mit-55-kakaoschokolade\/\" \/>\n<meta property=\"og:site_name\" content=\"Candela Organic\" \/>\n<meta property=\"article:modified_time\" content=\"2025-01-28T15:53:25+00:00\" \/>\n<meta property=\"og:image\" content=\"https:\/\/candelaorganic.com\/de\/wp-content\/uploads\/sites\/14\/2024\/04\/Castana-55-cover-product-image.webp\" \/>\n\t<meta property=\"og:image:width\" content=\"1069\" \/>\n\t<meta property=\"og:image:height\" content=\"1080\" \/>\n\t<meta property=\"og:image:type\" content=\"image\/webp\" \/>\n<meta name=\"twitter:card\" content=\"summary_large_image\" \/>\n<meta name=\"twitter:label1\" content=\"Gesch\u00e4tzte Lesezeit\" \/>\n\t<meta name=\"twitter:data1\" content=\"2\u00a0Minuten\" \/>\n<script type=\"application\/ld+json\" class=\"yoast-schema-graph\">{\"@context\":\"https:\/\/schema.org\",\"@graph\":[{\"@type\":\"WebPage\",\"@id\":\"https:\/\/candelaorganic.com\/de\/producto\/amazonische-kastanie-ueberzogen-mit-55-kakaoschokolade\/\",\"url\":\"https:\/\/candelaorganic.com\/de\/producto\/amazonische-kastanie-ueberzogen-mit-55-kakaoschokolade\/\",\"name\":\"Amazonische Kastanie, \u00fcberzogen mit 55 % Kakaoschokolade - Candela Organic\",\"isPartOf\":{\"@id\":\"https:\/\/candelaorganic.com\/de\/#website\"},\"primaryImageOfPage\":{\"@id\":\"https:\/\/candelaorganic.com\/de\/producto\/amazonische-kastanie-ueberzogen-mit-55-kakaoschokolade\/#primaryimage\"},\"image\":{\"@id\":\"https:\/\/candelaorganic.com\/de\/producto\/amazonische-kastanie-ueberzogen-mit-55-kakaoschokolade\/#primaryimage\"},\"thumbnailUrl\":\"https:\/\/candelaorganic.com\/de\/wp-content\/uploads\/sites\/14\/2024\/04\/Castana-55-cover-product-image.webp\",\"datePublished\":\"2024-04-03T01:36:00+00:00\",\"dateModified\":\"2025-01-28T15:53:25+00:00\",\"description\":\"Willkommen in der Welt der nachhaltigen Aromen mit unserem Bio-Schokoladen\u00fcberzug mit 55 % Kakaoanteil. Diese Abdeckung besteht aus Zutaten nachhaltigen Ursprungs und erreicht so die perfekte Ausgewogenheit in der Formulierung, sodass jede Zubereitung einen exquisiten Geschmack hat. Tauchen Sie ein in sein reichhaltiges Aroma und seine Textur, wobei jeder Bissen einen einzigartigen Geschmack repr\u00e4sentiert. Hier pr\u00e4sentieren wir die Variante der in Schokolade getunkten Kastanien mit 55 % Kakao\",\"breadcrumb\":{\"@id\":\"https:\/\/candelaorganic.com\/de\/producto\/amazonische-kastanie-ueberzogen-mit-55-kakaoschokolade\/#breadcrumb\"},\"inLanguage\":\"de\",\"potentialAction\":[{\"@type\":\"ReadAction\",\"target\":[\"https:\/\/candelaorganic.com\/de\/producto\/amazonische-kastanie-ueberzogen-mit-55-kakaoschokolade\/\"]}]},{\"@type\":\"ImageObject\",\"inLanguage\":\"de\",\"@id\":\"https:\/\/candelaorganic.com\/de\/producto\/amazonische-kastanie-ueberzogen-mit-55-kakaoschokolade\/#primaryimage\",\"url\":\"https:\/\/candelaorganic.com\/de\/wp-content\/uploads\/sites\/14\/2024\/04\/Castana-55-cover-product-image.webp\",\"contentUrl\":\"https:\/\/candelaorganic.com\/de\/wp-content\/uploads\/sites\/14\/2024\/04\/Castana-55-cover-product-image.webp\",\"width\":1069,\"height\":1080},{\"@type\":\"BreadcrumbList\",\"@id\":\"https:\/\/candelaorganic.com\/de\/producto\/amazonische-kastanie-ueberzogen-mit-55-kakaoschokolade\/#breadcrumb\",\"itemListElement\":[{\"@type\":\"ListItem\",\"position\":1,\"name\":\"Produkte\",\"item\":\"https:\/\/candelaorganic.com\/de\/produkte\/\"},{\"@type\":\"ListItem\",\"position\":2,\"name\":\"Massennahrung\",\"item\":\"https:\/\/candelaorganic.com\/de\/tienda\/massennahrung\/\"},{\"@type\":\"ListItem\",\"position\":3,\"name\":\"Snacks\",\"item\":\"https:\/\/candelaorganic.com\/de\/tienda\/massennahrung\/snacks-bulk\/\"},{\"@type\":\"ListItem\",\"position\":4,\"name\":\"55 % Kakao\",\"item\":\"https:\/\/candelaorganic.com\/de\/tienda\/massennahrung\/snacks-bulk\/55-kakao\/\"},{\"@type\":\"ListItem\",\"position\":5,\"name\":\"Amazonische Kastanie, \u00fcberzogen mit 55 % Kakaoschokolade\"}]},{\"@type\":\"WebSite\",\"@id\":\"https:\/\/candelaorganic.com\/de\/#website\",\"url\":\"https:\/\/candelaorganic.com\/de\/\",\"name\":\"Candela Organic\",\"description\":\"Wir erh\u00f6hen die Lebensmittelstandards\",\"publisher\":{\"@id\":\"https:\/\/candelaorganic.com\/de\/#organization\"},\"potentialAction\":[{\"@type\":\"SearchAction\",\"target\":{\"@type\":\"EntryPoint\",\"urlTemplate\":\"https:\/\/candelaorganic.com\/de\/?s={search_term_string}\"},\"query-input\":{\"@type\":\"PropertyValueSpecification\",\"valueRequired\":true,\"valueName\":\"search_term_string\"}}],\"inLanguage\":\"de\"},{\"@type\":\"Organization\",\"@id\":\"https:\/\/candelaorganic.com\/de\/#organization\",\"name\":\"Candela Organic\",\"url\":\"https:\/\/candelaorganic.com\/de\/\",\"logo\":{\"@type\":\"ImageObject\",\"inLanguage\":\"de\",\"@id\":\"https:\/\/candelaorganic.com\/de\/#\/schema\/logo\/image\/\",\"url\":\"https:\/\/candelaorganic.com\/de\/wp-content\/uploads\/sites\/14\/2024\/04\/Logotype.webp\",\"contentUrl\":\"https:\/\/candelaorganic.com\/de\/wp-content\/uploads\/sites\/14\/2024\/04\/Logotype.webp\",\"width\":256,\"height\":52,\"caption\":\"Candela Organic\"},\"image\":{\"@id\":\"https:\/\/candelaorganic.com\/de\/#\/schema\/logo\/image\/\"}}]}<\/script>\n<!-- \/ Yoast SEO plugin. -->","yoast_head_json":{"title":"Amazonische Kastanie, \u00fcberzogen mit 55 % Kakaoschokolade - Candela Organic","description":"Willkommen in der Welt der nachhaltigen Aromen mit unserem Bio-Schokoladen\u00fcberzug mit 55 % Kakaoanteil. Diese Abdeckung besteht aus Zutaten nachhaltigen Ursprungs und erreicht so die perfekte Ausgewogenheit in der Formulierung, sodass jede Zubereitung einen exquisiten Geschmack hat. Tauchen Sie ein in sein reichhaltiges Aroma und seine Textur, wobei jeder Bissen einen einzigartigen Geschmack repr\u00e4sentiert. Hier pr\u00e4sentieren wir die Variante der in Schokolade getunkten Kastanien mit 55 % Kakao","robots":{"index":"index","follow":"follow","max-snippet":"max-snippet:-1","max-image-preview":"max-image-preview:large","max-video-preview":"max-video-preview:-1"},"canonical":"https:\/\/candelaorganic.com\/de\/producto\/amazonische-kastanie-ueberzogen-mit-55-kakaoschokolade\/","og_locale":"de_DE","og_type":"article","og_title":"Amazonische Kastanie, \u00fcberzogen mit 55 % Kakaoschokolade - Candela Organic","og_description":"Willkommen in der Welt der nachhaltigen Aromen mit unserem Bio-Schokoladen\u00fcberzug mit 55 % Kakaoanteil. Diese Abdeckung besteht aus Zutaten nachhaltigen Ursprungs und erreicht so die perfekte Ausgewogenheit in der Formulierung, sodass jede Zubereitung einen exquisiten Geschmack hat. Tauchen Sie ein in sein reichhaltiges Aroma und seine Textur, wobei jeder Bissen einen einzigartigen Geschmack repr\u00e4sentiert. Hier pr\u00e4sentieren wir die Variante der in Schokolade getunkten Kastanien mit 55 % Kakao","og_url":"https:\/\/candelaorganic.com\/de\/producto\/amazonische-kastanie-ueberzogen-mit-55-kakaoschokolade\/","og_site_name":"Candela Organic","article_modified_time":"2025-01-28T15:53:25+00:00","og_image":[{"width":1069,"height":1080,"url":"https:\/\/candelaorganic.com\/de\/wp-content\/uploads\/sites\/14\/2024\/04\/Castana-55-cover-product-image.webp","type":"image\/webp"}],"twitter_card":"summary_large_image","twitter_misc":{"Gesch\u00e4tzte Lesezeit":"2\u00a0Minuten"},"schema":{"@context":"https:\/\/schema.org","@graph":[{"@type":"WebPage","@id":"https:\/\/candelaorganic.com\/de\/producto\/amazonische-kastanie-ueberzogen-mit-55-kakaoschokolade\/","url":"https:\/\/candelaorganic.com\/de\/producto\/amazonische-kastanie-ueberzogen-mit-55-kakaoschokolade\/","name":"Amazonische Kastanie, \u00fcberzogen mit 55 % Kakaoschokolade - Candela Organic","isPartOf":{"@id":"https:\/\/candelaorganic.com\/de\/#website"},"primaryImageOfPage":{"@id":"https:\/\/candelaorganic.com\/de\/producto\/amazonische-kastanie-ueberzogen-mit-55-kakaoschokolade\/#primaryimage"},"image":{"@id":"https:\/\/candelaorganic.com\/de\/producto\/amazonische-kastanie-ueberzogen-mit-55-kakaoschokolade\/#primaryimage"},"thumbnailUrl":"https:\/\/candelaorganic.com\/de\/wp-content\/uploads\/sites\/14\/2024\/04\/Castana-55-cover-product-image.webp","datePublished":"2024-04-03T01:36:00+00:00","dateModified":"2025-01-28T15:53:25+00:00","description":"Willkommen in der Welt der nachhaltigen Aromen mit unserem Bio-Schokoladen\u00fcberzug mit 55 % Kakaoanteil. Diese Abdeckung besteht aus Zutaten nachhaltigen Ursprungs und erreicht so die perfekte Ausgewogenheit in der Formulierung, sodass jede Zubereitung einen exquisiten Geschmack hat. Tauchen Sie ein in sein reichhaltiges Aroma und seine Textur, wobei jeder Bissen einen einzigartigen Geschmack repr\u00e4sentiert. Hier pr\u00e4sentieren wir die Variante der in Schokolade getunkten Kastanien mit 55 % Kakao","breadcrumb":{"@id":"https:\/\/candelaorganic.com\/de\/producto\/amazonische-kastanie-ueberzogen-mit-55-kakaoschokolade\/#breadcrumb"},"inLanguage":"de","potentialAction":[{"@type":"ReadAction","target":["https:\/\/candelaorganic.com\/de\/producto\/amazonische-kastanie-ueberzogen-mit-55-kakaoschokolade\/"]}]},{"@type":"ImageObject","inLanguage":"de","@id":"https:\/\/candelaorganic.com\/de\/producto\/amazonische-kastanie-ueberzogen-mit-55-kakaoschokolade\/#primaryimage","url":"https:\/\/candelaorganic.com\/de\/wp-content\/uploads\/sites\/14\/2024\/04\/Castana-55-cover-product-image.webp","contentUrl":"https:\/\/candelaorganic.com\/de\/wp-content\/uploads\/sites\/14\/2024\/04\/Castana-55-cover-product-image.webp","width":1069,"height":1080},{"@type":"BreadcrumbList","@id":"https:\/\/candelaorganic.com\/de\/producto\/amazonische-kastanie-ueberzogen-mit-55-kakaoschokolade\/#breadcrumb","itemListElement":[{"@type":"ListItem","position":1,"name":"Produkte","item":"https:\/\/candelaorganic.com\/de\/produkte\/"},{"@type":"ListItem","position":2,"name":"Massennahrung","item":"https:\/\/candelaorganic.com\/de\/tienda\/massennahrung\/"},{"@type":"ListItem","position":3,"name":"Snacks","item":"https:\/\/candelaorganic.com\/de\/tienda\/massennahrung\/snacks-bulk\/"},{"@type":"ListItem","position":4,"name":"55 % Kakao","item":"https:\/\/candelaorganic.com\/de\/tienda\/massennahrung\/snacks-bulk\/55-kakao\/"},{"@type":"ListItem","position":5,"name":"Amazonische Kastanie, \u00fcberzogen mit 55 % Kakaoschokolade"}]},{"@type":"WebSite","@id":"https:\/\/candelaorganic.com\/de\/#website","url":"https:\/\/candelaorganic.com\/de\/","name":"Candela Organic","description":"Wir erh\u00f6hen die Lebensmittelstandards","publisher":{"@id":"https:\/\/candelaorganic.com\/de\/#organization"},"potentialAction":[{"@type":"SearchAction","target":{"@type":"EntryPoint","urlTemplate":"https:\/\/candelaorganic.com\/de\/?s={search_term_string}"},"query-input":{"@type":"PropertyValueSpecification","valueRequired":true,"valueName":"search_term_string"}}],"inLanguage":"de"},{"@type":"Organization","@id":"https:\/\/candelaorganic.com\/de\/#organization","name":"Candela Organic","url":"https:\/\/candelaorganic.com\/de\/","logo":{"@type":"ImageObject","inLanguage":"de","@id":"https:\/\/candelaorganic.com\/de\/#\/schema\/logo\/image\/","url":"https:\/\/candelaorganic.com\/de\/wp-content\/uploads\/sites\/14\/2024\/04\/Logotype.webp","contentUrl":"https:\/\/candelaorganic.com\/de\/wp-content\/uploads\/sites\/14\/2024\/04\/Logotype.webp","width":256,"height":52,"caption":"Candela Organic"},"image":{"@id":"https:\/\/candelaorganic.com\/de\/#\/schema\/logo\/image\/"}}]}},"_links":{"self":[{"href":"https:\/\/candelaorganic.com\/de\/wp-json\/wp\/v2\/product\/11729"}],"collection":[{"href":"https:\/\/candelaorganic.com\/de\/wp-json\/wp\/v2\/product"}],"about":[{"href":"https:\/\/candelaorganic.com\/de\/wp-json\/wp\/v2\/types\/product"}],"replies":[{"embeddable":true,"href":"https:\/\/candelaorganic.com\/de\/wp-json\/wp\/v2\/comments?post=11729"}],"wp:featuredmedia":[{"embeddable":true,"href":"https:\/\/candelaorganic.com\/de\/wp-json\/wp\/v2\/media\/11785"}],"wp:attachment":[{"href":"https:\/\/candelaorganic.com\/de\/wp-json\/wp\/v2\/media?parent=11729"}],"wp:term":[{"taxonomy":"product_cat","embeddable":true,"href":"https:\/\/candelaorganic.com\/de\/wp-json\/wp\/v2\/product_cat?post=11729"},{"taxonomy":"product_tag","embeddable":true,"href":"https:\/\/candelaorganic.com\/de\/wp-json\/wp\/v2\/product_tag?post=11729"}],"curies":[{"name":"wp","href":"https:\/\/api.w.org\/{rel}","templated":true}]}}