{"id":11718,"date":"2024-04-03T03:32:02","date_gmt":"2024-04-03T01:32:02","guid":{"rendered":"https:\/\/candelaorganic.com\/de\/?post_type=product&#038;p=11718"},"modified":"2024-06-20T18:51:35","modified_gmt":"2024-06-20T16:51:35","slug":"dehydrierte-kokosraspeln-2","status":"publish","type":"product","link":"https:\/\/candelaorganic.com\/de\/producto\/dehydrierte-kokosraspeln-2\/","title":{"rendered":"Dehydrierte Kokosraspeln"},"content":{"rendered":"<p>Dehydrierte Bio-Kokosraspeln sind ein N\u00e4hrstoffschatz, der einen wichtigen Platz in Ihrer Ern\u00e4hrung verdient. Da es aus biologischem Anbau hergestellt wird, sind garantiert keine Pestizide und sch\u00e4dlichen Chemikalien enthalten, was es zu einer sicheren und gesunden Option macht. Dieses Produkt ist eine reichhaltige Quelle an Ballaststoffen, die f\u00fcr eine gesunde Verdauung unerl\u00e4sslich sind, und enth\u00e4lt gesunde Fette, die das S\u00e4ttigungsgef\u00fchl und die Herz-Kreislauf-Gesundheit f\u00f6rdern. Dar\u00fcber hinaus ist es reich an lebenswichtigen N\u00e4hrstoffen wie Eisen, das f\u00fcr die Produktion roter Blutk\u00f6rperchen unerl\u00e4sslich ist, und Zink, das f\u00fcr das Immunsystem wichtig ist. Seine kulinarische Vielseitigkeit erm\u00f6glicht es Ihnen, Ihren Gerichten einen Hauch von tropischem Geschmack und Textur zu verleihen, egal ob \u00fcber M\u00fcsli gestreut oder in Smoothies gemischt. Alles in allem sind getrocknete Bio-Kokosraspeln nicht nur ein k\u00f6stlicher Genuss, sondern auch eine nahrhafte und vielseitige Erg\u00e4nzung Ihrer Ern\u00e4hrung.<\/p>\n<p>Es ist nicht nur gesundheitsf\u00f6rdernd, sondern tr\u00e4gt auch zu einem nachhaltigen Lebensstil bei, da es aus biologischem Anbau stammt. Indem Sie getrocknete Bio-Kokosraspeln in Ihre Ern\u00e4hrung aufnehmen, k\u00f6nnen Sie die nat\u00fcrlichen Aromen genie\u00dfen und von den Vorteilen einer vertrauensw\u00fcrdigen N\u00e4hrstoffquelle profitieren. Nutzen Sie diese Gelegenheit, um Ihre Gerichte und Snacks zu st\u00e4rken und gleichzeitig auf sich und die Umwelt zu achten.<\/p>\n<p>&nbsp;<\/p>\n<p><strong><span class=\"subtitle\" style=\"color: #f1b434;\">FUNKTIONEN UND VORTEILE<\/span><\/strong><\/p>\n<ul>\n<li>Nat\u00fcrliche und frische Kokosraspeln: Kokosraspeln sind ein getrockneter tropischer Genuss, der den Geschmack und die Frische nat\u00fcrlicher Kokosnuss beh\u00e4lt.&nbsp;<\/li>\n<li>Reich an Ballaststoffen und gesunden Fetten: Dieses Produkt ist eine Ballaststoffquelle, die die Verdauung f\u00f6rdert und gesunde Fette enth\u00e4lt, die zur Aufrechterhaltung des S\u00e4ttigungsgef\u00fchls beitragen.&nbsp;<\/li>\n<li>Vielseitigkeit in der K\u00fcche: Kokosraspeln k\u00f6nnen in einer Vielzahl von Rezepten verwendet werden, von Smoothies und Desserts bis hin zu herzhaften Gerichten, und verleihen ihnen eine tropische und knusprige Note.&nbsp;<\/li>\n<li>Beitrag essentieller N\u00e4hrstoffe: Es ist eine Quelle wichtiger N\u00e4hrstoffe wie Eisen und Zink, die f\u00fcr die Gesundheit des K\u00f6rpers und des Immunsystems wichtig sind.&nbsp;<\/li>\n<li>Gesunde und k\u00f6stliche Option: Kokosraspeln sind eine kluge Wahl f\u00fcr diejenigen, die w\u00e4hrend des Essens einen tropischen Geschmack genie\u00dfen m\u00f6chten.<\/li>\n<\/ul>\n","protected":false},"excerpt":{"rendered":"<div class=\"title\"><strong><span class=\"name\" style=\"color: #f1b434;\">\/ COCOS NUCIFERA \/<\/span><\/strong><\/div>\n<p>Bio-getrocknete Kokosnussraspeln zeichnen sich aufgrund ihrer vielf\u00e4ltigen Vorz\u00fcge als au\u00dfergew\u00f6hnliche Lebensmittelauswahl aus. Da es biologisch dehydriert ist, beh\u00e4lt es seine Reinheit und seinen nat\u00fcrlichen Geschmack, ohne k\u00fcnstliche Zusatz- oder Konservierungsstoffe. Dar\u00fcber hinaus ist dieses Produkt eine reichhaltige Quelle an Ballaststoffen, gesunden Fetten und essentiellen N\u00e4hrstoffen wie Eisen und Zink, was es zu einem N\u00e4hrstoffschub f\u00fcr eine ausgewogene Ern\u00e4hrung macht. Seine kulinarische Vielseitigkeit ist unbestreitbar, da es in einer Vielzahl von Rezepten verwendet werden kann, von Smoothies bis hin zum Backen, und den Gerichten eine k\u00f6stliche tropische Note und Textur verleiht. Kurz gesagt, dehydrierte Bio-Kokosraspeln sind eine gesunde und k\u00f6stliche Option, die Ihren Mahlzeiten nicht nur Geschmack verleiht, sondern auch wertvolle ern\u00e4hrungsphysiologische Vorteile bietet.<\/p>\n","protected":false},"featured_media":10242,"comment_status":"open","ping_status":"closed","template":"","meta":{"editor_notices":[]},"product_cat":[61],"product_tag":[],"yoast_head":"<!-- This site is optimized with the Yoast SEO plugin v23.5 - https:\/\/yoast.com\/wordpress\/plugins\/seo\/ -->\n<title>Dehydrierte Kokosraspeln - Candela Organic<\/title>\n<meta name=\"description\" content=\"Bio-getrocknete Kokosnussraspeln zeichnen sich aufgrund ihrer vielf\u00e4ltigen Vorz\u00fcge als au\u00dfergew\u00f6hnliche Lebensmittelauswahl aus. Da es biologisch dehydriert ist, beh\u00e4lt es seine Reinheit und seinen nat\u00fcrlichen Geschmack, ohne k\u00fcnstliche Zusatz- oder Konservierungsstoffe.\" \/>\n<meta name=\"robots\" content=\"index, follow, max-snippet:-1, max-image-preview:large, max-video-preview:-1\" \/>\n<link rel=\"canonical\" href=\"https:\/\/candelaorganic.com\/de\/producto\/dehydrierte-kokosraspeln-2\/\" \/>\n<meta property=\"og:locale\" content=\"de_DE\" \/>\n<meta property=\"og:type\" content=\"article\" \/>\n<meta property=\"og:title\" content=\"Dehydrierte Kokosraspeln - Candela Organic\" \/>\n<meta property=\"og:description\" content=\"Bio-getrocknete Kokosnussraspeln zeichnen sich aufgrund ihrer vielf\u00e4ltigen Vorz\u00fcge als au\u00dfergew\u00f6hnliche Lebensmittelauswahl aus. Da es biologisch dehydriert ist, beh\u00e4lt es seine Reinheit und seinen nat\u00fcrlichen Geschmack, ohne k\u00fcnstliche Zusatz- oder Konservierungsstoffe.\" \/>\n<meta property=\"og:url\" content=\"https:\/\/candelaorganic.com\/de\/producto\/dehydrierte-kokosraspeln-2\/\" \/>\n<meta property=\"og:site_name\" content=\"Candela Organic\" \/>\n<meta property=\"article:modified_time\" content=\"2024-06-20T16:51:35+00:00\" \/>\n<meta property=\"og:image\" content=\"https:\/\/candelaorganic.com\/de\/wp-content\/uploads\/sites\/14\/2024\/04\/Coco-cover-product-image.webp\" \/>\n\t<meta property=\"og:image:width\" content=\"1700\" \/>\n\t<meta property=\"og:image:height\" content=\"1800\" \/>\n\t<meta property=\"og:image:type\" content=\"image\/webp\" \/>\n<meta name=\"twitter:card\" content=\"summary_large_image\" \/>\n<meta name=\"twitter:label1\" content=\"Gesch\u00e4tzte Lesezeit\" \/>\n\t<meta name=\"twitter:data1\" content=\"2\u00a0Minuten\" \/>\n<script type=\"application\/ld+json\" class=\"yoast-schema-graph\">{\"@context\":\"https:\/\/schema.org\",\"@graph\":[{\"@type\":\"WebPage\",\"@id\":\"https:\/\/candelaorganic.com\/de\/producto\/dehydrierte-kokosraspeln-2\/\",\"url\":\"https:\/\/candelaorganic.com\/de\/producto\/dehydrierte-kokosraspeln-2\/\",\"name\":\"Dehydrierte Kokosraspeln - Candela Organic\",\"isPartOf\":{\"@id\":\"https:\/\/candelaorganic.com\/de\/#website\"},\"primaryImageOfPage\":{\"@id\":\"https:\/\/candelaorganic.com\/de\/producto\/dehydrierte-kokosraspeln-2\/#primaryimage\"},\"image\":{\"@id\":\"https:\/\/candelaorganic.com\/de\/producto\/dehydrierte-kokosraspeln-2\/#primaryimage\"},\"thumbnailUrl\":\"https:\/\/candelaorganic.com\/de\/wp-content\/uploads\/sites\/14\/2024\/04\/Coco-cover-product-image.webp\",\"datePublished\":\"2024-04-03T01:32:02+00:00\",\"dateModified\":\"2024-06-20T16:51:35+00:00\",\"description\":\"Bio-getrocknete Kokosnussraspeln zeichnen sich aufgrund ihrer vielf\u00e4ltigen Vorz\u00fcge als au\u00dfergew\u00f6hnliche Lebensmittelauswahl aus. Da es biologisch dehydriert ist, beh\u00e4lt es seine Reinheit und seinen nat\u00fcrlichen Geschmack, ohne k\u00fcnstliche Zusatz- oder Konservierungsstoffe.\",\"breadcrumb\":{\"@id\":\"https:\/\/candelaorganic.com\/de\/producto\/dehydrierte-kokosraspeln-2\/#breadcrumb\"},\"inLanguage\":\"de\",\"potentialAction\":[{\"@type\":\"ReadAction\",\"target\":[\"https:\/\/candelaorganic.com\/de\/producto\/dehydrierte-kokosraspeln-2\/\"]}]},{\"@type\":\"ImageObject\",\"inLanguage\":\"de\",\"@id\":\"https:\/\/candelaorganic.com\/de\/producto\/dehydrierte-kokosraspeln-2\/#primaryimage\",\"url\":\"https:\/\/candelaorganic.com\/de\/wp-content\/uploads\/sites\/14\/2024\/04\/Coco-cover-product-image.webp\",\"contentUrl\":\"https:\/\/candelaorganic.com\/de\/wp-content\/uploads\/sites\/14\/2024\/04\/Coco-cover-product-image.webp\",\"width\":1700,\"height\":1800},{\"@type\":\"BreadcrumbList\",\"@id\":\"https:\/\/candelaorganic.com\/de\/producto\/dehydrierte-kokosraspeln-2\/#breadcrumb\",\"itemListElement\":[{\"@type\":\"ListItem\",\"position\":1,\"name\":\"Produkte\",\"item\":\"https:\/\/candelaorganic.com\/de\/produkte\/\"},{\"@type\":\"ListItem\",\"position\":2,\"name\":\"Massennahrung\",\"item\":\"https:\/\/candelaorganic.com\/de\/tienda\/massennahrung\/\"},{\"@type\":\"ListItem\",\"position\":3,\"name\":\"Trockenfr\u00fcchte und N\u00fcsse\",\"item\":\"https:\/\/candelaorganic.com\/de\/tienda\/massennahrung\/trockenfruechte-und-nuesse-masse\/\"},{\"@type\":\"ListItem\",\"position\":4,\"name\":\"Dehydrierte Kokosraspeln\"}]},{\"@type\":\"WebSite\",\"@id\":\"https:\/\/candelaorganic.com\/de\/#website\",\"url\":\"https:\/\/candelaorganic.com\/de\/\",\"name\":\"Candela Organic\",\"description\":\"Wir erh\u00f6hen die Lebensmittelstandards\",\"publisher\":{\"@id\":\"https:\/\/candelaorganic.com\/de\/#organization\"},\"potentialAction\":[{\"@type\":\"SearchAction\",\"target\":{\"@type\":\"EntryPoint\",\"urlTemplate\":\"https:\/\/candelaorganic.com\/de\/?s={search_term_string}\"},\"query-input\":{\"@type\":\"PropertyValueSpecification\",\"valueRequired\":true,\"valueName\":\"search_term_string\"}}],\"inLanguage\":\"de\"},{\"@type\":\"Organization\",\"@id\":\"https:\/\/candelaorganic.com\/de\/#organization\",\"name\":\"Candela Organic\",\"url\":\"https:\/\/candelaorganic.com\/de\/\",\"logo\":{\"@type\":\"ImageObject\",\"inLanguage\":\"de\",\"@id\":\"https:\/\/candelaorganic.com\/de\/#\/schema\/logo\/image\/\",\"url\":\"https:\/\/candelaorganic.com\/de\/wp-content\/uploads\/sites\/14\/2024\/04\/Logotype.webp\",\"contentUrl\":\"https:\/\/candelaorganic.com\/de\/wp-content\/uploads\/sites\/14\/2024\/04\/Logotype.webp\",\"width\":256,\"height\":52,\"caption\":\"Candela Organic\"},\"image\":{\"@id\":\"https:\/\/candelaorganic.com\/de\/#\/schema\/logo\/image\/\"}}]}<\/script>\n<!-- \/ Yoast SEO plugin. -->","yoast_head_json":{"title":"Dehydrierte Kokosraspeln - Candela Organic","description":"Bio-getrocknete Kokosnussraspeln zeichnen sich aufgrund ihrer vielf\u00e4ltigen Vorz\u00fcge als au\u00dfergew\u00f6hnliche Lebensmittelauswahl aus. Da es biologisch dehydriert ist, beh\u00e4lt es seine Reinheit und seinen nat\u00fcrlichen Geschmack, ohne k\u00fcnstliche Zusatz- oder Konservierungsstoffe.","robots":{"index":"index","follow":"follow","max-snippet":"max-snippet:-1","max-image-preview":"max-image-preview:large","max-video-preview":"max-video-preview:-1"},"canonical":"https:\/\/candelaorganic.com\/de\/producto\/dehydrierte-kokosraspeln-2\/","og_locale":"de_DE","og_type":"article","og_title":"Dehydrierte Kokosraspeln - Candela Organic","og_description":"Bio-getrocknete Kokosnussraspeln zeichnen sich aufgrund ihrer vielf\u00e4ltigen Vorz\u00fcge als au\u00dfergew\u00f6hnliche Lebensmittelauswahl aus. Da es biologisch dehydriert ist, beh\u00e4lt es seine Reinheit und seinen nat\u00fcrlichen Geschmack, ohne k\u00fcnstliche Zusatz- oder Konservierungsstoffe.","og_url":"https:\/\/candelaorganic.com\/de\/producto\/dehydrierte-kokosraspeln-2\/","og_site_name":"Candela Organic","article_modified_time":"2024-06-20T16:51:35+00:00","og_image":[{"width":1700,"height":1800,"url":"https:\/\/candelaorganic.com\/de\/wp-content\/uploads\/sites\/14\/2024\/04\/Coco-cover-product-image.webp","type":"image\/webp"}],"twitter_card":"summary_large_image","twitter_misc":{"Gesch\u00e4tzte Lesezeit":"2\u00a0Minuten"},"schema":{"@context":"https:\/\/schema.org","@graph":[{"@type":"WebPage","@id":"https:\/\/candelaorganic.com\/de\/producto\/dehydrierte-kokosraspeln-2\/","url":"https:\/\/candelaorganic.com\/de\/producto\/dehydrierte-kokosraspeln-2\/","name":"Dehydrierte Kokosraspeln - Candela Organic","isPartOf":{"@id":"https:\/\/candelaorganic.com\/de\/#website"},"primaryImageOfPage":{"@id":"https:\/\/candelaorganic.com\/de\/producto\/dehydrierte-kokosraspeln-2\/#primaryimage"},"image":{"@id":"https:\/\/candelaorganic.com\/de\/producto\/dehydrierte-kokosraspeln-2\/#primaryimage"},"thumbnailUrl":"https:\/\/candelaorganic.com\/de\/wp-content\/uploads\/sites\/14\/2024\/04\/Coco-cover-product-image.webp","datePublished":"2024-04-03T01:32:02+00:00","dateModified":"2024-06-20T16:51:35+00:00","description":"Bio-getrocknete Kokosnussraspeln zeichnen sich aufgrund ihrer vielf\u00e4ltigen Vorz\u00fcge als au\u00dfergew\u00f6hnliche Lebensmittelauswahl aus. Da es biologisch dehydriert ist, beh\u00e4lt es seine Reinheit und seinen nat\u00fcrlichen Geschmack, ohne k\u00fcnstliche Zusatz- oder Konservierungsstoffe.","breadcrumb":{"@id":"https:\/\/candelaorganic.com\/de\/producto\/dehydrierte-kokosraspeln-2\/#breadcrumb"},"inLanguage":"de","potentialAction":[{"@type":"ReadAction","target":["https:\/\/candelaorganic.com\/de\/producto\/dehydrierte-kokosraspeln-2\/"]}]},{"@type":"ImageObject","inLanguage":"de","@id":"https:\/\/candelaorganic.com\/de\/producto\/dehydrierte-kokosraspeln-2\/#primaryimage","url":"https:\/\/candelaorganic.com\/de\/wp-content\/uploads\/sites\/14\/2024\/04\/Coco-cover-product-image.webp","contentUrl":"https:\/\/candelaorganic.com\/de\/wp-content\/uploads\/sites\/14\/2024\/04\/Coco-cover-product-image.webp","width":1700,"height":1800},{"@type":"BreadcrumbList","@id":"https:\/\/candelaorganic.com\/de\/producto\/dehydrierte-kokosraspeln-2\/#breadcrumb","itemListElement":[{"@type":"ListItem","position":1,"name":"Produkte","item":"https:\/\/candelaorganic.com\/de\/produkte\/"},{"@type":"ListItem","position":2,"name":"Massennahrung","item":"https:\/\/candelaorganic.com\/de\/tienda\/massennahrung\/"},{"@type":"ListItem","position":3,"name":"Trockenfr\u00fcchte und N\u00fcsse","item":"https:\/\/candelaorganic.com\/de\/tienda\/massennahrung\/trockenfruechte-und-nuesse-masse\/"},{"@type":"ListItem","position":4,"name":"Dehydrierte Kokosraspeln"}]},{"@type":"WebSite","@id":"https:\/\/candelaorganic.com\/de\/#website","url":"https:\/\/candelaorganic.com\/de\/","name":"Candela Organic","description":"Wir erh\u00f6hen die Lebensmittelstandards","publisher":{"@id":"https:\/\/candelaorganic.com\/de\/#organization"},"potentialAction":[{"@type":"SearchAction","target":{"@type":"EntryPoint","urlTemplate":"https:\/\/candelaorganic.com\/de\/?s={search_term_string}"},"query-input":{"@type":"PropertyValueSpecification","valueRequired":true,"valueName":"search_term_string"}}],"inLanguage":"de"},{"@type":"Organization","@id":"https:\/\/candelaorganic.com\/de\/#organization","name":"Candela Organic","url":"https:\/\/candelaorganic.com\/de\/","logo":{"@type":"ImageObject","inLanguage":"de","@id":"https:\/\/candelaorganic.com\/de\/#\/schema\/logo\/image\/","url":"https:\/\/candelaorganic.com\/de\/wp-content\/uploads\/sites\/14\/2024\/04\/Logotype.webp","contentUrl":"https:\/\/candelaorganic.com\/de\/wp-content\/uploads\/sites\/14\/2024\/04\/Logotype.webp","width":256,"height":52,"caption":"Candela Organic"},"image":{"@id":"https:\/\/candelaorganic.com\/de\/#\/schema\/logo\/image\/"}}]}},"_links":{"self":[{"href":"https:\/\/candelaorganic.com\/de\/wp-json\/wp\/v2\/product\/11718"}],"collection":[{"href":"https:\/\/candelaorganic.com\/de\/wp-json\/wp\/v2\/product"}],"about":[{"href":"https:\/\/candelaorganic.com\/de\/wp-json\/wp\/v2\/types\/product"}],"replies":[{"embeddable":true,"href":"https:\/\/candelaorganic.com\/de\/wp-json\/wp\/v2\/comments?post=11718"}],"wp:featuredmedia":[{"embeddable":true,"href":"https:\/\/candelaorganic.com\/de\/wp-json\/wp\/v2\/media\/10242"}],"wp:attachment":[{"href":"https:\/\/candelaorganic.com\/de\/wp-json\/wp\/v2\/media?parent=11718"}],"wp:term":[{"taxonomy":"product_cat","embeddable":true,"href":"https:\/\/candelaorganic.com\/de\/wp-json\/wp\/v2\/product_cat?post=11718"},{"taxonomy":"product_tag","embeddable":true,"href":"https:\/\/candelaorganic.com\/de\/wp-json\/wp\/v2\/product_tag?post=11718"}],"curies":[{"name":"wp","href":"https:\/\/api.w.org\/{rel}","templated":true}]}}