{"id":11639,"date":"2024-04-03T02:00:12","date_gmt":"2024-04-03T00:00:12","guid":{"rendered":"https:\/\/candelaorganic.com\/de\/?post_type=product&#038;p=11639"},"modified":"2024-06-21T17:48:44","modified_gmt":"2024-06-21T15:48:44","slug":"getrocknete-bio-heidelbeere","status":"publish","type":"product","link":"https:\/\/candelaorganic.com\/de\/producto\/getrocknete-bio-heidelbeere\/","title":{"rendered":"Getrocknete Bio-Heidelbeere"},"content":{"rendered":"<p>Getrocknete Blaubeeren sind nicht nur nahrhaft, sondern auch vielseitig und langlebig. Ihre geringe Gr\u00f6\u00dfe und lange Haltbarkeit machen sie zu einem unverzichtbaren Bestandteil der Speisekammer. Ganz gleich, ob Sie sie einer Studentenfuttermischung hinzuf\u00fcgen, sie in Backrezepte integrieren oder sie verwenden, um den Geschmack von herzhaften Gerichten wie Salaten auszugleichen \u2013 getrocknete Cranberries k\u00f6nnen Ihre kulinarischen Kreationen ver\u00e4ndern. Diese getrockneten Wunderwerke bieten einen Hauch von fruchtigem Geschmack und ern\u00e4hrungsphysiologischen Vorteilen, was sie zu einer k\u00f6stlichen und praktischen Erg\u00e4nzung Ihrer Ern\u00e4hrung macht.<\/p>\n<p>&nbsp;<\/p>\n<div class=\"text-wrap\">\n<p><strong><span class=\"subtitle\" style=\"color: #f1b434;\">FUNKTIONEN UND VORTEILE<\/span><\/strong><\/p>\n<ul>\n<li aria-level=\"1\">Hoher Gehalt an Antioxidantien: Getrocknete Blaubeeren sind reich an Antioxidantien, insbesondere Anthocyanen, die helfen, freie Radikale zu bek\u00e4mpfen und die allgemeine Gesundheit zu f\u00f6rdern.<\/li>\n<li aria-level=\"1\">Praktische Aufbewahrung: Diese getrockneten Cranberries sind lange haltbar und daher ein praktischer Grundnahrungsmittel f\u00fcr die Vorratskammer f\u00fcr schnelle, nahrhafte Snacks oder zum Verfeinern von Rezepten.<\/li>\n<li aria-level=\"1\">N\u00e4hrstoffreich: Getrocknete Cranberries sind reich an Ballaststoffen, Vitaminen (wie Vitamin C und K) und essentiellen Mineralien wie Mangan und sorgen so f\u00fcr einen erheblichen N\u00e4hrstoffschub.<\/li>\n<li aria-level=\"1\">Intensivierter Geschmack: Der Trocknungsprozess verst\u00e4rkt den s\u00fc\u00dfen und s\u00e4uerlichen Geschmack der Blaubeeren und sorgt bei jedem Bissen f\u00fcr einen intensiven fruchtigen Geschmack.<\/li>\n<li aria-level=\"1\">Vielseitige Verwendung: Diese dehydrierten Wunder k\u00f6nnen in einer Vielzahl kulinarischer Anwendungen verwendet werden, von Fr\u00fchst\u00fcckszerealien und Backwaren bis hin zu Salaten und herzhaften Gerichten, und verleihen Ihren Mahlzeiten sowohl Geschmack als auch N\u00e4hrstoffe.<\/li>\n<\/ul>\n<\/div>\n","protected":false},"excerpt":{"rendered":"<div class=\"title\"><strong><span class=\"name\" style=\"color: #f1b434;\">\/ VACINIUMM CORYMBOSUM \/<\/span><\/strong><\/div>\n<p>Getrocknete Blaubeeren sind ein leckerer und nahrhafter Snack. Sie werden hergestellt, indem frischen Blaubeeren sanft die Feuchtigkeit entzogen wird, ihre nat\u00fcrliche S\u00fc\u00dfe erhalten bleibt und ihre Haltbarkeit verl\u00e4ngert wird. Diese vielseitigen Beeren sind reich an Antioxidantien wie Anthocyanen und bieten eine bequeme M\u00f6glichkeit, die gesundheitlichen Vorteile von Blaubeeren zu genie\u00dfen. Vollgepackt mit Vitaminen, Ballaststoffen und essentiellen Mineralien sind getrocknete Cranberries eine k\u00f6stliche Erg\u00e4nzung zu einer Vielzahl kulinarischer Kreationen, von Haferflocken und Joghurt bis hin zu Salaten und Backwaren. Ihre Bequemlichkeit, ihr konzentrierter Geschmack und ihre potenziellen antioxidativen Eigenschaften machen getrocknete Cranberries zu einer attraktiven Option sowohl zum Knabbern als auch zur Verbesserung des N\u00e4hrwerts Ihrer Lieblingsrezepte.<\/p>\n","protected":false},"featured_media":10218,"comment_status":"open","ping_status":"closed","template":"","meta":{"editor_notices":[]},"product_cat":[61],"product_tag":[],"yoast_head":"<!-- This site is optimized with the Yoast SEO plugin v23.5 - https:\/\/yoast.com\/wordpress\/plugins\/seo\/ -->\n<title>Getrocknete Bio-Heidelbeere - Candela Organic<\/title>\n<meta name=\"robots\" content=\"index, follow, max-snippet:-1, max-image-preview:large, max-video-preview:-1\" \/>\n<link rel=\"canonical\" href=\"https:\/\/candelaorganic.com\/de\/producto\/getrocknete-bio-heidelbeere\/\" \/>\n<meta property=\"og:locale\" content=\"de_DE\" \/>\n<meta property=\"og:type\" content=\"article\" \/>\n<meta property=\"og:title\" content=\"Getrocknete Bio-Heidelbeere - Candela Organic\" \/>\n<meta property=\"og:description\" content=\"\/ VACINIUMM CORYMBOSUM \/ Getrocknete Blaubeeren sind ein leckerer und nahrhafter Snack. Sie werden hergestellt, indem frischen Blaubeeren sanft die Feuchtigkeit entzogen wird, ihre nat\u00fcrliche S\u00fc\u00dfe erhalten bleibt und ihre Haltbarkeit verl\u00e4ngert wird. Diese vielseitigen Beeren sind reich an Antioxidantien wie Anthocyanen und bieten eine bequeme M\u00f6glichkeit, die gesundheitlichen Vorteile von Blaubeeren zu genie\u00dfen. Vollgepackt mit Vitaminen, Ballaststoffen und essentiellen Mineralien sind getrocknete Cranberries eine k\u00f6stliche Erg\u00e4nzung zu einer Vielzahl kulinarischer Kreationen, von Haferflocken und Joghurt bis hin zu Salaten und Backwaren. Ihre Bequemlichkeit, ihr konzentrierter Geschmack und ihre potenziellen antioxidativen Eigenschaften machen getrocknete Cranberries zu einer attraktiven Option sowohl zum Knabbern als auch zur Verbesserung des N\u00e4hrwerts Ihrer Lieblingsrezepte.\" \/>\n<meta property=\"og:url\" content=\"https:\/\/candelaorganic.com\/de\/producto\/getrocknete-bio-heidelbeere\/\" \/>\n<meta property=\"og:site_name\" content=\"Candela Organic\" \/>\n<meta property=\"article:modified_time\" content=\"2024-06-21T15:48:44+00:00\" \/>\n<meta property=\"og:image\" content=\"https:\/\/candelaorganic.com\/de\/wp-content\/uploads\/sites\/14\/2024\/04\/Arandano-cover-product-image.webp\" \/>\n\t<meta property=\"og:image:width\" content=\"1069\" \/>\n\t<meta property=\"og:image:height\" content=\"1080\" \/>\n\t<meta property=\"og:image:type\" content=\"image\/webp\" \/>\n<meta name=\"twitter:card\" content=\"summary_large_image\" \/>\n<meta name=\"twitter:label1\" content=\"Gesch\u00e4tzte Lesezeit\" \/>\n\t<meta name=\"twitter:data1\" content=\"2\u00a0Minuten\" \/>\n<script type=\"application\/ld+json\" class=\"yoast-schema-graph\">{\"@context\":\"https:\/\/schema.org\",\"@graph\":[{\"@type\":\"WebPage\",\"@id\":\"https:\/\/candelaorganic.com\/de\/producto\/getrocknete-bio-heidelbeere\/\",\"url\":\"https:\/\/candelaorganic.com\/de\/producto\/getrocknete-bio-heidelbeere\/\",\"name\":\"Getrocknete Bio-Heidelbeere - Candela Organic\",\"isPartOf\":{\"@id\":\"https:\/\/candelaorganic.com\/de\/#website\"},\"primaryImageOfPage\":{\"@id\":\"https:\/\/candelaorganic.com\/de\/producto\/getrocknete-bio-heidelbeere\/#primaryimage\"},\"image\":{\"@id\":\"https:\/\/candelaorganic.com\/de\/producto\/getrocknete-bio-heidelbeere\/#primaryimage\"},\"thumbnailUrl\":\"https:\/\/candelaorganic.com\/de\/wp-content\/uploads\/sites\/14\/2024\/04\/Arandano-cover-product-image.webp\",\"datePublished\":\"2024-04-03T00:00:12+00:00\",\"dateModified\":\"2024-06-21T15:48:44+00:00\",\"breadcrumb\":{\"@id\":\"https:\/\/candelaorganic.com\/de\/producto\/getrocknete-bio-heidelbeere\/#breadcrumb\"},\"inLanguage\":\"de\",\"potentialAction\":[{\"@type\":\"ReadAction\",\"target\":[\"https:\/\/candelaorganic.com\/de\/producto\/getrocknete-bio-heidelbeere\/\"]}]},{\"@type\":\"ImageObject\",\"inLanguage\":\"de\",\"@id\":\"https:\/\/candelaorganic.com\/de\/producto\/getrocknete-bio-heidelbeere\/#primaryimage\",\"url\":\"https:\/\/candelaorganic.com\/de\/wp-content\/uploads\/sites\/14\/2024\/04\/Arandano-cover-product-image.webp\",\"contentUrl\":\"https:\/\/candelaorganic.com\/de\/wp-content\/uploads\/sites\/14\/2024\/04\/Arandano-cover-product-image.webp\",\"width\":1069,\"height\":1080},{\"@type\":\"BreadcrumbList\",\"@id\":\"https:\/\/candelaorganic.com\/de\/producto\/getrocknete-bio-heidelbeere\/#breadcrumb\",\"itemListElement\":[{\"@type\":\"ListItem\",\"position\":1,\"name\":\"Produkte\",\"item\":\"https:\/\/candelaorganic.com\/de\/produkte\/\"},{\"@type\":\"ListItem\",\"position\":2,\"name\":\"Massennahrung\",\"item\":\"https:\/\/candelaorganic.com\/de\/tienda\/massennahrung\/\"},{\"@type\":\"ListItem\",\"position\":3,\"name\":\"Trockenfr\u00fcchte und N\u00fcsse\",\"item\":\"https:\/\/candelaorganic.com\/de\/tienda\/massennahrung\/trockenfruechte-und-nuesse-masse\/\"},{\"@type\":\"ListItem\",\"position\":4,\"name\":\"Getrocknete Bio-Heidelbeere\"}]},{\"@type\":\"WebSite\",\"@id\":\"https:\/\/candelaorganic.com\/de\/#website\",\"url\":\"https:\/\/candelaorganic.com\/de\/\",\"name\":\"Candela Organic\",\"description\":\"Wir erh\u00f6hen die Lebensmittelstandards\",\"publisher\":{\"@id\":\"https:\/\/candelaorganic.com\/de\/#organization\"},\"potentialAction\":[{\"@type\":\"SearchAction\",\"target\":{\"@type\":\"EntryPoint\",\"urlTemplate\":\"https:\/\/candelaorganic.com\/de\/?s={search_term_string}\"},\"query-input\":{\"@type\":\"PropertyValueSpecification\",\"valueRequired\":true,\"valueName\":\"search_term_string\"}}],\"inLanguage\":\"de\"},{\"@type\":\"Organization\",\"@id\":\"https:\/\/candelaorganic.com\/de\/#organization\",\"name\":\"Candela Organic\",\"url\":\"https:\/\/candelaorganic.com\/de\/\",\"logo\":{\"@type\":\"ImageObject\",\"inLanguage\":\"de\",\"@id\":\"https:\/\/candelaorganic.com\/de\/#\/schema\/logo\/image\/\",\"url\":\"https:\/\/candelaorganic.com\/de\/wp-content\/uploads\/sites\/14\/2024\/04\/Logotype.webp\",\"contentUrl\":\"https:\/\/candelaorganic.com\/de\/wp-content\/uploads\/sites\/14\/2024\/04\/Logotype.webp\",\"width\":256,\"height\":52,\"caption\":\"Candela Organic\"},\"image\":{\"@id\":\"https:\/\/candelaorganic.com\/de\/#\/schema\/logo\/image\/\"}}]}<\/script>\n<!-- \/ Yoast SEO plugin. -->","yoast_head_json":{"title":"Getrocknete Bio-Heidelbeere - Candela Organic","robots":{"index":"index","follow":"follow","max-snippet":"max-snippet:-1","max-image-preview":"max-image-preview:large","max-video-preview":"max-video-preview:-1"},"canonical":"https:\/\/candelaorganic.com\/de\/producto\/getrocknete-bio-heidelbeere\/","og_locale":"de_DE","og_type":"article","og_title":"Getrocknete Bio-Heidelbeere - Candela Organic","og_description":"\/ VACINIUMM CORYMBOSUM \/ Getrocknete Blaubeeren sind ein leckerer und nahrhafter Snack. Sie werden hergestellt, indem frischen Blaubeeren sanft die Feuchtigkeit entzogen wird, ihre nat\u00fcrliche S\u00fc\u00dfe erhalten bleibt und ihre Haltbarkeit verl\u00e4ngert wird. Diese vielseitigen Beeren sind reich an Antioxidantien wie Anthocyanen und bieten eine bequeme M\u00f6glichkeit, die gesundheitlichen Vorteile von Blaubeeren zu genie\u00dfen. Vollgepackt mit Vitaminen, Ballaststoffen und essentiellen Mineralien sind getrocknete Cranberries eine k\u00f6stliche Erg\u00e4nzung zu einer Vielzahl kulinarischer Kreationen, von Haferflocken und Joghurt bis hin zu Salaten und Backwaren. Ihre Bequemlichkeit, ihr konzentrierter Geschmack und ihre potenziellen antioxidativen Eigenschaften machen getrocknete Cranberries zu einer attraktiven Option sowohl zum Knabbern als auch zur Verbesserung des N\u00e4hrwerts Ihrer Lieblingsrezepte.","og_url":"https:\/\/candelaorganic.com\/de\/producto\/getrocknete-bio-heidelbeere\/","og_site_name":"Candela Organic","article_modified_time":"2024-06-21T15:48:44+00:00","og_image":[{"width":1069,"height":1080,"url":"https:\/\/candelaorganic.com\/de\/wp-content\/uploads\/sites\/14\/2024\/04\/Arandano-cover-product-image.webp","type":"image\/webp"}],"twitter_card":"summary_large_image","twitter_misc":{"Gesch\u00e4tzte Lesezeit":"2\u00a0Minuten"},"schema":{"@context":"https:\/\/schema.org","@graph":[{"@type":"WebPage","@id":"https:\/\/candelaorganic.com\/de\/producto\/getrocknete-bio-heidelbeere\/","url":"https:\/\/candelaorganic.com\/de\/producto\/getrocknete-bio-heidelbeere\/","name":"Getrocknete Bio-Heidelbeere - Candela Organic","isPartOf":{"@id":"https:\/\/candelaorganic.com\/de\/#website"},"primaryImageOfPage":{"@id":"https:\/\/candelaorganic.com\/de\/producto\/getrocknete-bio-heidelbeere\/#primaryimage"},"image":{"@id":"https:\/\/candelaorganic.com\/de\/producto\/getrocknete-bio-heidelbeere\/#primaryimage"},"thumbnailUrl":"https:\/\/candelaorganic.com\/de\/wp-content\/uploads\/sites\/14\/2024\/04\/Arandano-cover-product-image.webp","datePublished":"2024-04-03T00:00:12+00:00","dateModified":"2024-06-21T15:48:44+00:00","breadcrumb":{"@id":"https:\/\/candelaorganic.com\/de\/producto\/getrocknete-bio-heidelbeere\/#breadcrumb"},"inLanguage":"de","potentialAction":[{"@type":"ReadAction","target":["https:\/\/candelaorganic.com\/de\/producto\/getrocknete-bio-heidelbeere\/"]}]},{"@type":"ImageObject","inLanguage":"de","@id":"https:\/\/candelaorganic.com\/de\/producto\/getrocknete-bio-heidelbeere\/#primaryimage","url":"https:\/\/candelaorganic.com\/de\/wp-content\/uploads\/sites\/14\/2024\/04\/Arandano-cover-product-image.webp","contentUrl":"https:\/\/candelaorganic.com\/de\/wp-content\/uploads\/sites\/14\/2024\/04\/Arandano-cover-product-image.webp","width":1069,"height":1080},{"@type":"BreadcrumbList","@id":"https:\/\/candelaorganic.com\/de\/producto\/getrocknete-bio-heidelbeere\/#breadcrumb","itemListElement":[{"@type":"ListItem","position":1,"name":"Produkte","item":"https:\/\/candelaorganic.com\/de\/produkte\/"},{"@type":"ListItem","position":2,"name":"Massennahrung","item":"https:\/\/candelaorganic.com\/de\/tienda\/massennahrung\/"},{"@type":"ListItem","position":3,"name":"Trockenfr\u00fcchte und N\u00fcsse","item":"https:\/\/candelaorganic.com\/de\/tienda\/massennahrung\/trockenfruechte-und-nuesse-masse\/"},{"@type":"ListItem","position":4,"name":"Getrocknete Bio-Heidelbeere"}]},{"@type":"WebSite","@id":"https:\/\/candelaorganic.com\/de\/#website","url":"https:\/\/candelaorganic.com\/de\/","name":"Candela Organic","description":"Wir erh\u00f6hen die Lebensmittelstandards","publisher":{"@id":"https:\/\/candelaorganic.com\/de\/#organization"},"potentialAction":[{"@type":"SearchAction","target":{"@type":"EntryPoint","urlTemplate":"https:\/\/candelaorganic.com\/de\/?s={search_term_string}"},"query-input":{"@type":"PropertyValueSpecification","valueRequired":true,"valueName":"search_term_string"}}],"inLanguage":"de"},{"@type":"Organization","@id":"https:\/\/candelaorganic.com\/de\/#organization","name":"Candela Organic","url":"https:\/\/candelaorganic.com\/de\/","logo":{"@type":"ImageObject","inLanguage":"de","@id":"https:\/\/candelaorganic.com\/de\/#\/schema\/logo\/image\/","url":"https:\/\/candelaorganic.com\/de\/wp-content\/uploads\/sites\/14\/2024\/04\/Logotype.webp","contentUrl":"https:\/\/candelaorganic.com\/de\/wp-content\/uploads\/sites\/14\/2024\/04\/Logotype.webp","width":256,"height":52,"caption":"Candela Organic"},"image":{"@id":"https:\/\/candelaorganic.com\/de\/#\/schema\/logo\/image\/"}}]}},"_links":{"self":[{"href":"https:\/\/candelaorganic.com\/de\/wp-json\/wp\/v2\/product\/11639"}],"collection":[{"href":"https:\/\/candelaorganic.com\/de\/wp-json\/wp\/v2\/product"}],"about":[{"href":"https:\/\/candelaorganic.com\/de\/wp-json\/wp\/v2\/types\/product"}],"replies":[{"embeddable":true,"href":"https:\/\/candelaorganic.com\/de\/wp-json\/wp\/v2\/comments?post=11639"}],"wp:featuredmedia":[{"embeddable":true,"href":"https:\/\/candelaorganic.com\/de\/wp-json\/wp\/v2\/media\/10218"}],"wp:attachment":[{"href":"https:\/\/candelaorganic.com\/de\/wp-json\/wp\/v2\/media?parent=11639"}],"wp:term":[{"taxonomy":"product_cat","embeddable":true,"href":"https:\/\/candelaorganic.com\/de\/wp-json\/wp\/v2\/product_cat?post=11639"},{"taxonomy":"product_tag","embeddable":true,"href":"https:\/\/candelaorganic.com\/de\/wp-json\/wp\/v2\/product_tag?post=11639"}],"curies":[{"name":"wp","href":"https:\/\/api.w.org\/{rel}","templated":true}]}}