{"id":11585,"date":"2024-04-03T01:22:01","date_gmt":"2024-04-02T23:22:01","guid":{"rendered":"https:\/\/candelaorganic.com\/de\/?post_type=product&#038;p=11585"},"modified":"2025-01-27T20:55:54","modified_gmt":"2025-01-27T19:55:54","slug":"amazonas-kastanie","status":"publish","type":"product","link":"https:\/\/candelaorganic.com\/de\/producto\/amazonas-kastanie\/","title":{"rendered":"Amazonas-Kastanie"},"content":{"rendered":"<p>Wir freuen uns, ein wichtiger Akteur in der Wertsch\u00f6pfungskette von Bertholletia Excelsa in Peru zu sein: dem gro\u00dfen Riesenbaum des Amazonas.<\/p>\n<p>Wussten Sie, dass Kastanien wild geerntet werden? Ja, sie werden jedes Jahr von Tausenden von Kastanienb\u00e4umen im Amazonas-Dschungel gesammelt, was eine echte M\u00f6glichkeit darstellt, dem bestehenden Wald einen Mehrwert zu verleihen. Sie wird Paranuss genannt, aber wir nennen sie gerne Amazonasnuss, weil sie in Bolivien, Brasilien und Peru vorkommt.<\/p>\n<p>W\u00e4hrend Sie einen k\u00f6stlichen Snack genie\u00dfen, der reich an Proteinen, Fetts\u00e4uren und essentiellen Mineralien wie Selen ist, tragen Sie zum Erhalt des \u00d6kosystems Regenwald bei.<\/p>\n<p>&nbsp;<\/p>\n<p><strong><span class=\"subtitle\" style=\"color: #f1b434;\">FUNKTIONEN UND VORTEILE<\/span><\/strong><\/p>\n<p>Die Paranuss ist eine Nuss, die reich an Antioxidantien und den Vitaminen B1 und B6 ist, die die Funktion des Nervensystems unterst\u00fctzen. Dar\u00fcber hinaus enthalten sie Magnesium, das den Muskelaufbau unterst\u00fctzt, unseren Blutdruck verbessert und die Aufnahme von Proteinen unterst\u00fctzt.<\/p>\n<p>Weitere Mineralien, die wir in dieser Nuss finden k\u00f6nnen, sind Kalzium und Phosphor, die dazu beitragen, die Knochen stark zu halten.<\/p>\n<p>Dar\u00fcber hinaus ist einer der gr\u00f6\u00dften Vorteile der Paranuss ihr Reichtum an Selen, einem Mineral, das f\u00fcr die Produktion von Proteinen verantwortlich ist und die Produktion wei\u00dfer Blutk\u00f6rperchen stimuliert und so unser Immunsystem st\u00e4rkt.<\/p>\n","protected":false},"excerpt":{"rendered":"<p><span class=\"subtitle\" style=\"color: #f1b434;\"><strong>\/ BERTHOLLETIA EXCELSA \/<\/strong><\/span><\/p>\n<p>Die Amazonaskastanie stammt von den majest\u00e4tischen B\u00e4umen des Departements Madre de Dios, ihr Verzehr tr\u00e4gt zur Erhaltung und nachhaltigen Bewirtschaftung der Artenvielfalt der W\u00e4lder des Departements bei.<\/p>\n","protected":false},"featured_media":10234,"comment_status":"open","ping_status":"closed","template":"","meta":{"editor_notices":[]},"product_cat":[61],"product_tag":[],"yoast_head":"<!-- This site is optimized with the Yoast SEO plugin v23.5 - https:\/\/yoast.com\/wordpress\/plugins\/seo\/ -->\n<title>Amazonas-Kastanie - Candela Organic<\/title>\n<meta name=\"description\" content=\"Die Amazonaskastanie stammt von den majest\u00e4tischen B\u00e4umen des Departements Madre de Dios, ihr Verzehr tr\u00e4gt zur Erhaltung und nachhaltigen Bewirtschaftung der Artenvielfalt der W\u00e4lder des Departements bei.\" \/>\n<meta name=\"robots\" content=\"index, follow, max-snippet:-1, max-image-preview:large, max-video-preview:-1\" \/>\n<link rel=\"canonical\" href=\"https:\/\/candelaorganic.com\/de\/producto\/amazonas-kastanie\/\" \/>\n<meta property=\"og:locale\" content=\"de_DE\" \/>\n<meta property=\"og:type\" content=\"article\" \/>\n<meta property=\"og:title\" content=\"Amazonas-Kastanie - Candela Organic\" \/>\n<meta property=\"og:description\" content=\"Die Amazonaskastanie stammt von den majest\u00e4tischen B\u00e4umen des Departements Madre de Dios, ihr Verzehr tr\u00e4gt zur Erhaltung und nachhaltigen Bewirtschaftung der Artenvielfalt der W\u00e4lder des Departements bei.\" \/>\n<meta property=\"og:url\" content=\"https:\/\/candelaorganic.com\/de\/producto\/amazonas-kastanie\/\" \/>\n<meta property=\"og:site_name\" content=\"Candela Organic\" \/>\n<meta property=\"article:modified_time\" content=\"2025-01-27T19:55:54+00:00\" \/>\n<meta property=\"og:image\" content=\"https:\/\/candelaorganic.com\/de\/wp-content\/uploads\/sites\/14\/2024\/04\/Castana-cover-product-image.webp\" \/>\n\t<meta property=\"og:image:width\" content=\"1070\" \/>\n\t<meta property=\"og:image:height\" content=\"1080\" \/>\n\t<meta property=\"og:image:type\" content=\"image\/webp\" \/>\n<meta name=\"twitter:card\" content=\"summary_large_image\" \/>\n<meta name=\"twitter:label1\" content=\"Gesch\u00e4tzte Lesezeit\" \/>\n\t<meta name=\"twitter:data1\" content=\"2\u00a0Minuten\" \/>\n<script type=\"application\/ld+json\" class=\"yoast-schema-graph\">{\"@context\":\"https:\/\/schema.org\",\"@graph\":[{\"@type\":\"WebPage\",\"@id\":\"https:\/\/candelaorganic.com\/de\/producto\/amazonas-kastanie\/\",\"url\":\"https:\/\/candelaorganic.com\/de\/producto\/amazonas-kastanie\/\",\"name\":\"Amazonas-Kastanie - Candela Organic\",\"isPartOf\":{\"@id\":\"https:\/\/candelaorganic.com\/de\/#website\"},\"primaryImageOfPage\":{\"@id\":\"https:\/\/candelaorganic.com\/de\/producto\/amazonas-kastanie\/#primaryimage\"},\"image\":{\"@id\":\"https:\/\/candelaorganic.com\/de\/producto\/amazonas-kastanie\/#primaryimage\"},\"thumbnailUrl\":\"https:\/\/candelaorganic.com\/de\/wp-content\/uploads\/sites\/14\/2024\/04\/Castana-cover-product-image.webp\",\"datePublished\":\"2024-04-02T23:22:01+00:00\",\"dateModified\":\"2025-01-27T19:55:54+00:00\",\"description\":\"Die Amazonaskastanie stammt von den majest\u00e4tischen B\u00e4umen des Departements Madre de Dios, ihr Verzehr tr\u00e4gt zur Erhaltung und nachhaltigen Bewirtschaftung der Artenvielfalt der W\u00e4lder des Departements bei.\",\"breadcrumb\":{\"@id\":\"https:\/\/candelaorganic.com\/de\/producto\/amazonas-kastanie\/#breadcrumb\"},\"inLanguage\":\"de\",\"potentialAction\":[{\"@type\":\"ReadAction\",\"target\":[\"https:\/\/candelaorganic.com\/de\/producto\/amazonas-kastanie\/\"]}]},{\"@type\":\"ImageObject\",\"inLanguage\":\"de\",\"@id\":\"https:\/\/candelaorganic.com\/de\/producto\/amazonas-kastanie\/#primaryimage\",\"url\":\"https:\/\/candelaorganic.com\/de\/wp-content\/uploads\/sites\/14\/2024\/04\/Castana-cover-product-image.webp\",\"contentUrl\":\"https:\/\/candelaorganic.com\/de\/wp-content\/uploads\/sites\/14\/2024\/04\/Castana-cover-product-image.webp\",\"width\":1070,\"height\":1080},{\"@type\":\"BreadcrumbList\",\"@id\":\"https:\/\/candelaorganic.com\/de\/producto\/amazonas-kastanie\/#breadcrumb\",\"itemListElement\":[{\"@type\":\"ListItem\",\"position\":1,\"name\":\"Produkte\",\"item\":\"https:\/\/candelaorganic.com\/de\/produkte\/\"},{\"@type\":\"ListItem\",\"position\":2,\"name\":\"Massennahrung\",\"item\":\"https:\/\/candelaorganic.com\/de\/tienda\/massennahrung\/\"},{\"@type\":\"ListItem\",\"position\":3,\"name\":\"Trockenfr\u00fcchte und N\u00fcsse\",\"item\":\"https:\/\/candelaorganic.com\/de\/tienda\/massennahrung\/trockenfruechte-und-nuesse-masse\/\"},{\"@type\":\"ListItem\",\"position\":4,\"name\":\"Amazonas-Kastanie\"}]},{\"@type\":\"WebSite\",\"@id\":\"https:\/\/candelaorganic.com\/de\/#website\",\"url\":\"https:\/\/candelaorganic.com\/de\/\",\"name\":\"Candela Organic\",\"description\":\"Wir erh\u00f6hen die Lebensmittelstandards\",\"publisher\":{\"@id\":\"https:\/\/candelaorganic.com\/de\/#organization\"},\"potentialAction\":[{\"@type\":\"SearchAction\",\"target\":{\"@type\":\"EntryPoint\",\"urlTemplate\":\"https:\/\/candelaorganic.com\/de\/?s={search_term_string}\"},\"query-input\":{\"@type\":\"PropertyValueSpecification\",\"valueRequired\":true,\"valueName\":\"search_term_string\"}}],\"inLanguage\":\"de\"},{\"@type\":\"Organization\",\"@id\":\"https:\/\/candelaorganic.com\/de\/#organization\",\"name\":\"Candela Organic\",\"url\":\"https:\/\/candelaorganic.com\/de\/\",\"logo\":{\"@type\":\"ImageObject\",\"inLanguage\":\"de\",\"@id\":\"https:\/\/candelaorganic.com\/de\/#\/schema\/logo\/image\/\",\"url\":\"https:\/\/candelaorganic.com\/de\/wp-content\/uploads\/sites\/14\/2024\/04\/Logotype.webp\",\"contentUrl\":\"https:\/\/candelaorganic.com\/de\/wp-content\/uploads\/sites\/14\/2024\/04\/Logotype.webp\",\"width\":256,\"height\":52,\"caption\":\"Candela Organic\"},\"image\":{\"@id\":\"https:\/\/candelaorganic.com\/de\/#\/schema\/logo\/image\/\"}}]}<\/script>\n<!-- \/ Yoast SEO plugin. -->","yoast_head_json":{"title":"Amazonas-Kastanie - Candela Organic","description":"Die Amazonaskastanie stammt von den majest\u00e4tischen B\u00e4umen des Departements Madre de Dios, ihr Verzehr tr\u00e4gt zur Erhaltung und nachhaltigen Bewirtschaftung der Artenvielfalt der W\u00e4lder des Departements bei.","robots":{"index":"index","follow":"follow","max-snippet":"max-snippet:-1","max-image-preview":"max-image-preview:large","max-video-preview":"max-video-preview:-1"},"canonical":"https:\/\/candelaorganic.com\/de\/producto\/amazonas-kastanie\/","og_locale":"de_DE","og_type":"article","og_title":"Amazonas-Kastanie - Candela Organic","og_description":"Die Amazonaskastanie stammt von den majest\u00e4tischen B\u00e4umen des Departements Madre de Dios, ihr Verzehr tr\u00e4gt zur Erhaltung und nachhaltigen Bewirtschaftung der Artenvielfalt der W\u00e4lder des Departements bei.","og_url":"https:\/\/candelaorganic.com\/de\/producto\/amazonas-kastanie\/","og_site_name":"Candela Organic","article_modified_time":"2025-01-27T19:55:54+00:00","og_image":[{"width":1070,"height":1080,"url":"https:\/\/candelaorganic.com\/de\/wp-content\/uploads\/sites\/14\/2024\/04\/Castana-cover-product-image.webp","type":"image\/webp"}],"twitter_card":"summary_large_image","twitter_misc":{"Gesch\u00e4tzte Lesezeit":"2\u00a0Minuten"},"schema":{"@context":"https:\/\/schema.org","@graph":[{"@type":"WebPage","@id":"https:\/\/candelaorganic.com\/de\/producto\/amazonas-kastanie\/","url":"https:\/\/candelaorganic.com\/de\/producto\/amazonas-kastanie\/","name":"Amazonas-Kastanie - Candela Organic","isPartOf":{"@id":"https:\/\/candelaorganic.com\/de\/#website"},"primaryImageOfPage":{"@id":"https:\/\/candelaorganic.com\/de\/producto\/amazonas-kastanie\/#primaryimage"},"image":{"@id":"https:\/\/candelaorganic.com\/de\/producto\/amazonas-kastanie\/#primaryimage"},"thumbnailUrl":"https:\/\/candelaorganic.com\/de\/wp-content\/uploads\/sites\/14\/2024\/04\/Castana-cover-product-image.webp","datePublished":"2024-04-02T23:22:01+00:00","dateModified":"2025-01-27T19:55:54+00:00","description":"Die Amazonaskastanie stammt von den majest\u00e4tischen B\u00e4umen des Departements Madre de Dios, ihr Verzehr tr\u00e4gt zur Erhaltung und nachhaltigen Bewirtschaftung der Artenvielfalt der W\u00e4lder des Departements bei.","breadcrumb":{"@id":"https:\/\/candelaorganic.com\/de\/producto\/amazonas-kastanie\/#breadcrumb"},"inLanguage":"de","potentialAction":[{"@type":"ReadAction","target":["https:\/\/candelaorganic.com\/de\/producto\/amazonas-kastanie\/"]}]},{"@type":"ImageObject","inLanguage":"de","@id":"https:\/\/candelaorganic.com\/de\/producto\/amazonas-kastanie\/#primaryimage","url":"https:\/\/candelaorganic.com\/de\/wp-content\/uploads\/sites\/14\/2024\/04\/Castana-cover-product-image.webp","contentUrl":"https:\/\/candelaorganic.com\/de\/wp-content\/uploads\/sites\/14\/2024\/04\/Castana-cover-product-image.webp","width":1070,"height":1080},{"@type":"BreadcrumbList","@id":"https:\/\/candelaorganic.com\/de\/producto\/amazonas-kastanie\/#breadcrumb","itemListElement":[{"@type":"ListItem","position":1,"name":"Produkte","item":"https:\/\/candelaorganic.com\/de\/produkte\/"},{"@type":"ListItem","position":2,"name":"Massennahrung","item":"https:\/\/candelaorganic.com\/de\/tienda\/massennahrung\/"},{"@type":"ListItem","position":3,"name":"Trockenfr\u00fcchte und N\u00fcsse","item":"https:\/\/candelaorganic.com\/de\/tienda\/massennahrung\/trockenfruechte-und-nuesse-masse\/"},{"@type":"ListItem","position":4,"name":"Amazonas-Kastanie"}]},{"@type":"WebSite","@id":"https:\/\/candelaorganic.com\/de\/#website","url":"https:\/\/candelaorganic.com\/de\/","name":"Candela Organic","description":"Wir erh\u00f6hen die Lebensmittelstandards","publisher":{"@id":"https:\/\/candelaorganic.com\/de\/#organization"},"potentialAction":[{"@type":"SearchAction","target":{"@type":"EntryPoint","urlTemplate":"https:\/\/candelaorganic.com\/de\/?s={search_term_string}"},"query-input":{"@type":"PropertyValueSpecification","valueRequired":true,"valueName":"search_term_string"}}],"inLanguage":"de"},{"@type":"Organization","@id":"https:\/\/candelaorganic.com\/de\/#organization","name":"Candela Organic","url":"https:\/\/candelaorganic.com\/de\/","logo":{"@type":"ImageObject","inLanguage":"de","@id":"https:\/\/candelaorganic.com\/de\/#\/schema\/logo\/image\/","url":"https:\/\/candelaorganic.com\/de\/wp-content\/uploads\/sites\/14\/2024\/04\/Logotype.webp","contentUrl":"https:\/\/candelaorganic.com\/de\/wp-content\/uploads\/sites\/14\/2024\/04\/Logotype.webp","width":256,"height":52,"caption":"Candela Organic"},"image":{"@id":"https:\/\/candelaorganic.com\/de\/#\/schema\/logo\/image\/"}}]}},"_links":{"self":[{"href":"https:\/\/candelaorganic.com\/de\/wp-json\/wp\/v2\/product\/11585"}],"collection":[{"href":"https:\/\/candelaorganic.com\/de\/wp-json\/wp\/v2\/product"}],"about":[{"href":"https:\/\/candelaorganic.com\/de\/wp-json\/wp\/v2\/types\/product"}],"replies":[{"embeddable":true,"href":"https:\/\/candelaorganic.com\/de\/wp-json\/wp\/v2\/comments?post=11585"}],"wp:featuredmedia":[{"embeddable":true,"href":"https:\/\/candelaorganic.com\/de\/wp-json\/wp\/v2\/media\/10234"}],"wp:attachment":[{"href":"https:\/\/candelaorganic.com\/de\/wp-json\/wp\/v2\/media?parent=11585"}],"wp:term":[{"taxonomy":"product_cat","embeddable":true,"href":"https:\/\/candelaorganic.com\/de\/wp-json\/wp\/v2\/product_cat?post=11585"},{"taxonomy":"product_tag","embeddable":true,"href":"https:\/\/candelaorganic.com\/de\/wp-json\/wp\/v2\/product_tag?post=11585"}],"curies":[{"name":"wp","href":"https:\/\/api.w.org\/{rel}","templated":true}]}}