{"id":11579,"date":"2024-04-03T00:59:46","date_gmt":"2024-04-02T22:59:46","guid":{"rendered":"https:\/\/candelaorganic.com\/de\/?post_type=product&#038;p=11579"},"modified":"2025-01-27T20:40:55","modified_gmt":"2025-01-27T19:40:55","slug":"dehydrierter-bio-aguaymanto","status":"publish","type":"product","link":"https:\/\/candelaorganic.com\/de\/producto\/dehydrierter-bio-aguaymanto\/","title":{"rendered":"Dehydrierter Bio-Aguaymanto"},"content":{"rendered":"<p>Getrocknetes Aguaymanto, auch bekannt als Frucht der Inkas oder Physalis, durchl\u00e4uft einen sorgf\u00e4ltigen Prozess, der mit einer sorgf\u00e4ltigen Auswahl beginnt, gefolgt von gr\u00fcndlichem Waschen und Desinfizieren und schlie\u00dflich mit der Umwandlung in eine verlockende dehydrierte Form endet. Die goldene Frucht mit einer rosinen\u00e4hnlichen Konsistenz besticht nicht nur optisch durch ihren strahlenden Farbton, sondern hat auch ein k\u00f6stliches Geschmacksprofil, das von s\u00fc\u00df bis mild s\u00e4uerlich reicht und sie zu einer charmanten kulinarischen Delikatesse macht.<\/p>\n<p>&nbsp;<\/p>\n<p><strong><span class=\"subtitle\" style=\"color: #f1b434;\">FUNKTIONEN UND VORTEILE<\/span><\/strong><\/p>\n<p>Physalis Peruviana oder Aguaymanto hat mehrere gesundheitliche Vorteile, die es von anderen Superfoods unterscheiden. Sein au\u00dfergew\u00f6hnlicher Ballaststoffgehalt f\u00f6rdert die Verdauung und Gewichtskontrolle, w\u00e4hrend sein beeindruckender Vitamin-C-Gehalt die Immunit\u00e4t verbessert. Das bemerkenswerte Vorhandensein von Kalzium und Eisen tr\u00e4gt zur Knochengesundheit und zum Energiestoffwechsel bei. Trotz ihres etwas h\u00f6heren Kaloriengehalts kann die Kombination aus gesunden Fetten und Proteinen in Goldbeeren helfen, den Appetit zu kontrollieren. Die Einbeziehung von Goldbeeren in eine ausgewogene Ern\u00e4hrung kann einen N\u00e4hrwertvorteil bieten, der sie von anderen \u00e4hnlichen Fr\u00fcchten unterscheidet.<\/p>\n<ul>\n<li>Reichlich Ballaststoffe: Goldbeeren enthalten 21,4 g Ballaststoffe und f\u00f6rdern so die Verdauung und Gewichtskontrolle.<\/li>\n<li>Vitamin-C-Power: Goldbeeren st\u00e4rken das Immunsystem und die Hautgesundheit.<\/li>\n<li>Kombination von Mineralien: Durch die Bereitstellung von Kalzium und Eisen f\u00f6rdern Goldbeeren Knochen und Energie.<\/li>\n<li>Ausgewogene Ern\u00e4hrung: Die enthaltenen Proteine \u200b\u200bund gesunden Fette helfen, den Appetit zu kontrollieren.<\/li>\n<li>N\u00e4hrstoffdichte: Goldenberries zeichnen sich durch ihr einzigartiges Profil aus und bieten Vorteile, die \u00fcber typische Fr\u00fcchte hinausgehen.<\/li>\n<\/ul>\n","protected":false},"excerpt":{"rendered":"<p><strong><span class=\"subtitle\" style=\"color: #f1b434;\">\/ PHYSALIS PERUVIANA \/<\/span><\/strong><\/p>\n<p>Diese in Peru beheimatete goldene Andenfrucht (Physalis peruviana) wurde von vielen alten Kulturen gesch\u00e4tzt und gilt heute als Superfood. Wenn sie Saison haben, trocknen wir frische Aguaymantos, um ihren bitters\u00fc\u00dfen Geschmack und ihr Aroma zu konzentrieren. Getrocknete Aguaymantos sind ein k\u00f6stlicher Snack, der reich an Antioxidantien ist.<\/p>\n","protected":false},"featured_media":10120,"comment_status":"open","ping_status":"closed","template":"","meta":{"editor_notices":[]},"product_cat":[61],"product_tag":[],"yoast_head":"<!-- This site is optimized with the Yoast SEO plugin v23.5 - https:\/\/yoast.com\/wordpress\/plugins\/seo\/ -->\n<title>Dehydrierter Bio-Aguaymanto - Candela Organic<\/title>\n<meta name=\"description\" content=\"Diese in Peru beheimatete goldene Andenfrucht (Physalis peruviana) wurde von vielen alten Kulturen gesch\u00e4tzt und gilt heute als Superfood. Wenn sie Saison haben, trocknen wir frische Aguaymantos, um ihren bitters\u00fc\u00dfen Geschmack und ihr Aroma zu konzentrieren. Getrocknete Aguaymantos sind ein k\u00f6stlicher Snack, der reich an Antioxidantien ist.\" \/>\n<meta name=\"robots\" content=\"index, follow, max-snippet:-1, max-image-preview:large, max-video-preview:-1\" \/>\n<link rel=\"canonical\" href=\"https:\/\/candelaorganic.com\/de\/producto\/dehydrierter-bio-aguaymanto\/\" \/>\n<meta property=\"og:locale\" content=\"de_DE\" \/>\n<meta property=\"og:type\" content=\"article\" \/>\n<meta property=\"og:title\" content=\"Dehydrierter Bio-Aguaymanto - Candela Organic\" \/>\n<meta property=\"og:description\" content=\"Diese in Peru beheimatete goldene Andenfrucht (Physalis peruviana) wurde von vielen alten Kulturen gesch\u00e4tzt und gilt heute als Superfood. Wenn sie Saison haben, trocknen wir frische Aguaymantos, um ihren bitters\u00fc\u00dfen Geschmack und ihr Aroma zu konzentrieren. Getrocknete Aguaymantos sind ein k\u00f6stlicher Snack, der reich an Antioxidantien ist.\" \/>\n<meta property=\"og:url\" content=\"https:\/\/candelaorganic.com\/de\/producto\/dehydrierter-bio-aguaymanto\/\" \/>\n<meta property=\"og:site_name\" content=\"Candela Organic\" \/>\n<meta property=\"article:modified_time\" content=\"2025-01-27T19:40:55+00:00\" \/>\n<meta property=\"og:image\" content=\"https:\/\/candelaorganic.com\/de\/wp-content\/uploads\/sites\/14\/2024\/04\/Aguaymanto-cover-product-image.webp\" \/>\n\t<meta property=\"og:image:width\" content=\"1070\" \/>\n\t<meta property=\"og:image:height\" content=\"1080\" \/>\n\t<meta property=\"og:image:type\" content=\"image\/webp\" \/>\n<meta name=\"twitter:card\" content=\"summary_large_image\" \/>\n<meta name=\"twitter:label1\" content=\"Gesch\u00e4tzte Lesezeit\" \/>\n\t<meta name=\"twitter:data1\" content=\"2\u00a0Minuten\" \/>\n<script type=\"application\/ld+json\" class=\"yoast-schema-graph\">{\"@context\":\"https:\/\/schema.org\",\"@graph\":[{\"@type\":\"WebPage\",\"@id\":\"https:\/\/candelaorganic.com\/de\/producto\/dehydrierter-bio-aguaymanto\/\",\"url\":\"https:\/\/candelaorganic.com\/de\/producto\/dehydrierter-bio-aguaymanto\/\",\"name\":\"Dehydrierter Bio-Aguaymanto - Candela Organic\",\"isPartOf\":{\"@id\":\"https:\/\/candelaorganic.com\/de\/#website\"},\"primaryImageOfPage\":{\"@id\":\"https:\/\/candelaorganic.com\/de\/producto\/dehydrierter-bio-aguaymanto\/#primaryimage\"},\"image\":{\"@id\":\"https:\/\/candelaorganic.com\/de\/producto\/dehydrierter-bio-aguaymanto\/#primaryimage\"},\"thumbnailUrl\":\"https:\/\/candelaorganic.com\/de\/wp-content\/uploads\/sites\/14\/2024\/04\/Aguaymanto-cover-product-image.webp\",\"datePublished\":\"2024-04-02T22:59:46+00:00\",\"dateModified\":\"2025-01-27T19:40:55+00:00\",\"description\":\"Diese in Peru beheimatete goldene Andenfrucht (Physalis peruviana) wurde von vielen alten Kulturen gesch\u00e4tzt und gilt heute als Superfood. Wenn sie Saison haben, trocknen wir frische Aguaymantos, um ihren bitters\u00fc\u00dfen Geschmack und ihr Aroma zu konzentrieren. Getrocknete Aguaymantos sind ein k\u00f6stlicher Snack, der reich an Antioxidantien ist.\",\"breadcrumb\":{\"@id\":\"https:\/\/candelaorganic.com\/de\/producto\/dehydrierter-bio-aguaymanto\/#breadcrumb\"},\"inLanguage\":\"de\",\"potentialAction\":[{\"@type\":\"ReadAction\",\"target\":[\"https:\/\/candelaorganic.com\/de\/producto\/dehydrierter-bio-aguaymanto\/\"]}]},{\"@type\":\"ImageObject\",\"inLanguage\":\"de\",\"@id\":\"https:\/\/candelaorganic.com\/de\/producto\/dehydrierter-bio-aguaymanto\/#primaryimage\",\"url\":\"https:\/\/candelaorganic.com\/de\/wp-content\/uploads\/sites\/14\/2024\/04\/Aguaymanto-cover-product-image.webp\",\"contentUrl\":\"https:\/\/candelaorganic.com\/de\/wp-content\/uploads\/sites\/14\/2024\/04\/Aguaymanto-cover-product-image.webp\",\"width\":1070,\"height\":1080},{\"@type\":\"BreadcrumbList\",\"@id\":\"https:\/\/candelaorganic.com\/de\/producto\/dehydrierter-bio-aguaymanto\/#breadcrumb\",\"itemListElement\":[{\"@type\":\"ListItem\",\"position\":1,\"name\":\"Produkte\",\"item\":\"https:\/\/candelaorganic.com\/de\/produkte\/\"},{\"@type\":\"ListItem\",\"position\":2,\"name\":\"Massennahrung\",\"item\":\"https:\/\/candelaorganic.com\/de\/tienda\/massennahrung\/\"},{\"@type\":\"ListItem\",\"position\":3,\"name\":\"Trockenfr\u00fcchte und N\u00fcsse\",\"item\":\"https:\/\/candelaorganic.com\/de\/tienda\/massennahrung\/trockenfruechte-und-nuesse-masse\/\"},{\"@type\":\"ListItem\",\"position\":4,\"name\":\"Dehydrierter Bio-Aguaymanto\"}]},{\"@type\":\"WebSite\",\"@id\":\"https:\/\/candelaorganic.com\/de\/#website\",\"url\":\"https:\/\/candelaorganic.com\/de\/\",\"name\":\"Candela Organic\",\"description\":\"Wir erh\u00f6hen die Lebensmittelstandards\",\"publisher\":{\"@id\":\"https:\/\/candelaorganic.com\/de\/#organization\"},\"potentialAction\":[{\"@type\":\"SearchAction\",\"target\":{\"@type\":\"EntryPoint\",\"urlTemplate\":\"https:\/\/candelaorganic.com\/de\/?s={search_term_string}\"},\"query-input\":{\"@type\":\"PropertyValueSpecification\",\"valueRequired\":true,\"valueName\":\"search_term_string\"}}],\"inLanguage\":\"de\"},{\"@type\":\"Organization\",\"@id\":\"https:\/\/candelaorganic.com\/de\/#organization\",\"name\":\"Candela Organic\",\"url\":\"https:\/\/candelaorganic.com\/de\/\",\"logo\":{\"@type\":\"ImageObject\",\"inLanguage\":\"de\",\"@id\":\"https:\/\/candelaorganic.com\/de\/#\/schema\/logo\/image\/\",\"url\":\"https:\/\/candelaorganic.com\/de\/wp-content\/uploads\/sites\/14\/2024\/04\/Logotype.webp\",\"contentUrl\":\"https:\/\/candelaorganic.com\/de\/wp-content\/uploads\/sites\/14\/2024\/04\/Logotype.webp\",\"width\":256,\"height\":52,\"caption\":\"Candela Organic\"},\"image\":{\"@id\":\"https:\/\/candelaorganic.com\/de\/#\/schema\/logo\/image\/\"}}]}<\/script>\n<!-- \/ Yoast SEO plugin. -->","yoast_head_json":{"title":"Dehydrierter Bio-Aguaymanto - Candela Organic","description":"Diese in Peru beheimatete goldene Andenfrucht (Physalis peruviana) wurde von vielen alten Kulturen gesch\u00e4tzt und gilt heute als Superfood. Wenn sie Saison haben, trocknen wir frische Aguaymantos, um ihren bitters\u00fc\u00dfen Geschmack und ihr Aroma zu konzentrieren. Getrocknete Aguaymantos sind ein k\u00f6stlicher Snack, der reich an Antioxidantien ist.","robots":{"index":"index","follow":"follow","max-snippet":"max-snippet:-1","max-image-preview":"max-image-preview:large","max-video-preview":"max-video-preview:-1"},"canonical":"https:\/\/candelaorganic.com\/de\/producto\/dehydrierter-bio-aguaymanto\/","og_locale":"de_DE","og_type":"article","og_title":"Dehydrierter Bio-Aguaymanto - Candela Organic","og_description":"Diese in Peru beheimatete goldene Andenfrucht (Physalis peruviana) wurde von vielen alten Kulturen gesch\u00e4tzt und gilt heute als Superfood. Wenn sie Saison haben, trocknen wir frische Aguaymantos, um ihren bitters\u00fc\u00dfen Geschmack und ihr Aroma zu konzentrieren. Getrocknete Aguaymantos sind ein k\u00f6stlicher Snack, der reich an Antioxidantien ist.","og_url":"https:\/\/candelaorganic.com\/de\/producto\/dehydrierter-bio-aguaymanto\/","og_site_name":"Candela Organic","article_modified_time":"2025-01-27T19:40:55+00:00","og_image":[{"width":1070,"height":1080,"url":"https:\/\/candelaorganic.com\/de\/wp-content\/uploads\/sites\/14\/2024\/04\/Aguaymanto-cover-product-image.webp","type":"image\/webp"}],"twitter_card":"summary_large_image","twitter_misc":{"Gesch\u00e4tzte Lesezeit":"2\u00a0Minuten"},"schema":{"@context":"https:\/\/schema.org","@graph":[{"@type":"WebPage","@id":"https:\/\/candelaorganic.com\/de\/producto\/dehydrierter-bio-aguaymanto\/","url":"https:\/\/candelaorganic.com\/de\/producto\/dehydrierter-bio-aguaymanto\/","name":"Dehydrierter Bio-Aguaymanto - Candela Organic","isPartOf":{"@id":"https:\/\/candelaorganic.com\/de\/#website"},"primaryImageOfPage":{"@id":"https:\/\/candelaorganic.com\/de\/producto\/dehydrierter-bio-aguaymanto\/#primaryimage"},"image":{"@id":"https:\/\/candelaorganic.com\/de\/producto\/dehydrierter-bio-aguaymanto\/#primaryimage"},"thumbnailUrl":"https:\/\/candelaorganic.com\/de\/wp-content\/uploads\/sites\/14\/2024\/04\/Aguaymanto-cover-product-image.webp","datePublished":"2024-04-02T22:59:46+00:00","dateModified":"2025-01-27T19:40:55+00:00","description":"Diese in Peru beheimatete goldene Andenfrucht (Physalis peruviana) wurde von vielen alten Kulturen gesch\u00e4tzt und gilt heute als Superfood. Wenn sie Saison haben, trocknen wir frische Aguaymantos, um ihren bitters\u00fc\u00dfen Geschmack und ihr Aroma zu konzentrieren. Getrocknete Aguaymantos sind ein k\u00f6stlicher Snack, der reich an Antioxidantien ist.","breadcrumb":{"@id":"https:\/\/candelaorganic.com\/de\/producto\/dehydrierter-bio-aguaymanto\/#breadcrumb"},"inLanguage":"de","potentialAction":[{"@type":"ReadAction","target":["https:\/\/candelaorganic.com\/de\/producto\/dehydrierter-bio-aguaymanto\/"]}]},{"@type":"ImageObject","inLanguage":"de","@id":"https:\/\/candelaorganic.com\/de\/producto\/dehydrierter-bio-aguaymanto\/#primaryimage","url":"https:\/\/candelaorganic.com\/de\/wp-content\/uploads\/sites\/14\/2024\/04\/Aguaymanto-cover-product-image.webp","contentUrl":"https:\/\/candelaorganic.com\/de\/wp-content\/uploads\/sites\/14\/2024\/04\/Aguaymanto-cover-product-image.webp","width":1070,"height":1080},{"@type":"BreadcrumbList","@id":"https:\/\/candelaorganic.com\/de\/producto\/dehydrierter-bio-aguaymanto\/#breadcrumb","itemListElement":[{"@type":"ListItem","position":1,"name":"Produkte","item":"https:\/\/candelaorganic.com\/de\/produkte\/"},{"@type":"ListItem","position":2,"name":"Massennahrung","item":"https:\/\/candelaorganic.com\/de\/tienda\/massennahrung\/"},{"@type":"ListItem","position":3,"name":"Trockenfr\u00fcchte und N\u00fcsse","item":"https:\/\/candelaorganic.com\/de\/tienda\/massennahrung\/trockenfruechte-und-nuesse-masse\/"},{"@type":"ListItem","position":4,"name":"Dehydrierter Bio-Aguaymanto"}]},{"@type":"WebSite","@id":"https:\/\/candelaorganic.com\/de\/#website","url":"https:\/\/candelaorganic.com\/de\/","name":"Candela Organic","description":"Wir erh\u00f6hen die Lebensmittelstandards","publisher":{"@id":"https:\/\/candelaorganic.com\/de\/#organization"},"potentialAction":[{"@type":"SearchAction","target":{"@type":"EntryPoint","urlTemplate":"https:\/\/candelaorganic.com\/de\/?s={search_term_string}"},"query-input":{"@type":"PropertyValueSpecification","valueRequired":true,"valueName":"search_term_string"}}],"inLanguage":"de"},{"@type":"Organization","@id":"https:\/\/candelaorganic.com\/de\/#organization","name":"Candela Organic","url":"https:\/\/candelaorganic.com\/de\/","logo":{"@type":"ImageObject","inLanguage":"de","@id":"https:\/\/candelaorganic.com\/de\/#\/schema\/logo\/image\/","url":"https:\/\/candelaorganic.com\/de\/wp-content\/uploads\/sites\/14\/2024\/04\/Logotype.webp","contentUrl":"https:\/\/candelaorganic.com\/de\/wp-content\/uploads\/sites\/14\/2024\/04\/Logotype.webp","width":256,"height":52,"caption":"Candela Organic"},"image":{"@id":"https:\/\/candelaorganic.com\/de\/#\/schema\/logo\/image\/"}}]}},"_links":{"self":[{"href":"https:\/\/candelaorganic.com\/de\/wp-json\/wp\/v2\/product\/11579"}],"collection":[{"href":"https:\/\/candelaorganic.com\/de\/wp-json\/wp\/v2\/product"}],"about":[{"href":"https:\/\/candelaorganic.com\/de\/wp-json\/wp\/v2\/types\/product"}],"replies":[{"embeddable":true,"href":"https:\/\/candelaorganic.com\/de\/wp-json\/wp\/v2\/comments?post=11579"}],"wp:featuredmedia":[{"embeddable":true,"href":"https:\/\/candelaorganic.com\/de\/wp-json\/wp\/v2\/media\/10120"}],"wp:attachment":[{"href":"https:\/\/candelaorganic.com\/de\/wp-json\/wp\/v2\/media?parent=11579"}],"wp:term":[{"taxonomy":"product_cat","embeddable":true,"href":"https:\/\/candelaorganic.com\/de\/wp-json\/wp\/v2\/product_cat?post=11579"},{"taxonomy":"product_tag","embeddable":true,"href":"https:\/\/candelaorganic.com\/de\/wp-json\/wp\/v2\/product_tag?post=11579"}],"curies":[{"name":"wp","href":"https:\/\/api.w.org\/{rel}","templated":true}]}}